{"id":97640,"date":"2025-05-08T14:10:48","date_gmt":"2025-05-08T12:10:48","guid":{"rendered":"https:\/\/fanzone.oddset.de\/?page_id=97640"},"modified":"2025-05-26T10:00:21","modified_gmt":"2025-05-26T08:00:21","slug":"eishockey-wm-2025","status":"publish","type":"page","link":"https:\/\/www.oddset.de\/blog\/eishockey-wetten\/eishockey-wm-2025\/","title":{"rendered":"Eishockey-WM 2025 vom 9. bis 25. Mai"},"content":{"rendered":"\t\t<div data-elementor-type=\"wp-page\" data-elementor-id=\"97640\" class=\"elementor elementor-97640\">\n\t\t\t\t\t\t<section class=\"elementor-section elementor-top-section elementor-element elementor-element-acb08eb elementor-section-boxed elementor-section-height-default elementor-section-height-default\" data-id=\"acb08eb\" data-element_type=\"section\">\n\t\t\t\t\t\t<div class=\"elementor-container elementor-column-gap-default\">\n\t\t\t\t\t<div class=\"elementor-column elementor-col-33 elementor-top-column elementor-element elementor-element-a96c894\" data-id=\"a96c894\" data-element_type=\"column\">\n\t\t\t<div class=\"elementor-widget-wrap\">\n\t\t\t\t\t\t\t<\/div>\n\t\t<\/div>\n\t\t\t\t<div class=\"elementor-column elementor-col-33 elementor-top-column elementor-element elementor-element-b280b6b\" data-id=\"b280b6b\" data-element_type=\"column\">\n\t\t\t<div class=\"elementor-widget-wrap elementor-element-populated\">\n\t\t\t\t\t\t<div class=\"elementor-element elementor-element-efd4740 elementor-widget elementor-widget-html\" data-id=\"efd4740\" data-element_type=\"widget\" data-widget_type=\"html.default\">\n\t\t\t\t<div class=\"elementor-widget-container\">\n\t\t\t\t\t<div class='hidden'>no entries for sport = t-5419,t-15869129<\/div>\t\t\t\t<\/div>\n\t\t\t\t<\/div>\n\t\t\t\t\t<\/div>\n\t\t<\/div>\n\t\t\t\t<div class=\"elementor-column elementor-col-33 elementor-top-column elementor-element elementor-element-dcd8c3d\" data-id=\"dcd8c3d\" data-element_type=\"column\">\n\t\t\t<div class=\"elementor-widget-wrap\">\n\t\t\t\t\t\t\t<\/div>\n\t\t<\/div>\n\t\t\t\t\t<\/div>\n\t\t<\/section>\n\t\t\t\t<section class=\"elementor-section elementor-top-section elementor-element elementor-element-7c11868e elementor-section-boxed elementor-section-height-default elementor-section-height-default\" data-id=\"7c11868e\" data-element_type=\"section\">\n\t\t\t\t\t\t<div class=\"elementor-container elementor-column-gap-default\">\n\t\t\t\t\t<div class=\"elementor-column elementor-col-100 elementor-top-column elementor-element elementor-element-2ea79689\" data-id=\"2ea79689\" data-element_type=\"column\">\n\t\t\t<div class=\"elementor-widget-wrap elementor-element-populated\">\n\t\t\t\t\t\t<div class=\"elementor-element elementor-element-47b965a elementor-widget elementor-widget-text-editor\" data-id=\"47b965a\" data-element_type=\"widget\" data-widget_type=\"text-editor.default\">\n\t\t\t\t<div class=\"elementor-widget-container\">\n\t\t\t\t\t\t\t\t\t<p>Eishockey-WM 2025, die schnellste Mannschaftssportart der Welt sucht ihren neuen Weltmeister. Titelverteidiger sind die Tschechen \ud83c\udde8\ud83c\uddff, die schlugen im letzten Jahr die Schweiz im Finale mit 2:0.<\/p><p>Spannender ist jedoch der R\u00fcckblick auf <strong>2023<\/strong>, damals holten die Kanadier \ud83c\udde8\ud83c\udde6\u00a0 zum 28. Mal den Titel beim Spiel mit dem Puck auf dem Eis. Nicht \u00fcberraschend, schlie\u00dflich haben die Ahornbl\u00e4tter gemeinsam mit den US-Amerikanern die gr\u00f6\u00dfte Liga der Welt: die NHL \u2013 National Hockey League. \u00dcberraschend war bei den Titelk\u00e4mpfen eher der Endspielgegner der Kanadier, denn der hie\u00df Deutschland! Trotz des starken Auftritts vor zwei Jahren geh\u00f6ren die deutschen Kufencracks nun beim Turnier in Schweden und D\u00e4nemark nicht zu den Favoriten. Aber wie sagte der deutsche Kapit\u00e4n Moritz Seider, der in der NHL f\u00fcr die Detroit Red Wings auf dem Eis steht: &#8222;Wenn wir gut ins Turnier kommen, ist alles m\u00f6glich!&#8220;<\/p>\t\t\t\t\t\t\t\t<\/div>\n\t\t\t\t<\/div>\n\t\t\t\t<div class=\"elementor-element elementor-element-574fd0c elementor-align-right elementor-widget elementor-widget-button\" data-id=\"574fd0c\" data-element_type=\"widget\" data-widget_type=\"button.default\">\n\t\t\t\t<div class=\"elementor-widget-container\">\n\t\t\t\t\t\t\t\t\t<div class=\"elementor-button-wrapper\">\n\t\t\t\t\t<a class=\"elementor-button elementor-button-link elementor-size-sm\" href=\"https:\/\/oddset.de\/blog\/eishockey-wetten\/eishockey-wm-2025\/#WM-Aufgebot-Deutschland\">\n\t\t\t\t\t\t<span class=\"elementor-button-content-wrapper\">\n\t\t\t\t\t\t\t\t\t<span class=\"elementor-button-text\">Zum WM-Aufgebot-Deutschlands<\/span>\n\t\t\t\t\t<\/span>\n\t\t\t\t\t<\/a>\n\t\t\t\t<\/div>\n\t\t\t\t\t\t\t\t<\/div>\n\t\t\t\t<\/div>\n\t\t\t\t<div class=\"elementor-element elementor-element-68c53f18 elementor-position-left elementor-view-default elementor-mobile-position-top elementor-widget elementor-widget-icon-box\" data-id=\"68c53f18\" data-element_type=\"widget\" data-widget_type=\"icon-box.default\">\n\t\t\t\t<div class=\"elementor-widget-container\">\n\t\t\t\t\t\t\t<div class=\"elementor-icon-box-wrapper\">\n\n\t\t\t\t\t\t<div class=\"elementor-icon-box-icon\">\n\t\t\t\t<span  class=\"elementor-icon\">\n\t\t\t\t<i aria-hidden=\"true\" class=\"fas fa-tv\"><\/i>\t\t\t\t<\/span>\n\t\t\t<\/div>\n\t\t\t\n\t\t\t\t\t\t<div class=\"elementor-icon-box-content\">\n\n\t\t\t\t\t\t\t\t\t<h3 class=\"elementor-icon-box-title\">\n\t\t\t\t\t\t<span  >\n\t\t\t\t\t\t\tDie Eishockey-WM im TV oder Livestream\t\t\t\t\t\t<\/span>\n\t\t\t\t\t<\/h3>\n\t\t\t\t\n\t\t\t\t\t\t\t\t\t<p class=\"elementor-icon-box-description\">\n\t\t\t\t\t\tAlle Spiele der <b>deutschen Nationalmannschaft<\/b> werden von <b>ProSieben<\/b> \u00fcbertragen, weitere Spiele werden auf <b>ProSieben MAXX<\/b> gezeigt. Dazu im Stream auf <b>ran.de<\/b>, <b>Joyn<\/b> und <b>Sportdeutschland.TV<\/b> sowie bei <b>Magenta Sport<\/b>.\t\t\t\t\t<\/p>\n\t\t\t\t\n\t\t\t<\/div>\n\t\t\t\n\t\t<\/div>\n\t\t\t\t\t\t<\/div>\n\t\t\t\t<\/div>\n\t\t\t\t\t<\/div>\n\t\t<\/div>\n\t\t\t\t\t<\/div>\n\t\t<\/section>\n\t\t\t\t<section class=\"elementor-section elementor-top-section elementor-element elementor-element-f21068c elementor-section-boxed elementor-section-height-default elementor-section-height-default\" data-id=\"f21068c\" data-element_type=\"section\">\n\t\t\t\t\t\t<div class=\"elementor-container elementor-column-gap-default\">\n\t\t\t\t\t<div class=\"elementor-column elementor-col-100 elementor-top-column elementor-element elementor-element-633918c\" data-id=\"633918c\" data-element_type=\"column\">\n\t\t\t<div class=\"elementor-widget-wrap elementor-element-populated\">\n\t\t\t\t\t\t<div class=\"elementor-element elementor-element-d02d498 elementor-widget elementor-widget-text-editor\" data-id=\"d02d498\" data-element_type=\"widget\" data-widget_type=\"text-editor.default\">\n\t\t\t\t<div class=\"elementor-widget-container\">\n\t\t\t\t\t\t\t\t\t<hr \/><h3>\ud83e\udd45 Turniermodus\ud83c\udfd2<\/h3><p class=\"textabsatz m-ten m-offset-one l-eight l-offset-two columns twelve\">16 Mannschaften spielen im schwedischen Stockholm und im d\u00e4nischen Herning um die Eishockey-WM. Die Teilnehmer wurden in <strong>zwei Vorrundengruppen<\/strong> mit jeweils acht Teams aufgeteilt. Innerhalb der Gruppe spielt jeder gegen jeden, die <strong>ersten vier<\/strong> erreichen das <strong>Viertelfinale<\/strong>. Ab dort geht&#8217;s im <strong>K.-o.-Modus<\/strong> bis zum Finale am <strong>25. Mai<\/strong> in Stockholm. Insgesamt<strong> 64 Spiele<\/strong> werden die Eishockey-Fans sehen.<\/p>\t\t\t\t\t\t\t\t<\/div>\n\t\t\t\t<\/div>\n\t\t\t\t<section class=\"elementor-section elementor-inner-section elementor-element elementor-element-7b9ff35 elementor-section-boxed elementor-section-height-default elementor-section-height-default\" data-id=\"7b9ff35\" data-element_type=\"section\">\n\t\t\t\t\t\t<div class=\"elementor-container elementor-column-gap-default\">\n\t\t\t\t\t<div class=\"elementor-column elementor-col-50 elementor-inner-column elementor-element elementor-element-5468381\" data-id=\"5468381\" data-element_type=\"column\">\n\t\t\t<div class=\"elementor-widget-wrap elementor-element-populated\">\n\t\t\t\t\t\t<div class=\"elementor-element elementor-element-91b36a1 elementor-widget elementor-widget-text-editor\" data-id=\"91b36a1\" data-element_type=\"widget\" data-widget_type=\"text-editor.default\">\n\t\t\t\t<div class=\"elementor-widget-container\">\n\t\t\t\t\t\t\t\t\t<p class=\"textabsatz m-ten m-offset-one l-eight l-offset-two columns twelve\"><span style=\"text-decoration: underline;\"><strong>Gruppe A<\/strong> (Stockholm)<\/span><\/p><p class=\"textabsatz m-ten m-offset-one l-eight l-offset-two columns twelve\">1. Kanada \u2022 19 Pkte<br \/>2. Schweden \u2022 18 Pkte<br \/>3. Finnland \u2022 16 Pkte<br \/><span style=\"text-decoration: underline;\">4. \u00d6sterreich \u2022 10 Pkte<\/span><br \/>5. Lettland \u2022 9 Pkte<br \/>6. Slowakei \u2022 7 Pkte<br \/>7. Slowenien \u2022 4 Pkte<br \/>8. Frankreich \u2022 1 Pkt<\/p>\t\t\t\t\t\t\t\t<\/div>\n\t\t\t\t<\/div>\n\t\t\t\t\t<\/div>\n\t\t<\/div>\n\t\t\t\t<div class=\"elementor-column elementor-col-50 elementor-inner-column elementor-element elementor-element-3797a41\" data-id=\"3797a41\" data-element_type=\"column\">\n\t\t\t<div class=\"elementor-widget-wrap elementor-element-populated\">\n\t\t\t\t\t\t<div class=\"elementor-element elementor-element-18f946b elementor-widget elementor-widget-text-editor\" data-id=\"18f946b\" data-element_type=\"widget\" data-widget_type=\"text-editor.default\">\n\t\t\t\t<div class=\"elementor-widget-container\">\n\t\t\t\t\t\t\t\t\t<p class=\"textabsatz m-ten m-offset-one l-eight l-offset-two columns twelve\"><span style=\"text-decoration: underline;\"><strong>Gruppe B<\/strong> (Herning):<\/span><\/p><p>1. Schweiz \u2022 19 Pkte<br \/>2. USA \u2022 17 Pkte<br \/>3. Tschechien \u2022 17 Pkte<br \/><span style=\"text-decoration: underline;\">4. D\u00e4nemark \u2022 11 Pkte<\/span><br \/>5. Deutschland \u2022 10 Pkte<br \/>6. Norwegen \u2022 4 Pkte<br \/>7. Ungarn \u2022 3 Pkte<br \/>8. Kasachstan \u2022 3 Pkte<\/p>\t\t\t\t\t\t\t\t<\/div>\n\t\t\t\t<\/div>\n\t\t\t\t\t<\/div>\n\t\t<\/div>\n\t\t\t\t\t<\/div>\n\t\t<\/section>\n\t\t\t\t<div class=\"elementor-element elementor-element-62c2736 elementor-widget elementor-widget-heading\" data-id=\"62c2736\" data-element_type=\"widget\" data-widget_type=\"heading.default\">\n\t\t\t\t<div class=\"elementor-widget-container\">\n\t\t\t\t\t<h2 class=\"elementor-heading-title elementor-size-default\">Spielplan Vorrunde (9.-20.5.)<\/h2>\t\t\t\t<\/div>\n\t\t\t\t<\/div>\n\t\t\t\t<section class=\"elementor-section elementor-inner-section elementor-element elementor-element-492f44c elementor-section-boxed elementor-section-height-default elementor-section-height-default\" data-id=\"492f44c\" data-element_type=\"section\">\n\t\t\t\t\t\t<div class=\"elementor-container elementor-column-gap-default\">\n\t\t\t\t\t<div class=\"elementor-column elementor-col-50 elementor-inner-column elementor-element elementor-element-0c5dc79\" data-id=\"0c5dc79\" data-element_type=\"column\">\n\t\t\t<div class=\"elementor-widget-wrap elementor-element-populated\">\n\t\t\t\t\t\t<div class=\"elementor-element elementor-element-871fa86 elementor-widget elementor-widget-text-editor\" data-id=\"871fa86\" data-element_type=\"widget\" data-widget_type=\"text-editor.default\">\n\t\t\t\t<div class=\"elementor-widget-container\">\n\t\t\t\t\t\t\t\t\t<p><em><strong>FR 9.5.<\/strong><\/em><br \/>\u00d6sterreich \u2013 Finnland 1:2<br \/>Schweiz \u2013 Tschechien 4:5<br \/>Schweden \u2013 Slowakei 5:0<br \/>D\u00e4nemark \u2013 USA 0:5<\/p><p><em><strong>SA 10.5.<\/strong><\/em><br \/>Slowenien \u2013 Kanada 0:4<br \/>Norwegen \u2013 Kasachstan 1:2<br \/>Schweden \u2013 \u00d6sterreich 4:2<br \/>Deutschland \u2013 Ungarn 6:1<br \/>Frankreich \u2013 Lettland 1:4<br \/>D\u00e4nemark \u2013 Schweiz 2:5<\/p><p><em><strong>SO 11.5.<\/strong><\/em><br \/>Slowakei \u2013 Slowenien 3:1<br \/>USA \u2013 Ungarn 6:0<br \/>Lettland \u2013 Kanada 1:7<br \/>Deutschland \u2013 Kasachstan 4:1<br \/>Finnland \u2013 Frankreich 4:3 OT<br \/>Norwegen \u2013 Tschechien 1:2<\/p><p><strong>MO 12.5.<\/strong><br \/>\u00d6sterreich \u2013 Slowakei 3:2 n.P.<br \/>USA \u2013 Schweiz 0:3<br \/>Finnland \u2013 Schweden 1:2<br \/>Tschechien \u2013 D\u00e4nemark 7:2<\/p><p><em><strong>DI 13.5.<\/strong><\/em><br \/>Slowenien \u2013 Lettland 2:5 <br \/>Norwegen \u2013 Deutschland 2:5<br \/>Kanada \u2013 Frankreich 5:0<br \/>Kasachstan \u2013 Ungarn 2:4<\/p><p><em><strong>MI 14.5.<\/strong><\/em><br \/>Slowakei \u2013 Frankreich 2:1<br \/>USA \u2013 Norwegen 6:5 OT<br \/>Lettland \u2013 Schweden 0:6<br \/>Kasachstan \u2013 D\u00e4nemark 1:5<\/p><p><em><strong>DO 15.5.<\/strong><\/em><br \/>Finnland \u2013 Slowenien 9:1<br \/>Schweiz \u2013 Deutschland 5:1<br \/>Kanada \u2013 \u00d6sterreich 5:1<br \/>Tschechien \u2013 Ungarn 6:1<\/p>\t\t\t\t\t\t\t\t<\/div>\n\t\t\t\t<\/div>\n\t\t\t\t\t<\/div>\n\t\t<\/div>\n\t\t\t\t<div class=\"elementor-column elementor-col-50 elementor-inner-column elementor-element elementor-element-3f92286\" data-id=\"3f92286\" data-element_type=\"column\">\n\t\t\t<div class=\"elementor-widget-wrap elementor-element-populated\">\n\t\t\t\t\t\t<div class=\"elementor-element elementor-element-515978d elementor-widget elementor-widget-text-editor\" data-id=\"515978d\" data-element_type=\"widget\" data-widget_type=\"text-editor.default\">\n\t\t\t\t<div class=\"elementor-widget-container\">\n\t\t\t\t\t\t\t\t\t<p><em><strong>FR 16.5.<\/strong><\/em><br \/>\u00d6sterreich \u2013 Frankreich 5:2<br \/>Ungarn \u2013 D\u00e4nemark 2:8<br \/>Schweden \u2013 Slowenien 4:0<br \/>Schweiz \u2013 Norwegen 3:0<\/p><p><em><strong>SA 17.5.<\/strong><\/em><br \/>Finnland \u2013 Lettland 2:1<br \/>USA \u2013 Deutschland 6:3<br \/>Frankreich \u2013 Schweden 0:4<br \/>Tschechien \u2013 Kasachstan 8:1<br \/>Kanada \u2013 Slowakei 7:0<br \/>D\u00e4nemark \u2013 Norwegen 6:3<\/p><p><em><strong>SO 18.5.<\/strong><\/em><br \/>Slowenien \u2013 \u00d6sterreich 2:3 n.P.<br \/>Kasachstan \u2013 USA 1:6<br \/>Slowakei \u2013 Lettland 1:5<br \/>Ungarn \u2013 Schweiz 0:10<\/p><p><em><strong>MO 19.5.<\/strong><\/em><br \/>Frankreich \u2013 Slowenien 1:3<br \/>Deutschland \u2013 Tschechien 0:5<br \/>Kanada \u2013 Finnland 1:2 n.P.<br \/>Ungarn \u2013 Norwegen 0:10<\/p><p><em><strong>DI 20.5.<\/strong><\/em><br \/>Lettland \u2013 \u00d6sterreich 1:6<br \/>Schweiz \u2013 Kasachstan 4:1<br \/>Slowakei \u2013 Finnland 1:2<br \/>Tschechien \u2013 USA 2:5<br \/>Schweden \u2013 Kanada 3:5<br \/>Deutschland \u2013 D\u00e4nemark 1:2 n.P.<\/p>\t\t\t\t\t\t\t\t<\/div>\n\t\t\t\t<\/div>\n\t\t\t\t\t<\/div>\n\t\t<\/div>\n\t\t\t\t\t<\/div>\n\t\t<\/section>\n\t\t\t\t<div class=\"elementor-element elementor-element-c71dec3 elementor-widget elementor-widget-text-editor\" data-id=\"c71dec3\" data-element_type=\"widget\" data-widget_type=\"text-editor.default\">\n\t\t\t\t<div class=\"elementor-widget-container\">\n\t\t\t\t\t\t\t\t\t<h2>Finalrunde (22.-25.5.)<\/h2><p><strong>Viertelfinale (alle am 22.5.)<\/strong><\/p><p>Schweiz \u2013 \u00d6sterreich 6:0<\/p><p>USA \u2013 Finnland 5:2<\/p><p>Kanada \u2013 D\u00e4nemark 1:2<\/p><p>Schweden \u2013 Tschechien 5:2<\/p><h3>Halbfinale (24.5.)<\/h3><p>Schweden \u2013 USA 2:6<\/p><p>Schweiz \u2013 D\u00e4nemark 7:0<\/p><h3>Platz 3<\/h3><p>Schweden \u2013 D\u00e4nemark 6:2<\/p><h3>Finale<\/h3><p>Schweiz \u2013 USA 0:1 OT <\/p><p>Torsch\u00fctze <strong>Tage Thomson<\/strong> in Spielminute 63<\/p>\t\t\t\t\t\t\t\t<\/div>\n\t\t\t\t<\/div>\n\t\t\t\t\t<\/div>\n\t\t<\/div>\n\t\t\t\t\t<\/div>\n\t\t<\/section>\n\t\t\t\t<section class=\"elementor-section elementor-top-section elementor-element elementor-element-49664b0 elementor-section-boxed elementor-section-height-default elementor-section-height-default\" data-id=\"49664b0\" data-element_type=\"section\">\n\t\t\t\t\t\t<div class=\"elementor-container elementor-column-gap-default\">\n\t\t\t\t\t<div class=\"elementor-column elementor-col-100 elementor-top-column elementor-element elementor-element-9d9a97a\" data-id=\"9d9a97a\" data-element_type=\"column\">\n\t\t\t<div class=\"elementor-widget-wrap elementor-element-populated\">\n\t\t\t\t\t\t<div class=\"elementor-element elementor-element-d280c4f elementor-widget elementor-widget-menu-anchor\" data-id=\"d280c4f\" data-element_type=\"widget\" data-widget_type=\"menu-anchor.default\">\n\t\t\t\t<div class=\"elementor-widget-container\">\n\t\t\t\t\t\t\t<div class=\"elementor-menu-anchor\" id=\"WM-Aufgebot-Deutschland\"><\/div>\n\t\t\t\t\t\t<\/div>\n\t\t\t\t<\/div>\n\t\t\t\t<div class=\"elementor-element elementor-element-d827269 elementor-widget elementor-widget-text-editor\" data-id=\"d827269\" data-element_type=\"widget\" data-widget_type=\"text-editor.default\">\n\t\t\t\t<div class=\"elementor-widget-container\">\n\t\t\t\t\t\t\t\t\t<h2 class=\"infobox__headline\">Das deutsche WM-Aufgebot \ud83c\udde9\ud83c\uddea<\/h2><p><strong>Torh\u00fcter:<\/strong> Philipp Grubauer (Seattle Kraken), Mathias Niederberger (Red Bull M\u00fcnchen), Arno Tiefensee (Adler Mannheim)<br \/><strong>Verteidiger:<\/strong> Korbinian Geibel, Eric Mik, Jonas M\u00fcller (alle Eisb\u00e4ren Berlin), Leon H\u00fcttl, Fabio Wagner (beide ERC Ingolstadt), Lukas K\u00e4lble (Adler Mannheim), Moritz Seider (Detroit Red Wings), Maksymilian Szuber (Tucson Roadrunners)<br \/><strong>St\u00fcrmer:<\/strong> Alexander Ehl (D\u00fcsseldorfer EG), Yasin Ehliz, Patrick Hager, Maximilian Kastner (alle Red Bull M\u00fcnchen), Dominik Kahun (HC Lausanne), Marc Michaelis (Adler Mannheim), Marcel Noebels, Leo Pf\u00f6derl, Frederik Tiffels, Manuel Wiederer (alle Eisb\u00e4ren Berlin), Lukas Reichel (Chicago Blackhawks), Joshua Samanski (Straubing Tigers), Justin Sch\u00fctz (K\u00f6lner Haie), Wojciech Stachowiak (ERC Ingolstadt), Tim St\u00fctzle (Ottawa Senators).<\/p>\t\t\t\t\t\t\t\t<\/div>\n\t\t\t\t<\/div>\n\t\t\t\t\t<\/div>\n\t\t<\/div>\n\t\t\t\t\t<\/div>\n\t\t<\/section>\n\t\t\t\t<\/div>\n\t\t","protected":false},"excerpt":{"rendered":"<p>Eishockey-WM 2025, die schnellste Mannschaftssportart der Welt sucht ihren neuen Weltmeister. Titelverteidiger sind die Tschechen \ud83c\udde8\ud83c\uddff, die schlugen im letzten Jahr die Schweiz im Finale mit 2:0. Spannender ist jedoch der R\u00fcckblick auf 2023, damals holten die Kanadier \ud83c\udde8\ud83c\udde6\u00a0 zum 28. Mal den Titel beim Spiel mit dem Puck auf dem Eis. Nicht \u00fcberraschend, schlie\u00dflich [&hellip;]<\/p>\n","protected":false},"author":21,"featured_media":97719,"parent":499,"menu_order":0,"comment_status":"closed","ping_status":"closed","template":"","meta":{"_acf_changed":false,"footnotes":""},"class_list":["post-97640","page","type-page","status-publish","has-post-thumbnail","hentry"],"acf":[],"yoast_head":"<!-- This site is optimized with the Yoast SEO plugin v26.0 - https:\/\/yoast.com\/wordpress\/plugins\/seo\/ -->\n<title>Eishockey-WM 2025 vom 9. bis 25. Mai - ODDSET FANZONE<\/title>\n<meta name=\"description\" content=\"Alle Spiele der Eishockey-WM 2025 \u2705 Wetten mit Top Quoten \u2705 Spielplan \u2705 Wette jetzt bei ODDSET auf die Spiele der Eishockey-WM &gt;\" \/>\n<meta name=\"robots\" content=\"index, follow, max-snippet:-1, max-image-preview:large, max-video-preview:-1\" \/>\n<link rel=\"canonical\" href=\"https:\/\/www.oddset.de\/blog\/eishockey-wetten\/eishockey-wm-2025\/\" \/>\n<meta property=\"og:locale\" content=\"de_DE\" \/>\n<meta property=\"og:type\" content=\"article\" \/>\n<meta property=\"og:title\" content=\"Eishockey-WM 2025 vom 9. bis 25. Mai - ODDSET FANZONE\" \/>\n<meta property=\"og:description\" content=\"Alle Spiele der Eishockey-WM 2025 \u2705 Wetten mit Top Quoten \u2705 Spielplan \u2705 Wette jetzt bei ODDSET auf die Spiele der Eishockey-WM &gt;\" \/>\n<meta property=\"og:url\" content=\"https:\/\/www.oddset.de\/blog\/eishockey-wetten\/eishockey-wm-2025\/\" \/>\n<meta property=\"og:site_name\" content=\"ODDSET FANZONE\" \/>\n<meta property=\"article:publisher\" content=\"https:\/\/www.facebook.com\/ODDSETwetten\/\" \/>\n<meta property=\"article:modified_time\" content=\"2025-05-26T08:00:21+00:00\" \/>\n<meta property=\"og:image\" content=\"https:\/\/www.oddset.de\/blog\/wp-content\/uploads\/2025\/05\/eishockey-wm-25.jpg\" \/>\n\t<meta property=\"og:image:width\" content=\"1171\" \/>\n\t<meta property=\"og:image:height\" content=\"400\" \/>\n\t<meta property=\"og:image:type\" content=\"image\/jpeg\" \/>\n<meta name=\"twitter:card\" content=\"summary_large_image\" \/>\n<meta name=\"twitter:site\" content=\"@ODDSETsport\" \/>\n<meta name=\"twitter:label1\" content=\"Gesch\u00e4tzte Lesezeit\" \/>\n\t<meta name=\"twitter:data1\" content=\"4\u00a0Minuten\" \/>\n<!-- \/ Yoast SEO plugin. -->","yoast_head_json":{"title":"Eishockey-WM 2025 vom 9. bis 25. Mai - ODDSET FANZONE","description":"Alle Spiele der Eishockey-WM 2025 \u2705 Wetten mit Top Quoten \u2705 Spielplan \u2705 Wette jetzt bei ODDSET auf die Spiele der Eishockey-WM >","robots":{"index":"index","follow":"follow","max-snippet":"max-snippet:-1","max-image-preview":"max-image-preview:large","max-video-preview":"max-video-preview:-1"},"canonical":"https:\/\/www.oddset.de\/blog\/eishockey-wetten\/eishockey-wm-2025\/","og_locale":"de_DE","og_type":"article","og_title":"Eishockey-WM 2025 vom 9. bis 25. Mai - ODDSET FANZONE","og_description":"Alle Spiele der Eishockey-WM 2025 \u2705 Wetten mit Top Quoten \u2705 Spielplan \u2705 Wette jetzt bei ODDSET auf die Spiele der Eishockey-WM >","og_url":"https:\/\/www.oddset.de\/blog\/eishockey-wetten\/eishockey-wm-2025\/","og_site_name":"ODDSET FANZONE","article_publisher":"https:\/\/www.facebook.com\/ODDSETwetten\/","article_modified_time":"2025-05-26T08:00:21+00:00","og_image":[{"width":1171,"height":400,"url":"https:\/\/www.oddset.de\/blog\/wp-content\/uploads\/2025\/05\/eishockey-wm-25.jpg","type":"image\/jpeg"}],"twitter_card":"summary_large_image","twitter_site":"@ODDSETsport","twitter_misc":{"Gesch\u00e4tzte Lesezeit":"4\u00a0Minuten"},"schema":{"@context":"https:\/\/schema.org","@graph":[{"@type":"WebPage","@id":"https:\/\/www.oddset.de\/blog\/eishockey-wetten\/eishockey-wm-2025\/","url":"https:\/\/www.oddset.de\/blog\/eishockey-wetten\/eishockey-wm-2025\/","name":"Eishockey-WM 2025 vom 9. bis 25. Mai - ODDSET FANZONE","isPartOf":{"@id":"https:\/\/www.oddset.de\/blog\/#website"},"primaryImageOfPage":{"@id":"https:\/\/www.oddset.de\/blog\/eishockey-wetten\/eishockey-wm-2025\/#primaryimage"},"image":{"@id":"https:\/\/www.oddset.de\/blog\/eishockey-wetten\/eishockey-wm-2025\/#primaryimage"},"thumbnailUrl":"https:\/\/www.oddset.de\/blog\/wp-content\/uploads\/2025\/05\/eishockey-wm-25.jpg","datePublished":"2025-05-08T12:10:48+00:00","dateModified":"2025-05-26T08:00:21+00:00","description":"Alle Spiele der Eishockey-WM 2025 \u2705 Wetten mit Top Quoten \u2705 Spielplan \u2705 Wette jetzt bei ODDSET auf die Spiele der Eishockey-WM >","breadcrumb":{"@id":"https:\/\/www.oddset.de\/blog\/eishockey-wetten\/eishockey-wm-2025\/#breadcrumb"},"inLanguage":"de","potentialAction":[{"@type":"ReadAction","target":["https:\/\/www.oddset.de\/blog\/eishockey-wetten\/eishockey-wm-2025\/"]}]},{"@type":"ImageObject","inLanguage":"de","@id":"https:\/\/www.oddset.de\/blog\/eishockey-wetten\/eishockey-wm-2025\/#primaryimage","url":"https:\/\/www.oddset.de\/blog\/wp-content\/uploads\/2025\/05\/eishockey-wm-25.jpg","contentUrl":"https:\/\/www.oddset.de\/blog\/wp-content\/uploads\/2025\/05\/eishockey-wm-25.jpg","width":1171,"height":400},{"@type":"BreadcrumbList","@id":"https:\/\/www.oddset.de\/blog\/eishockey-wetten\/eishockey-wm-2025\/#breadcrumb","itemListElement":[{"@type":"ListItem","position":1,"name":"Startseite","item":"https:\/\/www.oddset.de\/blog\/"},{"@type":"ListItem","position":2,"name":"&#127954; Eishockey Wetten bei ODDSET","item":"https:\/\/www.oddset.de\/blog\/eishockey-wetten\/"},{"@type":"ListItem","position":3,"name":"Eishockey-WM 2025 vom 9. bis 25. Mai"}]},{"@type":"WebSite","@id":"https:\/\/www.oddset.de\/blog\/#website","url":"https:\/\/www.oddset.de\/blog\/","name":"ODDSET FANZONE","description":"Der Fu\u00dfball &amp; Sportwetten Blog","publisher":{"@id":"https:\/\/www.oddset.de\/blog\/#organization"},"potentialAction":[{"@type":"SearchAction","target":{"@type":"EntryPoint","urlTemplate":"https:\/\/www.oddset.de\/blog\/?s={search_term_string}"},"query-input":{"@type":"PropertyValueSpecification","valueRequired":true,"valueName":"search_term_string"}}],"inLanguage":"de"},{"@type":"Organization","@id":"https:\/\/www.oddset.de\/blog\/#organization","name":"ODDSET FANZONE","url":"https:\/\/www.oddset.de\/blog\/","logo":{"@type":"ImageObject","inLanguage":"de","@id":"https:\/\/www.oddset.de\/blog\/#\/schema\/logo\/image\/","url":"https:\/\/www.oddset.de\/blog\/wp-content\/uploads\/2020\/05\/tb_logo.png","contentUrl":"https:\/\/www.oddset.de\/blog\/wp-content\/uploads\/2020\/05\/tb_logo.png","width":1171,"height":400,"caption":"ODDSET FANZONE"},"image":{"@id":"https:\/\/www.oddset.de\/blog\/#\/schema\/logo\/image\/"},"sameAs":["https:\/\/www.facebook.com\/ODDSETwetten\/","https:\/\/x.com\/ODDSETsport","https:\/\/www.youtube.com\/channel\/UC_vWGAocu28RqdyhzCPf9ZQ"]}]}},"_links":{"self":[{"href":"https:\/\/www.oddset.de\/blog\/wp-json\/wp\/v2\/pages\/97640","targetHints":{"allow":["GET"]}}],"collection":[{"href":"https:\/\/www.oddset.de\/blog\/wp-json\/wp\/v2\/pages"}],"about":[{"href":"https:\/\/www.oddset.de\/blog\/wp-json\/wp\/v2\/types\/page"}],"author":[{"embeddable":true,"href":"https:\/\/www.oddset.de\/blog\/wp-json\/wp\/v2\/users\/21"}],"replies":[{"embeddable":true,"href":"https:\/\/www.oddset.de\/blog\/wp-json\/wp\/v2\/comments?post=97640"}],"version-history":[{"count":94,"href":"https:\/\/www.oddset.de\/blog\/wp-json\/wp\/v2\/pages\/97640\/revisions"}],"predecessor-version":[{"id":98246,"href":"https:\/\/www.oddset.de\/blog\/wp-json\/wp\/v2\/pages\/97640\/revisions\/98246"}],"up":[{"embeddable":true,"href":"https:\/\/www.oddset.de\/blog\/wp-json\/wp\/v2\/pages\/499"}],"wp:featuredmedia":[{"embeddable":true,"href":"https:\/\/www.oddset.de\/blog\/wp-json\/wp\/v2\/media\/97719"}],"wp:attachment":[{"href":"https:\/\/www.oddset.de\/blog\/wp-json\/wp\/v2\/media?parent=97640"}],"curies":[{"name":"wp","href":"https:\/\/api.w.org\/{rel}","templated":true}]}}