{"id":97035,"date":"2025-04-15T10:59:45","date_gmt":"2025-04-15T08:59:45","guid":{"rendered":"https:\/\/fanzone.oddset.de\/?page_id=97035"},"modified":"2026-02-13T09:50:07","modified_gmt":"2026-02-13T08:50:07","slug":"rallye-teilnahmebedingungen","status":"publish","type":"page","link":"https:\/\/www.oddset.de\/blog\/oddset-club-start\/quoten-rallye\/rallye-teilnahmebedingungen\/","title":{"rendered":"Rallye Teilnahmebedingungen"},"content":{"rendered":"\t\t<div data-elementor-type=\"wp-page\" data-elementor-id=\"97035\" class=\"elementor elementor-97035\">\n\t\t\t\t\t\t<section class=\"elementor-section elementor-top-section elementor-element elementor-element-33b2d56 elementor-section-boxed elementor-section-height-default elementor-section-height-default\" data-id=\"33b2d56\" data-element_type=\"section\">\n\t\t\t\t\t\t<div class=\"elementor-container elementor-column-gap-default\">\n\t\t\t\t\t<div class=\"elementor-column elementor-col-100 elementor-top-column elementor-element elementor-element-b0be301\" data-id=\"b0be301\" data-element_type=\"column\">\n\t\t\t<div class=\"elementor-widget-wrap elementor-element-populated\">\n\t\t\t\t\t\t<div class=\"elementor-element elementor-element-9b8111f elementor-widget elementor-widget-heading\" data-id=\"9b8111f\" data-element_type=\"widget\" data-widget_type=\"heading.default\">\n\t\t\t\t<div class=\"elementor-widget-container\">\n\t\t\t\t\t<h2 class=\"elementor-heading-title elementor-size-default\">Teilnahmebedingungen f\u00fcr das Gewinnspiel \u201cQuoten Rallye\u201d<\/h2>\t\t\t\t<\/div>\n\t\t\t\t<\/div>\n\t\t\t\t\t<\/div>\n\t\t<\/div>\n\t\t\t\t\t<\/div>\n\t\t<\/section>\n\t\t\t\t<section class=\"elementor-section elementor-top-section elementor-element elementor-element-14aab59 elementor-section-boxed elementor-section-height-default elementor-section-height-default\" data-id=\"14aab59\" data-element_type=\"section\">\n\t\t\t\t\t\t<div class=\"elementor-container elementor-column-gap-default\">\n\t\t\t\t\t<div class=\"elementor-column elementor-col-100 elementor-top-column elementor-element elementor-element-5b73c71\" data-id=\"5b73c71\" data-element_type=\"column\">\n\t\t\t<div class=\"elementor-widget-wrap elementor-element-populated\">\n\t\t\t\t\t\t<div class=\"elementor-element elementor-element-3fdd721 elementor-widget elementor-widget-text-editor\" data-id=\"3fdd721\" data-element_type=\"widget\" data-widget_type=\"text-editor.default\">\n\t\t\t\t<div class=\"elementor-widget-container\">\n\t\t\t\t\t\t\t\t\t<p>Teilnahmebedingungen f\u00fcr das Gewinnspiel \u201cQuoten Rallye\u201d mit dem ODDSET CLUB vom <span data-teams=\"true\">13.02.2026<\/span><\/p>\n<p>Es gelten die folgenden Teilnahmebedingungen:<br>I) Veranstalter<\/p>\n<p>1. Veranstalterin des Gewinnspiels ist die ODDSET Sportwetten GmbH, Konrad-Zuse-Platz 12 in 81829 M\u00fcnchen.<br>2. Diese Teilnahmebedingungen gelten f\u00fcr die Einladung ab dem&nbsp; 13.02.2026 an die Mitglieder des ODDSET CLUB verk\u00fcndete Gewinnspiel \u201eQuoten Rallye\u201c.<br>3. Die Teilnahmebedingungen sind ebenfalls auf der mit Passwort gesch\u00fctzten Seite https:\/\/oddset.de\/blog\/oddset-club-quoten-rallye-teilnahmebedingungen\/ dauerhaft einsehbar.<\/p>\n<p>II) Gegenstand<\/p>\n<p>1. Diese Teilnahmebedingungen regeln die Teilnahme an dem Gewinnspiel \u201cQuoten Rallye\u201d f\u00fcr die Mitglieder des ODDSET CLUB der ODDSET Sportwetten GmbH.<br>2. Mit der Registrierung f\u00fcr die Teilnahme am Gewinnspiel \u201cQuoten Rallye\u201d mit dem ODDSET CLUB akzeptieren die Teilnehmer diese Teilnahmebedingungen.<\/p>\n<p>III) Teilnahme<\/p>\n<p>1. Teilnahmeberechtigung<br>a. Teilnahmeberechtigt sind Personen mit einem Mindestalter von 18 Jahren und einem Wohnsitz in der Bundesrepublik Deutschland. Teilnehmer aus anderen L\u00e4ndern sind nicht teilnahmeberechtigt.<br>b. Am Gewinnspiel teilnehmen kann nur ein Kunde der Veranstalterin, der ein aktives, registriertes, vollverifiziertes Spielkonto auf oddset.de hat und Mitglied des ODDSET CLUBS der Veranstalterin ist. Andernfalls kann ein etwaiger Gewinn nicht in Anspruch genommen werden und entf\u00e4llt ersatzlos und ein anderer Teilnehmer r\u00fcckt nach.<br>c. Es sind zudem nur Teilnehmer mit einem pers\u00f6nlichen Quoten-Rallye-Konto erlaubt. Das Quoten-Rallye-Konto kann nur pers\u00f6nlich nach Erhalt der E-Mail-Einladung durch die ODDSET Sportwetten GmbH errichtet werden. Hierzu muss der Teilnahmewillige sich per E-Mail auf die Einladungs-E-Mail zur\u00fcckmelden.<br>d. Die Teilnahme mit gef\u00e4lschten Identit\u00e4ten oder mit Identit\u00e4ten von Drittpersonen sowie mit mehreren Spielkonten ist nicht erlaubt.<br>e. Jeder Teilnehmer muss sich aus Datenschutzgr\u00fcnden mit einem Fantasienamen beim zust\u00e4ndigen Mitarbeiter der Veranstalterin registrieren und ihm diesen in seiner E-Mail mit Teilnahmewunsche gem. Ziffer III) 1. c. mitteilen.<br>f. Nach Registrierung f\u00fcr das Gewinnspiel erh\u00e4lt der Teilnehmer eine Best\u00e4tigung seiner Teilnahme f\u00fcr das Gewinnspiel sowie das Passwort f\u00fcr die gesch\u00fctzte Seite https:\/\/oddset.de\/blog\/oddset-club-start\/quoten-rallye per E-Mail. Ein Anspruch auf erfolgreiche Registrierung besteht nicht. <span data-teams=\"true\">Anmeldeschluss ist der 19.02.2026.<\/span><br>g. Die Veranstalterin kann ohne Angabe von Gr\u00fcnden Spielkonten von der Teilnahme ausschlie\u00dfen.<br>h. Ausgeschlossen von der Teilnahme sind Mitarbeiter von Kooperationspartnern, die mit der Erstellung oder Abwicklung des Gewinnspiels besch\u00e4ftigt sind oder waren, sowie Angeh\u00f6rige solcher Mitarbeiter und deren Verwandte. Mitarbeitern des Veranstalters ist eine Teilnahme zu Testzwecken gestattet, diese sind jedoch von der Gewinnteilnahme ausgeschlossen.<br>i. Die Teilnehmer m\u00fcssen unter Umst\u00e4nden ihre Teilnahmeberechtigung an dem Gewinnspiel nachweisen. Weisen die Teilnehmer innerhalb der von ODDSET gesetzten Frist die Teilnahmeberechtigung nicht nach, beh\u00e4lt die Veranstalterin sich vor, die Teilnehmer von der Teilnahme auszuschlie\u00dfen.<br>2. Teilnahmebedingungen<br>a. Der Aktionszeitraum f\u00fcr das Gewinnspiel \u201cQuoten Rallye\u201d mit dem ODDSET CLUB ist vom 20.02.2026 bis 01.03.2026 (letzte Tippabgabe).<br>b. Der Teilnehmer erh\u00e4lt von der Veranstalterin im Aktionszeitraum insgesamt 10 FreeBets im Wert von mind. 3 EUR wie folgt:<br>i. 20.02.2026: 3x FreeBets mit einer G\u00fcltigkeit von 72 Std.<br>ii. 23.02.2026: 2x FreeBets mit einer G\u00fcltigkeit von 48 Std.<br>iii. 25.02.2026: 2x FreeBets mit einer G\u00fcltigkeit von 48 Std.<br>iv. 27.02.2026: 3x FreeBets mit einer G\u00fcltigkeit von 72 Std.<br>c. Diese FreeBets sind jeweils auf der Seite der Veranstalterin innerhalb der nach Ziffer III) 2. b. genannten G\u00fcltigkeit unter den unter Ziffer IV) genannten FreeBet Bedingungen einzul\u00f6sen.<br>d. Die Teilnahme am Gewinnspiel erfolgt dann automatisch durch die Tippabgabe mittels der FreeBets.<br>e. Pro Teilnehmer ist nur eine Teilnahme erlaubt.<br>f. Die mit den FreeBet erzielten Gewinne werden je Teilnehmer der Summe nach addiert.<br>g. Gewinne, die aus Wettscheinen mit eigenen Eins\u00e4tzen vom Wettkonto gespielt werden, werden nicht f\u00fcr die Ermittlung des Rankings herangezogen.<br>h. Es gelten die allgemeinen Wettregeln.<br>i. Anhand der addierten Gewinnsumme wird ein Ranking unter den Teilnehmern erstellt. Es wird jeweils der Nettogewinn, d.h. der Gewinn nach Abzug der Gewinngeb\u00fchr sowie des FreeBet-Betrages gewertet.<br>Bsp: Der Teilnehmer setzt eine FreeBet im Wert von 3 EUR auf eine Quote von 10. Dann errechnet sich folgender Gewinn:<br>(3 EUR*10) &#8211; (3 EUR *10 *5%) \u2013 3 EUR = 25,50 EUR.<br>j. Das Ranking ist auf der gesch\u00fctzten Seite https:\/\/oddset.de\/blog\/oddset-club-start\/quoten-rallye f\u00fcr alle Teilnehmer w\u00e4hrend des Aktionszeitraums jederzeit einsehbar. Hierf\u00fcr wird lediglich der dem Teilnehmer zugewiesene Fantasiename im Ranking angezeigt.<\/p>\n<p>IV) Gewinnberechtigung und Gewinne<br>1. Gewinnberechtigt sind die besten 10 Teilnehmer, die im Aktionszeitraum die h\u00f6chsten Gewinne im Vergleich zu den anderen Teilnehmern erzielen.<br>2. Bei den Preisen f\u00fcr die Gewinne handelt es sich um Bonusguthaben f\u00fcr das ODDSET Wettkonto. Der Wert des Bonusguthabens ist wie folgt vergeben:<br>1. Platz: 500 EUR Bonus<br>2. Platz: 300 EUR Bonus<br>3. Platz: 200 EUR Bonus<br>4. \u2013 6. Platz 100 EUR Bonus<br>7. \u2013 10. Platz 50 EUR Bonus<br>3. Das gewonnene Bonusguthaben muss vor einer Auszahlung einmal mit einer Mindestquote von 1,5 umgesetzt werden.<br>4. Nicht genutzte Bonusbetr\u00e4ge verfallen nach 30 Tagen, falls keine Umsetzung erfolgt.<br>5. Eine Barauszahlung der Gewinne bzw. des Bonusguthabens ist ausgeschlossen.<br>6. Die jeweiligen Gewinner werden durch die Veranstalterin per E-Mail direkt kontaktiert. Die Abwicklung des Gewinns erfolgt ausschlie\u00dflich im direkten Kontakt zwischen dem Gewinner und der Veranstalterin.<br>7. Die Veranstalterin beh\u00e4lt sich vor, notwendige \u00c4nderungen der Preise vorzunehmen, welche durch andere, au\u00dferhalb des Einflussbereichs der Veranstalterin liegende Faktoren bedingt sind, z.B. Nichtverf\u00fcgbarkeit des Preises.<br>8. Das Bonusguthaben wird dem ODDSET Wettkonto des Teilnehmers innerhalb von sieben (7) Tagen nach der Gewinnermittlung gutgeschrieben.<br>9. Im Falle einer unzustellbaren Gewinnbenachrichtigung ist die Veranstalterin nicht verpflichtet, weitere Nachforschungen anzustellen. Ein Anspruch auf den Gewinn besteht in diesem Fall nicht.<\/p>\n<p>V) FreeBet Bedingungen<\/p>\n<p>1. Der Wert der FreeBet betr\u00e4gt jeweils mind. 3 EUR.<br>2. \u00dcber den Erhalt der FreeBets wird der Teilnehmer jeweils per Inbox-Nachricht im Spielkonto informiert.<br>3. Mit Erhalt der FreeBet ist der Teilnehmer berechtigt, ohne vorherigen Abzug seines Kontoguthabens eine Wette in der H\u00f6he der FreeBet zu platzieren. Das konkrete FreeBet Angebot wird dem Kunden im Rahmen des Wettscheins unterhalb des Einsatzes angezeigt. M\u00f6chte der Kunde die FreeBet nutzen, kann er diese ausw\u00e4hlen und der entsprechende FreeBet Betrag wird im Einsatzfeld automatisch eingetragen.<br>4. Die FreeBets k\u00f6nnen Beschr\u00e4nkungen unterliegen: sie k\u00f6nnen zum Beispiel nur f\u00fcr bestimmte Sportarten gelten oder nur auf bestimmten Endger\u00e4ten gesetzt werden. In diesen F\u00e4llen wird der Kunde \u00fcber die entsprechende Beschr\u00e4nkung in der FreeBet-\u00dcbersicht unter \u201eMy Promotions\u201c im Spielkonto informiert.<br>5. Wenn die Auswahl im Wettschein mit einer FreeBet gespielt werden kann, wird die entsprechende FreeBet automatisch im Wettschein angezeigt. Der Kunde kann daraufhin seine Auswahl als FreeBet spielen oder die FreeBet zu einem sp\u00e4teren Zeitpunkt verwenden.<br>6. Verf\u00fcgbare FreeBets werden auf der Website im Kundenkontooberhalb des Wettscheins angezeigt. Mit einem Klick auf diesen Bereich wird die FreeBet-\u00dcbersicht ge\u00f6ffnet, in der alle noch verf\u00fcgbaren FreeBets angezeigt werden.<br>7. Wird eine FreeBet als &#8222;gewonnen&#8220; ausgewertet, werden die FreeBet-Gewinne gutgeschrieben, die dem Wert der FreeBet multipliziert mit der auf dem Wettschein angegebenen Quote minus den Wert der FreeBet entsprechen.<br>8. Wird eine mit einer FreeBet abgegebene Wette als &#8222;storniert&#8220; ausgewertet, so verliert diese FreeBet ihre G\u00fcltigkeit.<br>9. Wird eine FreeBet als &#8222;Ex-aequo-Platzierung&#8220; oder &#8222;Unentschieden&#8220; (dead heat &#8211; d\/h) ausgewertet und die entsprechende Dead-heat-Quote sinkt unter 1.00, so wird dem Konto kein Guthaben abgezogen.<br>10. Eine FreeBet kann als eine (1) Einzelwette oder eine (1) Kombiwette abgegeben werden.<br>11. Der Wert der FreeBet kann nicht auf mehrere Wetten aufgeteilt werden. Mehrere Einzelwetten, Systemwetten und Banker-Wetten sind von FreeBets ausgeschlossen.<br>12. Wird eine FreeBet angeboten, so kann sie nur einmal verwendet werden und nur innerhalb des auf dem Bildschirm angegebenen Zeitraums. Wenn die G\u00fcltigkeit gem. Ziffer III) 2. b. abl\u00e4uft, ohne dass die FreeBet verwendet wurde, so wird die FreeBet ung\u00fcltig.<br>13. Gelten f\u00fcr bestimmte Wettoptionen besondere Bedingungen, wie beispielsweise Mindestquoten, Beschr\u00e4nkungen f\u00fcr Kombiwetten etc., so gelten diese Beschr\u00e4nkungen auch f\u00fcr die jeweilige FreeBet.<br>14. Eine FreeBet wird pro Person, Haushalt, gemeinsam genutztem Computer oder gemeinsam genutzter IP-Adresse vergeben, ist in keiner Weise \u00fcbertragbar und kann nicht in Verbindung mit anderen Werbeaktionen verwendet werden.<br>15. Die Veranstalterin sich vor, dem Spielkonto Beschr\u00e4nkungen wie beispielsweise Einzahlungsbeschr\u00e4nkungen aufzuerlegen, um den rechtlichen Verpflichtungen nachzukommen. Die Veranstalterin ist nicht daf\u00fcr verantwortlich, wenn diese Beschr\u00e4nkungen Einfluss auf die F\u00e4higkeit des Kunden haben, die Bedingungen f\u00fcr die FreeBet zu erf\u00fcllen und\/oder Einfluss auf die Freigabe eines Bonus, einer Pr\u00e4mie oder von Preisen haben.<br>16. Falls die Wettlimits des Kunden unter dem Wert der FreeBet liegen, verf\u00e4llt die FreeBet.<br>17. Die Veranstalterin kann nicht f\u00fcr die Verf\u00fcgbarkeit von FreeBets auf allen Endger\u00e4ten oder Browsern garantieren.<br>18. Zus\u00e4tzlich zu diesen FreeBet Bedingungen gelten die Allgemeinen Bonusbedingungen sowie Internet-Teilnahmebedingungen.<\/p>\n<p>VI) Gew\u00e4hrleistungsausschluss, vorzeitige Beendigung sowie \u00c4nderungen und Ausschluss von der Teilnahme<\/p>\n<p>1. Die Veranstalterin weist darauf hin, dass die Verf\u00fcgbarkeit und Funktion des Gewinnspiels nicht gew\u00e4hrleistet werden k\u00f6nnen.<br>2. Die Veranstalterin beh\u00e4lt sich ausdr\u00fccklich vor, das Gewinnspiel \u201cQuoten Rallye\u201d mit dem ODDSET CLUB ohne vorherige Ank\u00fcndigung und ohne Mitteilung von Gr\u00fcnden aufgrund von \u00e4u\u00dferen Umst\u00e4nden und Zw\u00e4ngen zu beenden, auszusetzen, oder zu entfernen, ohne dass hieraus Anspr\u00fcche der Teilnehmer gegen\u00fcber der Veranstalterin entstehen. Dies gilt insbesondere, wenn:<br>a. ein Missbrauchsversuch festgestellt wird;<br>b. eine ordnungsgem\u00e4\u00dfe Durchf\u00fchrung nicht mehr sichergestellt ist, insbesondere beim Ausfall von Hard- oder Software, Programmfehlern, nicht autorisierten Eingriffen Dritter sowie bei sonstigen technischen oder rechtlichen Problemen;<br>c. die Fortsetzung dieser Aktion aus rechtlichen Gr\u00fcnden nicht gew\u00e4hrleistet werden kann.<br>3. Die Veranstalterin beh\u00e4lt sich ausdr\u00fccklich vor, das Gewinnspiel \u201cQuoten Rallye\u201d mit dem ODDSET CLUB ohne vorherige Ank\u00fcndigung und ohne Mitteilung von Gr\u00fcnden zu beenden oder mit Blick auf die Gestaltung oder besondere Bedingungen zu \u00e4ndern.<\/p>\n<p>VII) Verwertungsrechte<br>Es steht dem Teilnehmer jederzeit frei, durch schriftlichen Widerruf gegen\u00fcber der Veranstalterin die Einwilligung in die Nutzung und Speicherung aufzuheben bzw. eine Berichtigung der Daten zu veranlassen. Hierzu gen\u00fcgt eine E-Mail an stephan@online.oddset.de . Im Falle eines Widerrufs werden die personenbezogenen Daten des konkreten Teilnehmers unverz\u00fcglich gel\u00f6scht. Erfolgt der Widerruf vor Beendigung der Abwicklung des Gewinnspiels, so ist hiermit die weitere Teilnahme an dem Gewinnspiel ausgeschlossen. Auf die Regelungen zum Datenschutz in den Datenschutzhinweisen f\u00fcr das Gewinnspiel (einsehbar in der Einladungs-E-Mail sowie auf der gesch\u00fctzten Seite https:\/\/oddset.de\/blog\/oddset-club-start\/quoten-rallye) wird verwiesen.<\/p>\n<p>VIII) Ausschluss<br>1. Ein Versto\u00df gegen diese Teilnahmebedingungen berechtigt die Veranstalterin, den betroffenen Teilnehmer von der Teilnahme am Gewinnspiel auszuschlie\u00dfen. Dies gilt insbesondere, wenn der Teilnehmer falsche Angaben macht.<br>2. Handelt es sich bei dem ausgeschlossenen Teilnehmer um einen bereits ausgelosten Gewinner, kann der Gewinn nachtr\u00e4glich aberkannt werden.<br>3. Die Veranstalterin kann einzelne Personen nach eigenem Ermessen und ohne Benachrichtigung von dieser Aktion ausschlie\u00dfen. Diese Entscheidung der Veranstalterin wird im Streitfall als endg\u00fcltig angesehen.<\/p>\n<p>IX) Haftungsausschluss<br>1. Mit der Teilnahme am Gewinnspiel stellt der Teilnehmer die Veranstalterin von jeder Haftung frei.<br>2. Die Veranstalterin \u00fcbernimmt keine Verantwortung f\u00fcr Datenverluste, insbesondere solche, die auf dem Wege der Daten\u00fcbertragung entstanden sind, technische Defekte sowie verloren gegangene, besch\u00e4digte oder versp\u00e4tete Einsendungen, die auf Netzwerk-, Hardware- oder Softwareprobleme zur\u00fcckzuf\u00fchren sind.<br>3. Etwaige Gew\u00e4hrleistungsanspr\u00fcche der Gewinner sind ausgeschlossen.<\/p>\n<p>X) Sonstiges<br>1. Sollte eine Klausel dieser Bedingungen unwirksam sein, gilt die entsprechende gesetzliche Regelung und die Wirksamkeit der \u00fcbrigen Bedingungen bleibt hiervon unber\u00fchrt.<br>2. Die Veranstalterin ist nicht verpflichtet, an einem Streitbeilegungsverfahren einer Verbraucherschlichtungsstelle teilzunehmen<br>3. Die Teilnahmebedingungen unterliegen deutschem Recht. Ein Rechtsweg zur \u00dcberpr\u00fcfung der Gewinnermittlung und Punkteverteilung ist ausgeschlossen.<br>4. Bei R\u00fcckfragen k\u00f6nnen Sie sich gerne jederzeit an stephan@online.oddset.de dem Betreff \u201eQuoten Rallye\u201c wenden.<\/p>\n<p><br><\/p>\t\t\t\t\t\t\t\t<\/div>\n\t\t\t\t<\/div>\n\t\t\t\t\t<\/div>\n\t\t<\/div>\n\t\t\t\t\t<\/div>\n\t\t<\/section>\n\t\t\t\t<section class=\"elementor-section elementor-top-section elementor-element elementor-element-d4d030e elementor-section-boxed elementor-section-height-default elementor-section-height-default\" data-id=\"d4d030e\" data-element_type=\"section\">\n\t\t\t\t\t\t<div class=\"elementor-container elementor-column-gap-default\">\n\t\t\t\t\t<div class=\"elementor-column elementor-col-100 elementor-top-column elementor-element elementor-element-1d13545\" data-id=\"1d13545\" data-element_type=\"column\">\n\t\t\t<div class=\"elementor-widget-wrap\">\n\t\t\t\t\t\t\t<\/div>\n\t\t<\/div>\n\t\t\t\t\t<\/div>\n\t\t<\/section>\n\t\t\t\t<\/div>\n\t\t","protected":false},"excerpt":{"rendered":"<p>Teilnahmebedingungen f\u00fcr das Gewinnspiel \u201cQuoten Rallye\u201d Teilnahmebedingungen f\u00fcr das Gewinnspiel \u201cQuoten Rallye\u201d mit dem ODDSET CLUB vom 13.02.2026 Es gelten die folgenden Teilnahmebedingungen:I) Veranstalter 1. Veranstalterin des Gewinnspiels ist die ODDSET Sportwetten GmbH, Konrad-Zuse-Platz 12 in 81829 M\u00fcnchen.2. Diese Teilnahmebedingungen gelten f\u00fcr die Einladung ab dem&nbsp; 13.02.2026 an die Mitglieder des ODDSET CLUB verk\u00fcndete Gewinnspiel [&hellip;]<\/p>\n","protected":false},"author":66,"featured_media":0,"parent":94967,"menu_order":0,"comment_status":"closed","ping_status":"closed","template":"","meta":{"_acf_changed":false,"footnotes":""},"class_list":["post-97035","page","type-page","status-publish","hentry"],"acf":[],"yoast_head":"<!-- This site is optimized with the Yoast SEO plugin v26.0 - https:\/\/yoast.com\/wordpress\/plugins\/seo\/ -->\n<title>Rallye Teilnahmebedingungen - ODDSET FANZONE<\/title>\n<meta name=\"robots\" content=\"index, follow, max-snippet:-1, max-image-preview:large, max-video-preview:-1\" \/>\n<link rel=\"canonical\" href=\"https:\/\/www.oddset.de\/blog\/oddset-club-start\/quoten-rallye\/rallye-teilnahmebedingungen\/\" \/>\n<meta property=\"og:locale\" content=\"de_DE\" \/>\n<meta property=\"og:type\" content=\"article\" \/>\n<meta property=\"og:title\" content=\"Rallye Teilnahmebedingungen - ODDSET FANZONE\" \/>\n<meta property=\"og:description\" content=\"Teilnahmebedingungen f\u00fcr das Gewinnspiel \u201cQuoten Rallye\u201d Teilnahmebedingungen f\u00fcr das Gewinnspiel \u201cQuoten Rallye\u201d mit dem ODDSET CLUB vom 13.02.2026 Es gelten die folgenden Teilnahmebedingungen:I) Veranstalter 1. Veranstalterin des Gewinnspiels ist die ODDSET Sportwetten GmbH, Konrad-Zuse-Platz 12 in 81829 M\u00fcnchen.2. Diese Teilnahmebedingungen gelten f\u00fcr die Einladung ab dem&nbsp; 13.02.2026 an die Mitglieder des ODDSET CLUB verk\u00fcndete Gewinnspiel [&hellip;]\" \/>\n<meta property=\"og:url\" content=\"https:\/\/www.oddset.de\/blog\/oddset-club-start\/quoten-rallye\/rallye-teilnahmebedingungen\/\" \/>\n<meta property=\"og:site_name\" content=\"ODDSET FANZONE\" \/>\n<meta property=\"article:publisher\" content=\"https:\/\/www.facebook.com\/ODDSETwetten\/\" \/>\n<meta property=\"article:modified_time\" content=\"2026-02-13T08:50:07+00:00\" \/>\n<meta property=\"og:image\" content=\"https:\/\/www.oddset.de\/blog\/wp-content\/uploads\/2016\/10\/die-welt-des-sports-bei-oddset-sportwetten.jpg\" \/>\n\t<meta property=\"og:image:width\" content=\"1120\" \/>\n\t<meta property=\"og:image:height\" content=\"886\" \/>\n\t<meta property=\"og:image:type\" content=\"image\/jpeg\" \/>\n<meta name=\"twitter:card\" content=\"summary_large_image\" \/>\n<meta name=\"twitter:site\" content=\"@ODDSETsport\" \/>\n<meta name=\"twitter:label1\" content=\"Gesch\u00e4tzte Lesezeit\" \/>\n\t<meta name=\"twitter:data1\" content=\"11\u00a0Minuten\" \/>\n<!-- \/ Yoast SEO plugin. -->","yoast_head_json":{"title":"Rallye Teilnahmebedingungen - ODDSET FANZONE","robots":{"index":"index","follow":"follow","max-snippet":"max-snippet:-1","max-image-preview":"max-image-preview:large","max-video-preview":"max-video-preview:-1"},"canonical":"https:\/\/www.oddset.de\/blog\/oddset-club-start\/quoten-rallye\/rallye-teilnahmebedingungen\/","og_locale":"de_DE","og_type":"article","og_title":"Rallye Teilnahmebedingungen - ODDSET FANZONE","og_description":"Teilnahmebedingungen f\u00fcr das Gewinnspiel \u201cQuoten Rallye\u201d Teilnahmebedingungen f\u00fcr das Gewinnspiel \u201cQuoten Rallye\u201d mit dem ODDSET CLUB vom 13.02.2026 Es gelten die folgenden Teilnahmebedingungen:I) Veranstalter 1. Veranstalterin des Gewinnspiels ist die ODDSET Sportwetten GmbH, Konrad-Zuse-Platz 12 in 81829 M\u00fcnchen.2. Diese Teilnahmebedingungen gelten f\u00fcr die Einladung ab dem&nbsp; 13.02.2026 an die Mitglieder des ODDSET CLUB verk\u00fcndete Gewinnspiel [&hellip;]","og_url":"https:\/\/www.oddset.de\/blog\/oddset-club-start\/quoten-rallye\/rallye-teilnahmebedingungen\/","og_site_name":"ODDSET FANZONE","article_publisher":"https:\/\/www.facebook.com\/ODDSETwetten\/","article_modified_time":"2026-02-13T08:50:07+00:00","og_image":[{"width":1120,"height":886,"url":"https:\/\/www.oddset.de\/blog\/wp-content\/uploads\/2016\/10\/die-welt-des-sports-bei-oddset-sportwetten.jpg","type":"image\/jpeg"}],"twitter_card":"summary_large_image","twitter_site":"@ODDSETsport","twitter_misc":{"Gesch\u00e4tzte Lesezeit":"11\u00a0Minuten"},"schema":{"@context":"https:\/\/schema.org","@graph":[{"@type":"WebPage","@id":"https:\/\/www.oddset.de\/blog\/oddset-club-start\/quoten-rallye\/rallye-teilnahmebedingungen\/","url":"https:\/\/www.oddset.de\/blog\/oddset-club-start\/quoten-rallye\/rallye-teilnahmebedingungen\/","name":"Rallye Teilnahmebedingungen - ODDSET FANZONE","isPartOf":{"@id":"https:\/\/www.oddset.de\/blog\/#website"},"datePublished":"2025-04-15T08:59:45+00:00","dateModified":"2026-02-13T08:50:07+00:00","breadcrumb":{"@id":"https:\/\/www.oddset.de\/blog\/oddset-club-start\/quoten-rallye\/rallye-teilnahmebedingungen\/#breadcrumb"},"inLanguage":"de","potentialAction":[{"@type":"ReadAction","target":["https:\/\/www.oddset.de\/blog\/oddset-club-start\/quoten-rallye\/rallye-teilnahmebedingungen\/"]}]},{"@type":"BreadcrumbList","@id":"https:\/\/www.oddset.de\/blog\/oddset-club-start\/quoten-rallye\/rallye-teilnahmebedingungen\/#breadcrumb","itemListElement":[{"@type":"ListItem","position":1,"name":"Startseite","item":"https:\/\/www.oddset.de\/blog\/"},{"@type":"ListItem","position":2,"name":"Gesch\u00fctzt: ODDSET CLUB START","item":"https:\/\/www.oddset.de\/blog\/oddset-club-start\/"},{"@type":"ListItem","position":3,"name":"ODDSET CLUB Quoten-Rallye","item":"https:\/\/www.oddset.de\/blog\/oddset-club-start\/quoten-rallye\/"},{"@type":"ListItem","position":4,"name":"Rallye Teilnahmebedingungen"}]},{"@type":"WebSite","@id":"https:\/\/www.oddset.de\/blog\/#website","url":"https:\/\/www.oddset.de\/blog\/","name":"ODDSET FANZONE","description":"Der Fu\u00dfball &amp; Sportwetten Blog","publisher":{"@id":"https:\/\/www.oddset.de\/blog\/#organization"},"potentialAction":[{"@type":"SearchAction","target":{"@type":"EntryPoint","urlTemplate":"https:\/\/www.oddset.de\/blog\/?s={search_term_string}"},"query-input":{"@type":"PropertyValueSpecification","valueRequired":true,"valueName":"search_term_string"}}],"inLanguage":"de"},{"@type":"Organization","@id":"https:\/\/www.oddset.de\/blog\/#organization","name":"ODDSET FANZONE","url":"https:\/\/www.oddset.de\/blog\/","logo":{"@type":"ImageObject","inLanguage":"de","@id":"https:\/\/www.oddset.de\/blog\/#\/schema\/logo\/image\/","url":"https:\/\/www.oddset.de\/blog\/wp-content\/uploads\/2020\/05\/tb_logo.png","contentUrl":"https:\/\/www.oddset.de\/blog\/wp-content\/uploads\/2020\/05\/tb_logo.png","width":1171,"height":400,"caption":"ODDSET FANZONE"},"image":{"@id":"https:\/\/www.oddset.de\/blog\/#\/schema\/logo\/image\/"},"sameAs":["https:\/\/www.facebook.com\/ODDSETwetten\/","https:\/\/x.com\/ODDSETsport","https:\/\/www.youtube.com\/channel\/UC_vWGAocu28RqdyhzCPf9ZQ"]}]}},"_links":{"self":[{"href":"https:\/\/www.oddset.de\/blog\/wp-json\/wp\/v2\/pages\/97035","targetHints":{"allow":["GET"]}}],"collection":[{"href":"https:\/\/www.oddset.de\/blog\/wp-json\/wp\/v2\/pages"}],"about":[{"href":"https:\/\/www.oddset.de\/blog\/wp-json\/wp\/v2\/types\/page"}],"author":[{"embeddable":true,"href":"https:\/\/www.oddset.de\/blog\/wp-json\/wp\/v2\/users\/66"}],"replies":[{"embeddable":true,"href":"https:\/\/www.oddset.de\/blog\/wp-json\/wp\/v2\/comments?post=97035"}],"version-history":[{"count":17,"href":"https:\/\/www.oddset.de\/blog\/wp-json\/wp\/v2\/pages\/97035\/revisions"}],"predecessor-version":[{"id":105940,"href":"https:\/\/www.oddset.de\/blog\/wp-json\/wp\/v2\/pages\/97035\/revisions\/105940"}],"up":[{"embeddable":true,"href":"https:\/\/www.oddset.de\/blog\/wp-json\/wp\/v2\/pages\/94967"}],"wp:attachment":[{"href":"https:\/\/www.oddset.de\/blog\/wp-json\/wp\/v2\/media?parent=97035"}],"curies":[{"name":"wp","href":"https:\/\/api.w.org\/{rel}","templated":true}]}}