{"id":77088,"date":"2023-07-19T11:57:34","date_gmt":"2023-07-19T09:57:34","guid":{"rendered":"https:\/\/fanzone.oddset.de\/?page_id=77088"},"modified":"2023-08-21T09:50:16","modified_gmt":"2023-08-21T07:50:16","slug":"frauen-wm-hattrick-der-us-girls","status":"publish","type":"page","link":"https:\/\/www.oddset.de\/blog\/frauen-wm-hattrick-der-us-girls\/","title":{"rendered":"Frauen-WM 2023: Tipps, Wetten und Infos"},"content":{"rendered":"\t\t<div data-elementor-type=\"wp-page\" data-elementor-id=\"77088\" class=\"elementor elementor-77088\">\n\t\t\t\t\t\t<section class=\"elementor-section elementor-top-section elementor-element elementor-element-6fb5b94 elementor-section-boxed elementor-section-height-default elementor-section-height-default\" data-id=\"6fb5b94\" data-element_type=\"section\">\n\t\t\t\t\t\t<div class=\"elementor-container elementor-column-gap-default\">\n\t\t\t\t\t<div class=\"elementor-column elementor-col-100 elementor-top-column elementor-element elementor-element-d56a204\" data-id=\"d56a204\" data-element_type=\"column\">\n\t\t\t<div class=\"elementor-widget-wrap elementor-element-populated\">\n\t\t\t\t\t\t<div class=\"elementor-element elementor-element-664193c elementor-widget elementor-widget-text-editor\" data-id=\"664193c\" data-element_type=\"widget\" data-widget_type=\"text-editor.default\">\n\t\t\t\t<div class=\"elementor-widget-container\">\n\t\t\t\t\t\t\t\t\t<p><strong>Wo fand die Frauen-WM 2023 statt:<\/strong> Australien und Neuseeland<\/p><p><strong>Gruppenphase:<\/strong> 8 Gruppen | 32 Teilnehmer | 20. Juli bis 3. August<\/p><p><strong>K.-o.-Phase:<\/strong> 5. bis 20. August<\/p><p><strong>Wer \u00fcbertrug die Frauen-WM 2023 im TV\/Internet:<\/strong> ARD und ZDF<\/p>\t\t\t\t\t\t\t\t<\/div>\n\t\t\t\t<\/div>\n\t\t\t\t\t<\/div>\n\t\t<\/div>\n\t\t\t\t\t<\/div>\n\t\t<\/section>\n\t\t\t\t<section class=\"elementor-section elementor-top-section elementor-element elementor-element-f8a0e75 elementor-section-boxed elementor-section-height-default elementor-section-height-default\" data-id=\"f8a0e75\" data-element_type=\"section\">\n\t\t\t\t\t\t<div class=\"elementor-container elementor-column-gap-default\">\n\t\t\t\t\t<div class=\"elementor-column elementor-col-33 elementor-top-column elementor-element elementor-element-537462a\" data-id=\"537462a\" data-element_type=\"column\">\n\t\t\t<div class=\"elementor-widget-wrap\">\n\t\t\t\t\t\t\t<\/div>\n\t\t<\/div>\n\t\t\t\t<div class=\"elementor-column elementor-col-33 elementor-top-column elementor-element elementor-element-4729ce3\" data-id=\"4729ce3\" data-element_type=\"column\">\n\t\t\t<div class=\"elementor-widget-wrap elementor-element-populated\">\n\t\t\t\t\t\t<div class=\"elementor-element elementor-element-4a56930 elementor-widget elementor-widget-html\" data-id=\"4a56930\" data-element_type=\"widget\" data-widget_type=\"html.default\">\n\t\t\t\t<div class=\"elementor-widget-container\">\n\t\t\t\t\t<div class='hidden'>no entries for sport = t-e_QYwL2IC<\/div>\t\t\t\t<\/div>\n\t\t\t\t<\/div>\n\t\t\t\t\t<\/div>\n\t\t<\/div>\n\t\t\t\t<div class=\"elementor-column elementor-col-33 elementor-top-column elementor-element elementor-element-0c1f29b\" data-id=\"0c1f29b\" data-element_type=\"column\">\n\t\t\t<div class=\"elementor-widget-wrap\">\n\t\t\t\t\t\t\t<\/div>\n\t\t<\/div>\n\t\t\t\t\t<\/div>\n\t\t<\/section>\n\t\t\t\t<section class=\"elementor-section elementor-top-section elementor-element elementor-element-932b054 elementor-section-boxed elementor-section-height-default elementor-section-height-default\" data-id=\"932b054\" data-element_type=\"section\">\n\t\t\t\t\t\t<div class=\"elementor-container elementor-column-gap-default\">\n\t\t\t\t\t<div class=\"elementor-column elementor-col-100 elementor-top-column elementor-element elementor-element-fdfd7c8\" data-id=\"fdfd7c8\" data-element_type=\"column\">\n\t\t\t<div class=\"elementor-widget-wrap elementor-element-populated\">\n\t\t\t\t\t\t<div class=\"elementor-element elementor-element-05af6cd elementor-widget elementor-widget-text-editor\" data-id=\"05af6cd\" data-element_type=\"widget\" data-widget_type=\"text-editor.default\">\n\t\t\t\t<div class=\"elementor-widget-container\">\n\t\t\t\t\t\t\t\t\t<p>Nach 64 Spielen kr\u00f6nte sich Spanien \ud83c\uddea\ud83c\uddf8 verdient zum Frauenfu\u00dfball-Weltmeister 2023 \ud83c\udfc6. Im Finale bezwang das Team von Jorge Vilda England verdient mit 1:0 durch ein <a href=\"https:\/\/www.plus.fifa.com\/de\/player\/8f316a36-9f1c-4fea-9e5a-362f8afd38c6?gl=de&amp;catalogId=11b72c2b-ef1d-4cc1-b060-ad114ce885ed&amp;entryPoint=Slider\" target=\"_blank\" rel=\"noopener\">Traumtor von Olga Carmona<\/a> in der 29. Minute.<\/p><p>Bei der neunten Frauen-WM traten 32 Teams an, die H\u00e4lfte davon musste nach der Vorrunde wieder abreisen. Die wurde in acht Gruppen gespielt, jeweils die beiden Gruppenersten erreichten die K.-o.-Runde. Nicht nur wegen ihrer vier Titel gingen die US-Amerikanerinnen \ud83c\uddfa\ud83c\uddf8 als Topfavoritinnen auf den Rasen, sondern auch weil sie die beiden letzten WMs gewonnen haben.<\/p><p>Der amtierende Europameister England \ud83c\udff4\udb40\udc67\udb40\udc62\udb40\udc65\udb40\udc6e\udb40\udc67\udb40\udc7f und die noch titellosen Spanierinnen \ud83c\uddea\ud83c\uddf8 galten als h\u00e4rteste Konkurrentinnen um den WM-Thron. Auf dem sa\u00dfen die deutschen Fu\u00dfballerinnen \ud83c\udde9\ud83c\uddea bereits zweimal, dass dritte Mal w\u00e4re aber nach der holprigen Vorbereitung eine mittelgro\u00dfe \u00dcberraschung gewesen.<\/p><p>Der Traum der US-Girls und auch der deutschen Frauen war bereits fr\u00fch im Turnier ausgetr\u00e4umt. Schweden stoppte im 1\/8-Finale i.E. die USA und Deutschland schied sogar bereits in der Vorrunde aus.<\/p>\t\t\t\t\t\t\t\t<\/div>\n\t\t\t\t<\/div>\n\t\t\t\t\t<\/div>\n\t\t<\/div>\n\t\t\t\t\t<\/div>\n\t\t<\/section>\n\t\t\t\t<section class=\"elementor-section elementor-top-section elementor-element elementor-element-756d14fa elementor-section-boxed elementor-section-height-default elementor-section-height-default\" data-id=\"756d14fa\" data-element_type=\"section\">\n\t\t\t\t\t\t<div class=\"elementor-container elementor-column-gap-default\">\n\t\t\t\t\t<div class=\"elementor-column elementor-col-100 elementor-top-column elementor-element elementor-element-5464cd53\" data-id=\"5464cd53\" data-element_type=\"column\">\n\t\t\t<div class=\"elementor-widget-wrap elementor-element-populated\">\n\t\t\t\t\t\t<div class=\"elementor-element elementor-element-39a4e145 elementor-align-center elementor-widget elementor-widget-button\" data-id=\"39a4e145\" data-element_type=\"widget\" data-widget_type=\"button.default\">\n\t\t\t\t<div class=\"elementor-widget-container\">\n\t\t\t\t\t\t\t\t\t<div class=\"elementor-button-wrapper\">\n\t\t\t\t\t<a class=\"elementor-button elementor-button-link elementor-size-lg\" href=\"https:\/\/oddset.de\/blog\/frauen-wm-2023-spielplan-und-live-tabelle\/\">\n\t\t\t\t\t\t<span class=\"elementor-button-content-wrapper\">\n\t\t\t\t\t\t\t\t\t<span class=\"elementor-button-text\">Spielplan und Tabelle Frauen-WM 2023<\/span>\n\t\t\t\t\t<\/span>\n\t\t\t\t\t<\/a>\n\t\t\t\t<\/div>\n\t\t\t\t\t\t\t\t<\/div>\n\t\t\t\t<\/div>\n\t\t\t\t\t<\/div>\n\t\t<\/div>\n\t\t\t\t\t<\/div>\n\t\t<\/section>\n\t\t\t\t<section class=\"elementor-section elementor-top-section elementor-element elementor-element-d4e1776 elementor-section-boxed elementor-section-height-default elementor-section-height-default\" data-id=\"d4e1776\" data-element_type=\"section\">\n\t\t\t\t\t\t<div class=\"elementor-container elementor-column-gap-default\">\n\t\t\t\t\t<div class=\"elementor-column elementor-col-100 elementor-top-column elementor-element elementor-element-b4b6271\" data-id=\"b4b6271\" data-element_type=\"column\">\n\t\t\t<div class=\"elementor-widget-wrap elementor-element-populated\">\n\t\t\t\t\t\t<div class=\"elementor-element elementor-element-622ed2d elementor-widget elementor-widget-text-editor\" data-id=\"622ed2d\" data-element_type=\"widget\" data-widget_type=\"text-editor.default\">\n\t\t\t\t<div class=\"elementor-widget-container\">\n\t\t\t\t\t\t\t\t\t<h2>Wer wird Frauen-Weltmeister 2023?<\/h2><p><strong> Top 10 Wett-Tipps<\/strong> | Stand 19. Juli 23<\/p>\t\t\t\t\t\t\t\t<\/div>\n\t\t\t\t<\/div>\n\t\t\t\t<section class=\"elementor-section elementor-inner-section elementor-element elementor-element-7378f55 elementor-section-boxed elementor-section-height-default elementor-section-height-default\" data-id=\"7378f55\" data-element_type=\"section\">\n\t\t\t\t\t\t<div class=\"elementor-container elementor-column-gap-default\">\n\t\t\t\t\t<div class=\"elementor-column elementor-col-50 elementor-inner-column elementor-element elementor-element-5a26acb\" data-id=\"5a26acb\" data-element_type=\"column\">\n\t\t\t<div class=\"elementor-widget-wrap elementor-element-populated\">\n\t\t\t\t\t\t<div class=\"elementor-element elementor-element-69b7e05 elementor-widget elementor-widget-text-editor\" data-id=\"69b7e05\" data-element_type=\"widget\" data-widget_type=\"text-editor.default\">\n\t\t\t\t<div class=\"elementor-widget-container\">\n\t\t\t\t\t\t\t\t\t<p><strong>#1<\/strong> USA &#8211; Aus im 1\/8-Finale<\/p><p><strong>#2<\/strong> England \u2013 2. Platz<\/p><p><strong>#3<\/strong> Spanien \u2013 Weltmeister 2023 \ud83c\udfc6<\/p><p><strong>#4<\/strong> Deutschland \u2013 Vorrundenaus \ud83d\ude2a<\/p><p><strong>#5<\/strong> Australien \u2013 4. Platz<\/p>\t\t\t\t\t\t\t\t<\/div>\n\t\t\t\t<\/div>\n\t\t\t\t\t<\/div>\n\t\t<\/div>\n\t\t\t\t<div class=\"elementor-column elementor-col-50 elementor-inner-column elementor-element elementor-element-fdedb28\" data-id=\"fdedb28\" data-element_type=\"column\">\n\t\t\t<div class=\"elementor-widget-wrap elementor-element-populated\">\n\t\t\t\t\t\t<div class=\"elementor-element elementor-element-92f12f2 elementor-widget elementor-widget-text-editor\" data-id=\"92f12f2\" data-element_type=\"widget\" data-widget_type=\"text-editor.default\">\n\t\t\t\t<div class=\"elementor-widget-container\">\n\t\t\t\t\t\t\t\t\t<div class=\"slv-prog-header slv-prog-entry slv-prog-header-plus clearfix\"><div class=\"left-wrapper-ante\"><p class=\"slv-h antepost slv-t1\"><span class=\"head\"><strong>#6<\/strong> Frankreich \u2013 Aus im 1\/4-Finale<\/span><\/p><p class=\"slv-h antepost slv-t1\"><strong>#7<\/strong>\u00a0<span class=\"head\">Schweden \u2013 3. Platz<\/span><\/p><p class=\"slv-h antepost slv-t1\"><span class=\"head\"><strong>#8\u00a0<\/strong>Niederlande \u2013 Aus im 1\/4-Finale<\/span><\/p><p class=\"slv-h antepost slv-t1\"><span class=\"head\"><strong>#9\u00a0<\/strong>Brasilien \u2013 Vorrundenaus<br \/><\/span><\/p><p class=\"slv-h antepost slv-t1\"><span class=\"head\"><strong>#10<\/strong> Japan \u2013 Aus im 1\/4-Finale<\/span><\/p><\/div><\/div>\t\t\t\t\t\t\t\t<\/div>\n\t\t\t\t<\/div>\n\t\t\t\t\t<\/div>\n\t\t<\/div>\n\t\t\t\t\t<\/div>\n\t\t<\/section>\n\t\t\t\t\t<\/div>\n\t\t<\/div>\n\t\t\t\t\t<\/div>\n\t\t<\/section>\n\t\t\t\t<section class=\"elementor-section elementor-top-section elementor-element elementor-element-e87b247 elementor-section-boxed elementor-section-height-default elementor-section-height-default\" data-id=\"e87b247\" data-element_type=\"section\">\n\t\t\t\t\t\t<div class=\"elementor-container elementor-column-gap-default\">\n\t\t\t\t\t<div class=\"elementor-column elementor-col-100 elementor-top-column elementor-element elementor-element-ab66d1e\" data-id=\"ab66d1e\" data-element_type=\"column\">\n\t\t\t<div class=\"elementor-widget-wrap elementor-element-populated\">\n\t\t\t\t\t\t\t<\/div>\n\t\t<\/div>\n\t\t\t\t\t<\/div>\n\t\t<\/section>\n\t\t\t\t<section class=\"elementor-section elementor-top-section elementor-element elementor-element-857dc43 elementor-section-boxed elementor-section-height-default elementor-section-height-default\" data-id=\"857dc43\" data-element_type=\"section\">\n\t\t\t\t\t\t<div class=\"elementor-container elementor-column-gap-default\">\n\t\t\t\t\t<div class=\"elementor-column elementor-col-100 elementor-top-column elementor-element elementor-element-f663b62\" data-id=\"f663b62\" data-element_type=\"column\">\n\t\t\t<div class=\"elementor-widget-wrap elementor-element-populated\">\n\t\t\t\t\t\t<div class=\"elementor-element elementor-element-d2819f1 elementor-widget elementor-widget-wp-widget-wp_widget_recent_post\" data-id=\"d2819f1\" data-element_type=\"widget\" data-widget_type=\"wp-widget-wp_widget_recent_post.default\">\n\t\t\t\t<div class=\"elementor-widget-container\">\n\t\t\t\t\t\n        <div class=\"article\">\n            <div class=\"articleHeaderWrapper\">\n                <div class=\"articleCategory\">\n                    <div class=\"articleCategory--icon\"><i class=\"oddicon-soccer\"><\/i><\/div><a href=\"https:\/\/www.oddset.de\/blog\/fussball\/\">Fu\u00dfball<\/a><a href=\"https:\/\/www.oddset.de\/blog\/fussball\/frauen-wm\/\">Frauen-WM<\/a><\/div>\n                    <div class=\"clear\"><\/div>\n                    <div class=\"articleInner\">\n                        <div class=\"articleTitle\"><h3><a href=\"https:\/\/www.oddset.de\/blog\/fussball\/frauen-wm\/australien-england-das-wm-finale-zum-greifen-nah\/\">Australien \u2013 England: Das WM-Finale zum greifen nah<\/a><\/h3><\/div>\n                        <div class=\"articleMeta\">\n                            <div class=\"articleImage\"><a href=\"https:\/\/www.oddset.de\/blog\/fussball\/frauen-wm\/australien-england-das-wm-finale-zum-greifen-nah\/\"><img fetchpriority=\"high\" decoding=\"async\" width=\"1024\" height=\"640\" src=\"https:\/\/www.oddset.de\/blog\/wp-content\/uploads\/2023\/08\/wmf-australienf-irlandffz.jpg\" class=\"attachment-full size-full wp-post-image\" alt=\"Australien (F) - England (F): Mittwoch, 12:00 Uhr\" srcset=\"https:\/\/www.oddset.de\/blog\/wp-content\/uploads\/2023\/08\/wmf-australienf-irlandffz.jpg 1024w, https:\/\/www.oddset.de\/blog\/wp-content\/uploads\/2023\/08\/wmf-australienf-irlandffz-300x188.jpg 300w, https:\/\/www.oddset.de\/blog\/wp-content\/uploads\/2023\/08\/wmf-australienf-irlandffz-768x480.jpg 768w\" sizes=\"(max-width: 1024px) 100vw, 1024px\" \/><\/a><\/div>\n                            \n                        <\/div>\n                        <div class=\"articleTeaserText\"><span class=\"exerptDate\" itemprop=\"startDate\">15. August 2023<\/span><br\/><p class=\"p1\">Australien \u2013 England ist die zweite Halbfinalpaarung bei der Frauen-WM in Neuseeland und Australien. Noch ein Sieg fehlt und das Finale ist erreicht. Auf dem Weg dorthin wurde es f\u00fcr beide Teams ganz sch\u00f6n knapp. K\u00f6nnen die Australierinnen den Heimvorteil nutzen oder bleiben die Engl\u00e4nderinnen unbesiegt?<\/p>\n<\/div>\n                        <div class=\"articleReadmore\"><a href=\"https:\/\/www.oddset.de\/blog\/fussball\/frauen-wm\/australien-england-das-wm-finale-zum-greifen-nah\/\" class=\"button\">lesen<\/a><\/div>\n                <\/div>\n            <\/div>\n        <\/div>\t\t\t\t<\/div>\n\t\t\t\t<\/div>\n\t\t\t\t\t<\/div>\n\t\t<\/div>\n\t\t\t\t\t<\/div>\n\t\t<\/section>\n\t\t\t\t<\/div>\n\t\t","protected":false},"excerpt":{"rendered":"<p>Wo fand die Frauen-WM 2023 statt: Australien und Neuseeland Gruppenphase: 8 Gruppen | 32 Teilnehmer | 20. Juli bis 3. August K.-o.-Phase: 5. bis 20. August Wer \u00fcbertrug die Frauen-WM 2023 im TV\/Internet: ARD und ZDF Nach 64 Spielen kr\u00f6nte sich Spanien \ud83c\uddea\ud83c\uddf8 verdient zum Frauenfu\u00dfball-Weltmeister 2023 \ud83c\udfc6. Im Finale bezwang das Team von Jorge [&hellip;]<\/p>\n","protected":false},"author":21,"featured_media":77089,"parent":0,"menu_order":0,"comment_status":"closed","ping_status":"closed","template":"","meta":{"_acf_changed":false,"footnotes":""},"class_list":["post-77088","page","type-page","status-publish","has-post-thumbnail","hentry"],"acf":[],"yoast_head":"<!-- This site is optimized with the Yoast SEO plugin v26.0 - https:\/\/yoast.com\/wordpress\/plugins\/seo\/ -->\n<title>Frauen-WM 2023: Tipps, Wetten und Infos - ODDSET FANZONE<\/title>\n<meta name=\"description\" content=\"Die Frauen-WM 2023 in Australien\/Neuseeland. Wett-Tipps \u2705 Vorschauen \u2705 top Quoten \u2705 USA (F) wird Weltmeister \ud83d\udc49 Quote 3,25. Mehr Infos &gt;&gt;\" \/>\n<meta name=\"robots\" content=\"index, follow, max-snippet:-1, max-image-preview:large, max-video-preview:-1\" \/>\n<link rel=\"canonical\" href=\"https:\/\/www.oddset.de\/blog\/frauen-wm-hattrick-der-us-girls\/\" \/>\n<meta property=\"og:locale\" content=\"de_DE\" \/>\n<meta property=\"og:type\" content=\"article\" \/>\n<meta property=\"og:title\" content=\"Frauen-WM 2023: Tipps, Wetten und Infos - ODDSET FANZONE\" \/>\n<meta property=\"og:description\" content=\"Die Frauen-WM 2023 in Australien\/Neuseeland. Wett-Tipps \u2705 Vorschauen \u2705 top Quoten \u2705 USA (F) wird Weltmeister \ud83d\udc49 Quote 3,25. Mehr Infos &gt;&gt;\" \/>\n<meta property=\"og:url\" content=\"https:\/\/www.oddset.de\/blog\/frauen-wm-hattrick-der-us-girls\/\" \/>\n<meta property=\"og:site_name\" content=\"ODDSET FANZONE\" \/>\n<meta property=\"article:publisher\" content=\"https:\/\/www.facebook.com\/ODDSETwetten\/\" \/>\n<meta property=\"article:modified_time\" content=\"2023-08-21T07:50:16+00:00\" \/>\n<meta property=\"og:image\" content=\"https:\/\/www.oddset.de\/blog\/wp-content\/uploads\/2023\/07\/frauen-wm-fz.jpg\" \/>\n\t<meta property=\"og:image:width\" content=\"1418\" \/>\n\t<meta property=\"og:image:height\" content=\"485\" \/>\n\t<meta property=\"og:image:type\" content=\"image\/jpeg\" \/>\n<meta name=\"twitter:card\" content=\"summary_large_image\" \/>\n<meta name=\"twitter:site\" content=\"@ODDSETsport\" \/>\n<meta name=\"twitter:label1\" content=\"Gesch\u00e4tzte Lesezeit\" \/>\n\t<meta name=\"twitter:data1\" content=\"4\u00a0Minuten\" \/>\n<!-- \/ Yoast SEO plugin. -->","yoast_head_json":{"title":"Frauen-WM 2023: Tipps, Wetten und Infos - ODDSET FANZONE","description":"Die Frauen-WM 2023 in Australien\/Neuseeland. Wett-Tipps \u2705 Vorschauen \u2705 top Quoten \u2705 USA (F) wird Weltmeister \ud83d\udc49 Quote 3,25. Mehr Infos >>","robots":{"index":"index","follow":"follow","max-snippet":"max-snippet:-1","max-image-preview":"max-image-preview:large","max-video-preview":"max-video-preview:-1"},"canonical":"https:\/\/www.oddset.de\/blog\/frauen-wm-hattrick-der-us-girls\/","og_locale":"de_DE","og_type":"article","og_title":"Frauen-WM 2023: Tipps, Wetten und Infos - ODDSET FANZONE","og_description":"Die Frauen-WM 2023 in Australien\/Neuseeland. Wett-Tipps \u2705 Vorschauen \u2705 top Quoten \u2705 USA (F) wird Weltmeister \ud83d\udc49 Quote 3,25. Mehr Infos >>","og_url":"https:\/\/www.oddset.de\/blog\/frauen-wm-hattrick-der-us-girls\/","og_site_name":"ODDSET FANZONE","article_publisher":"https:\/\/www.facebook.com\/ODDSETwetten\/","article_modified_time":"2023-08-21T07:50:16+00:00","og_image":[{"width":1418,"height":485,"url":"https:\/\/www.oddset.de\/blog\/wp-content\/uploads\/2023\/07\/frauen-wm-fz.jpg","type":"image\/jpeg"}],"twitter_card":"summary_large_image","twitter_site":"@ODDSETsport","twitter_misc":{"Gesch\u00e4tzte Lesezeit":"4\u00a0Minuten"},"schema":{"@context":"https:\/\/schema.org","@graph":[{"@type":"WebPage","@id":"https:\/\/www.oddset.de\/blog\/frauen-wm-hattrick-der-us-girls\/","url":"https:\/\/www.oddset.de\/blog\/frauen-wm-hattrick-der-us-girls\/","name":"Frauen-WM 2023: Tipps, Wetten und Infos - ODDSET FANZONE","isPartOf":{"@id":"https:\/\/www.oddset.de\/blog\/#website"},"primaryImageOfPage":{"@id":"https:\/\/www.oddset.de\/blog\/frauen-wm-hattrick-der-us-girls\/#primaryimage"},"image":{"@id":"https:\/\/www.oddset.de\/blog\/frauen-wm-hattrick-der-us-girls\/#primaryimage"},"thumbnailUrl":"https:\/\/www.oddset.de\/blog\/wp-content\/uploads\/2023\/07\/frauen-wm-fz.jpg","datePublished":"2023-07-19T09:57:34+00:00","dateModified":"2023-08-21T07:50:16+00:00","description":"Die Frauen-WM 2023 in Australien\/Neuseeland. Wett-Tipps \u2705 Vorschauen \u2705 top Quoten \u2705 USA (F) wird Weltmeister \ud83d\udc49 Quote 3,25. Mehr Infos >>","breadcrumb":{"@id":"https:\/\/www.oddset.de\/blog\/frauen-wm-hattrick-der-us-girls\/#breadcrumb"},"inLanguage":"de","potentialAction":[{"@type":"ReadAction","target":["https:\/\/www.oddset.de\/blog\/frauen-wm-hattrick-der-us-girls\/"]}]},{"@type":"ImageObject","inLanguage":"de","@id":"https:\/\/www.oddset.de\/blog\/frauen-wm-hattrick-der-us-girls\/#primaryimage","url":"https:\/\/www.oddset.de\/blog\/wp-content\/uploads\/2023\/07\/frauen-wm-fz.jpg","contentUrl":"https:\/\/www.oddset.de\/blog\/wp-content\/uploads\/2023\/07\/frauen-wm-fz.jpg","width":1418,"height":485,"caption":"Frauen-WM in Australien & Neuseeland"},{"@type":"BreadcrumbList","@id":"https:\/\/www.oddset.de\/blog\/frauen-wm-hattrick-der-us-girls\/#breadcrumb","itemListElement":[{"@type":"ListItem","position":1,"name":"Startseite","item":"https:\/\/www.oddset.de\/blog\/"},{"@type":"ListItem","position":2,"name":"Frauen-WM 2023: Tipps, Wetten und Infos"}]},{"@type":"WebSite","@id":"https:\/\/www.oddset.de\/blog\/#website","url":"https:\/\/www.oddset.de\/blog\/","name":"ODDSET FANZONE","description":"Der Fu\u00dfball &amp; Sportwetten Blog","publisher":{"@id":"https:\/\/www.oddset.de\/blog\/#organization"},"potentialAction":[{"@type":"SearchAction","target":{"@type":"EntryPoint","urlTemplate":"https:\/\/www.oddset.de\/blog\/?s={search_term_string}"},"query-input":{"@type":"PropertyValueSpecification","valueRequired":true,"valueName":"search_term_string"}}],"inLanguage":"de"},{"@type":"Organization","@id":"https:\/\/www.oddset.de\/blog\/#organization","name":"ODDSET FANZONE","url":"https:\/\/www.oddset.de\/blog\/","logo":{"@type":"ImageObject","inLanguage":"de","@id":"https:\/\/www.oddset.de\/blog\/#\/schema\/logo\/image\/","url":"https:\/\/www.oddset.de\/blog\/wp-content\/uploads\/2020\/05\/tb_logo.png","contentUrl":"https:\/\/www.oddset.de\/blog\/wp-content\/uploads\/2020\/05\/tb_logo.png","width":1171,"height":400,"caption":"ODDSET FANZONE"},"image":{"@id":"https:\/\/www.oddset.de\/blog\/#\/schema\/logo\/image\/"},"sameAs":["https:\/\/www.facebook.com\/ODDSETwetten\/","https:\/\/x.com\/ODDSETsport","https:\/\/www.youtube.com\/channel\/UC_vWGAocu28RqdyhzCPf9ZQ"]}]}},"_links":{"self":[{"href":"https:\/\/www.oddset.de\/blog\/wp-json\/wp\/v2\/pages\/77088","targetHints":{"allow":["GET"]}}],"collection":[{"href":"https:\/\/www.oddset.de\/blog\/wp-json\/wp\/v2\/pages"}],"about":[{"href":"https:\/\/www.oddset.de\/blog\/wp-json\/wp\/v2\/types\/page"}],"author":[{"embeddable":true,"href":"https:\/\/www.oddset.de\/blog\/wp-json\/wp\/v2\/users\/21"}],"replies":[{"embeddable":true,"href":"https:\/\/www.oddset.de\/blog\/wp-json\/wp\/v2\/comments?post=77088"}],"version-history":[{"count":129,"href":"https:\/\/www.oddset.de\/blog\/wp-json\/wp\/v2\/pages\/77088\/revisions"}],"predecessor-version":[{"id":78591,"href":"https:\/\/www.oddset.de\/blog\/wp-json\/wp\/v2\/pages\/77088\/revisions\/78591"}],"wp:featuredmedia":[{"embeddable":true,"href":"https:\/\/www.oddset.de\/blog\/wp-json\/wp\/v2\/media\/77089"}],"wp:attachment":[{"href":"https:\/\/www.oddset.de\/blog\/wp-json\/wp\/v2\/media?parent=77088"}],"curies":[{"name":"wp","href":"https:\/\/api.w.org\/{rel}","templated":true}]}}