{"id":7627,"date":"2017-08-23T11:41:06","date_gmt":"2017-08-23T09:41:06","guid":{"rendered":"https:\/\/fanzone.oddset.de\/?page_id=7627"},"modified":"2024-11-28T16:06:20","modified_gmt":"2024-11-28T15:06:20","slug":"teilnahmebedingungen-facebook-gewinnspiel","status":"publish","type":"page","link":"https:\/\/www.oddset.de\/blog\/teilnahmebedingungen-facebook-gewinnspiel\/","title":{"rendered":"Teilnahmebedingungen Facebook Adventskalender-Gewinnspiel"},"content":{"rendered":"\t\t<div data-elementor-type=\"wp-post\" data-elementor-id=\"7627\" class=\"elementor elementor-7627\">\n\t\t\t\t\t\t<section class=\"elementor-section elementor-top-section elementor-element elementor-element-b1cd03f elementor-section-boxed elementor-section-height-default elementor-section-height-default\" data-id=\"b1cd03f\" data-element_type=\"section\">\n\t\t\t\t\t\t<div class=\"elementor-container elementor-column-gap-default\">\n\t\t\t\t\t<div class=\"elementor-column elementor-col-100 elementor-top-column elementor-element elementor-element-4e6a020\" data-id=\"4e6a020\" data-element_type=\"column\">\n\t\t\t<div class=\"elementor-widget-wrap elementor-element-populated\">\n\t\t\t\t\t\t<div class=\"elementor-element elementor-element-w0lkxkv elementor-widget elementor-widget-text-editor\" data-id=\"w0lkxkv\" data-element_type=\"widget\" data-widget_type=\"text-editor.default\">\n\t\t\t\t<div class=\"elementor-widget-container\">\n\t\t\t\t\t\t\t\t\t<h2>1.<strong> Gegenstand<\/strong><\/h2><ol><li>Diese Teilnahmebedingungen und Datenschutzhinweise regeln die Teilnahme an dem Gewinnspiel der ODDSET Sportwetten GmbH (nachfolgend bezeichnet als \u201cVeranstalter\u201d) durch die Teilnehmer.<\/li><li>Mit der Teilnahme am Gewinnspiel akzeptieren die Teilnehmer diese Teilnahmebedingungen.<\/li><\/ol>\t\t\t\t\t\t\t\t<\/div>\n\t\t\t\t<\/div>\n\t\t\t\t\t<\/div>\n\t\t<\/div>\n\t\t\t\t\t<\/div>\n\t\t<\/section>\n\t\t\t\t<section class=\"elementor-section elementor-top-section elementor-element elementor-element-789af64 elementor-section-boxed elementor-section-height-default elementor-section-height-default\" data-id=\"789af64\" data-element_type=\"section\">\n\t\t\t\t\t\t<div class=\"elementor-container elementor-column-gap-default\">\n\t\t\t\t\t<div class=\"elementor-column elementor-col-100 elementor-top-column elementor-element elementor-element-140e87e\" data-id=\"140e87e\" data-element_type=\"column\">\n\t\t\t<div class=\"elementor-widget-wrap elementor-element-populated\">\n\t\t\t\t\t\t<div class=\"elementor-element elementor-element-b4361bd elementor-widget elementor-widget-text-editor\" data-id=\"b4361bd\" data-element_type=\"widget\" data-widget_type=\"text-editor.default\">\n\t\t\t\t<div class=\"elementor-widget-container\">\n\t\t\t\t\t\t\t\t\t<h2>2.<strong> Teilnahme<\/strong><\/h2><ol><li>Teilnahmeberechtigt am Gewinnspiel sind alle Personen, die das 18. Lebensjahr vollendet und ihren Wohnsitz in Deutschland haben. Teilnehmer aus anderen L\u00e4ndern sind nicht teilnahmeberechtigt.<\/li><li>Es sind nur Teilnehmer mit einem pers\u00f6nlichen Facebook-Konto erlaubt. Die Teilnahme mit gef\u00e4lschten Identit\u00e4ten oder mit Identit\u00e4ten von Drittpersonen ist nicht erlaubt.<\/li><li><p>Ausgeschlossen von der Teilnahme sind Mitarbeiter des Veranstalters sowie Mitarbeiter von Kooperationspartnern, die mit der Erstellung oder Abwicklung des Gewinnspiels besch\u00e4ftigt sind oder waren, sowie Angeh\u00f6rige solcher Mitarbeiter und deren Verwandte.<\/p><\/li><li><p>Der Aktionszeitraum f\u00fcr das Facebook Adventskalender Gewinnspiel ist vom 01.12.2024 bis zum 24.12.2024.<\/p><\/li><li><p>Die Teilnahme am Gewinnspiel ist je Adventskalender-Tag nur im jeweiligen Gewinnspielzeitraum von 00:01 Uhr bis 14:00 Uhr m\u00f6glich.<\/p><\/li><li><span class=\"ui-provider ef bhq bhr bhs bht bhu bhv bhw bhx bhy bhz bia bib bic bid bie bif big bih bii bij bik bil bim bin bio bip biq bir bis bit biu biv biw bix\" dir=\"ltr\">Die Teilnahme am Gewinnspiel erfolgt im Falle einer Frage durch Beantwortung dieser mittels der Kommentarfunktion, oder im Falle einer Quiz-Frage durch Kommentierung der richtigen L\u00f6sung unter dem jeweiligen Facebook-Post des Adventskalender-Tages.<\/span><\/li><li>Pro Teilnehmer ist nur eine Teilnahme erlaubt.<\/li><\/ol><h2>3. Gewinne und Gewinnbenachrichtigung<\/h2><ol><li>Die \u00dcbermittlung der Adressdaten (Name, Vorname, Stra\u00dfe, Postleitzahl und Wohnort ) ist f\u00fcr die Abwicklung des Gewinns notwendig. Zus\u00e4tzlich kann das Geburtsdatum zur Alterspr\u00fcfung abgefragt werden.<\/li><li>Sollten die angegebenen Kontaktm\u00f6glichkeiten oder Adressdaten fehlerhaft sein, ist der Veranstalter nicht verpflichtet, richtige Adressen auszuforschen. Die Nachteile, die sich aus der Angabe fehlerhafter Kontakt- oder Adressdaten ergeben, gehen zu Lasten des betreffenden Teilnehmers.<\/li><li>Unter allen Teilnehmern, die im jeweiligen Gewinnspielzeitraum des jeweiligen Adventskalender-Tages die richtige L\u00f6sung unter dem Facebook-Post kommentiert haben, verlost der Veranstalter am selben Tag ab 14 Uhr per Zufallsgenerator den Preis des Vortages.<\/li><li>Eine Auszahlung des jeweiligen Gewinns (auch teilweise) in bar, in Sachwerten, dessen Tausch, Verkauf oder \u00dcbertragung auf andere Personen ist nicht m\u00f6glich bzw. kann rechtliche Konsequenzen nach sich ziehen. Ein Teilnehmer kann auf seinen Gewinn verzichten. In diesem Fall r\u00fcckt an seine Stelle ein anderer ausgeloster Ersatzkandidat.<\/li><li>Der Gewinner wird durch den Veranstalter per Nachricht direkt kontaktiert.<\/li><li>\u00a0Der Veranstalter beh\u00e4lt sich vor, notwendige \u00c4nderungen der ausgelobten Preise vorzunehmen, welche durch andere au\u00dferhalb des Einflussbereichs des Veranstalters liegende Faktoren bedingt sind.<\/li><li>Best\u00e4tigt der Gewinner die Annahme des jeweiligen Gewinns nicht innerhalb einer Frist von 1 Tag (24 Stunden nach Ver\u00f6ffentlichung des Gewinners durch die direkte Nachricht), verf\u00e4llt der nicht best\u00e4tigte Gewinn und wird einem neuen ausgelosten Ersatzkandidaten angeboten.<\/li><\/ol>\t\t\t\t\t\t\t\t<\/div>\n\t\t\t\t<\/div>\n\t\t\t\t\t<\/div>\n\t\t<\/div>\n\t\t\t\t\t<\/div>\n\t\t<\/section>\n\t\t\t\t<section class=\"elementor-section elementor-top-section elementor-element elementor-element-z9itb82 elementor-section-boxed elementor-section-height-default elementor-section-height-default\" data-id=\"z9itb82\" data-element_type=\"section\">\n\t\t\t\t\t\t<div class=\"elementor-container elementor-column-gap-default\">\n\t\t\t\t\t<div class=\"elementor-column elementor-col-100 elementor-top-column elementor-element elementor-element-kw611t3\" data-id=\"kw611t3\" data-element_type=\"column\">\n\t\t\t<div class=\"elementor-widget-wrap elementor-element-populated\">\n\t\t\t\t\t\t<div class=\"elementor-element elementor-element-fe07eea elementor-widget elementor-widget-text-editor\" data-id=\"fe07eea\" data-element_type=\"widget\" data-widget_type=\"text-editor.default\">\n\t\t\t\t<div class=\"elementor-widget-container\">\n\t\t\t\t\t\t\t\t\t<h2>4. Gew\u00e4hrleistungsausschluss, vorzeitige Beendigung sowie \u00c4nderungen und Ausschluss von der Teilnahme<\/h2><p>1. Der Veranstalter weist darauf hin, dass die Verf\u00fcgbarkeit und Funktion des Gewinnspiels nicht gew\u00e4hrleistet werden kann.\u00a0<\/p><p>2. Das Gewinnspiel kann aufgrund von \u00e4u\u00dferen Umst\u00e4nden und Zw\u00e4ngen abgebrochen, ausgesetzt, beendet oder entfernt werden, ohne dass hieraus Anspr\u00fcche der Teilnehmer gegen\u00fcber dem Veranstalter entstehen. Dies gilt insbesondere, wenn<\/p><ul><li>w\u00e4hrend der Durchf\u00fchrung Promotionsrichtlinien von Facebook ge\u00e4ndert w\u00fcrden, so dass eine Durchf\u00fchrung nicht nach den g\u00fcltigen Bestimmungen von Facebook m\u00f6glich w\u00e4re oder das Gewinnspiel aus irgendwelchen Gr\u00fcnden von Facebook gestoppt w\u00fcrde;<\/li><li>ein Missbrauchsversuch durch Manipulationen festgestellt wird;<\/li><li>eine ordnungsgem\u00e4\u00dfe Durchf\u00fchrung nicht mehr sichergestellt ist, insbesondere beim Ausfall von Hard- oder Software, Programmfehlern, Computerviren, nicht autorisierten Eingriffen Dritter sowie bei sonstigen technischen oder rechtlichen Problemen.<\/li><li>die Fortsetzung dieser Aktion aus rechtlichen Gr\u00fcnden nicht gew\u00e4hrleistet werden kann<\/li><\/ul><div>3. Der Veranstalter beh\u00e4lt sich zudem vor, diese Aktion zu jedem Zeitpunkt ohne Vorank\u00fcndigung abzubrechen oder zu beenden.<\/div><h2>5. Verwertungsrechte<\/h2><p>1. Mit Teilnahme am Gewinnspiel und\/oder Hochladen seines Beitrags, der aus einem Text, Bild, Foto, Video, Emoji, etc. bestehen kann, willigt der Teilnehmer in die Ver\u00f6ffentlichung und mediale Verwertung des Gewinners von Sachpreisen bzw. des Beitrags durch den Veranstalter ein. Er r\u00e4umt dem Veranstalter bez\u00fcglich des Beitrags ein unwiderrufliches und zeitlich und r\u00e4umlich uneingeschr\u00e4nktes Nutzungsrecht- und Verwertungsrecht ein. Der Teilnehmer versichert, im Falle eines Beitrages, alle Rechte an seinem Beitrag zu besitzen und diese nicht an einen Dritten \u00fcbertragen zu haben oder zu \u00fcbertragen. Bei Versto\u00df gegen vorgenannte Bestimmungen stellt der Teilnehmer den Veranstalter von allen Anspr\u00fcchen, insbesondere von festgestellten oder behaupteten Anspr\u00fcchen Dritter auf erstes Anfordern frei. Dies gilt auch f\u00fcr alle im Falle eines Rechtsstreits entstehenden Kosten und Aufwendungen des Veranstalters.<\/p><p>2. Es steht dem Teilnehmer jederzeit frei, durch schriftlichen Widerruf gegen\u00fcber dem Veranstalter die Einwilligung in die Nutzung und Speicherung aufzuheben bzw. eine Berichtigung der Daten zu veranlassen. Hierzu gen\u00fcgt eine Email an info@oddset.de. Im Falle eines Widerrufs werden die personenbezogenen Daten des konkreten Teilnehmers unverz\u00fcglich gel\u00f6scht. Erfolgt der Widerruf vor Beendigung der Abwicklung des Gewinnspiels, so ist hiermit die weitere Teilnahme an dem Gewinnspiel ausgeschlossen. Auf die Regelungen zum Datenschutz unter Ziffer 8 dieser Teilnahmebedingungen wird verwiesen.<\/p><h2>6. Haftung<\/h2><p>Mit der Teilnahme am Gewinnspiel stellt der Teilnehmer Facebook von jeder Haftung frei.<\/p><h2>7. Ausschluss<\/h2><ol><li>Ein Versto\u00df gegen dies Teilnahmebedingungen berechtigt den Veranstalter, den betroffenen Teilnehmer von der Teilnahme am Gewinnspiel auszuschlie\u00dfen. Dies gilt insbesondere, wenn der Teilnehmer falsche Angaben macht oder seine Beitr\u00e4ge\/Kommentare\/andere Inhalte gegen geltendes Recht oder Rechte Dritter versto\u00dfen. Gleiches gilt bei Kommentaren, die als gewaltverherrlichend, anst\u00f6\u00dfig, bel\u00e4stigend oder herabw\u00fcrdigend angesehen werden k\u00f6nnen oder in sonstiger Weise gegen das gesellschaftliche Anstandsgef\u00fchl versto\u00dfen.<\/li><li>Handelt es sich bei dem ausgeschlossenen Teilnehmer um einen bereits ausgelosten Gewinner, kann der Gewinn nachtr\u00e4glich aberkannt werden.<\/li><li>Der Veranstalter kann einzelne Personen nach eigenem Ermessen und ohne Benachrichtigung von dieser Aktion ausschlie\u00dfen. Diese Entscheidung vom Veranstalter wird im Streitfall als endg\u00fcltig angesehen.<\/li><\/ol><h2>8. Datenschutz<\/h2><ol><li>Der Veranstalter ist verantwortlich f\u00fcr die Erhebung, Verarbeitung und Nutzung von personenbezogenen Daten der Teilnehmer, sofern er diese selbst verarbeitet.<\/li><li>Folgende Daten werden von den Teilnehmern durch den Veranstalter erhoben und dienen der Gestaltung, Durchf\u00fchrung und Abwicklung des Gewinnspiels: Name des Teilnehmers, falls n\u00f6tig Emailadresse, Facebook-User-ID und Profilbild, Postanschrift, Telefonnummer und Geburtsdatum. Der Veranstalter wird diese Daten nur insoweit speichern, verarbeiten und nutzen, soweit dies f\u00fcr die Durchf\u00fchrung des Gewinnspiels erforderlich ist bzw. eine Einwilligung des Teilnehmers vorliegt. Die Daten werden ausschlie\u00dflich zur Durchf\u00fchrung des Gewinnspiels und zur Abwicklung des Gewinns verwendet und anschlie\u00dfend gel\u00f6scht.<\/li><li>Auf schriftliche oder in Textform mitgeteilte Anforderung hin k\u00f6nnen die Teilnehmer vom Veranstalter jederzeit Auskunft dar\u00fcber verlangen, welche personenbezogenen Daten bei dem Veranstalter erhoben worden sind, k\u00f6nnen deren Berichtigung sowie L\u00f6schung verlangen und Datennutzungseinwilligungen widerrufen.<\/li><\/ol><h2><strong>9. Hinweise und Bedingungen von Facebook<\/strong><\/h2><ol><li>Neben diesen Teilnahmebedingungen wird das Verh\u00e4ltnis zwischen dem Veranstalter, dem Teilnehmer und Facebook durch Facebook Nutzungsbedingungen https:\/\/www.facebook.com\/terms.php\u00a0 und die Datenschutzregeln von Facebook bestimmt: https:\/\/www.facebook.com\/privacy\/policy.<\/li><li>Der Teilnehmer kann gegen\u00fcber Facebook keine Anspr\u00fcche geltend machen, die im Zusammenhang mit der Nutzung der Gewinnspielapplikation oder Teilnahme am Gewinnspiel entstehen.<\/li><li>Der Teilnehmer erkennt an, dass sowohl die Gewinnspielapplikation als auch das Gewinnspiel in keiner Weise von Facebook gesponsert, unterst\u00fctzt oder organisiert wird bzw. in keiner Verbindung zu Facebook steht.<\/li><li>Alle Informationen und Daten, die durch die Nutzung der Gewinnspielapplikation oder beim Gewinnspiel durch den Teilnehmer mitgeteilt oder von diesen erhoben werden, werden nur dem Veranstalter und nicht Facebook bereitgestellt.<\/li><li>S\u00e4mtliche Anfragen und Hinweise bez\u00fcglich des Gewinnspiels sind an den Veranstalter und nicht an Facebook zu richten.<\/li><\/ol><h2>10. Sonstiges<\/h2><ol><li>Wenn eine dieser Teilnahmebedingungen ung\u00fcltig ist oder wird, bleibt die G\u00fcltigkeit der \u00fcbrigen Teilnahmebedingungen hiervon unber\u00fchrt.<\/li><li>Bei Zuwiderhandlung gegen diese Teilnahmebedingungen besteht kein Anspruch auf Gewinn oder Pr\u00e4mien.<\/li><li>Die Teilnahmebedingungen unterliegen deutschem Recht. Ein Rechtsweg zur \u00dcberpr\u00fcfung der Auslosung ist ausgeschlossen.<\/li><\/ol>\t\t\t\t\t\t\t\t<\/div>\n\t\t\t\t<\/div>\n\t\t\t\t\t<\/div>\n\t\t<\/div>\n\t\t\t\t\t<\/div>\n\t\t<\/section>\n\t\t\t\t<\/div>\n\t\t","protected":false},"excerpt":{"rendered":"<p>1. Gegenstand Diese Teilnahmebedingungen und Datenschutzhinweise regeln die Teilnahme an dem Gewinnspiel der ODDSET Sportwetten GmbH (nachfolgend bezeichnet als \u201cVeranstalter\u201d) durch die Teilnehmer. Mit der Teilnahme am Gewinnspiel akzeptieren die Teilnehmer diese Teilnahmebedingungen. 2. Teilnahme Teilnahmeberechtigt am Gewinnspiel sind alle Personen, die das 18. Lebensjahr vollendet und ihren Wohnsitz in Deutschland haben. Teilnehmer aus anderen [&hellip;]<\/p>\n","protected":false},"author":3,"featured_media":39716,"parent":0,"menu_order":0,"comment_status":"closed","ping_status":"closed","template":"","meta":{"_acf_changed":false,"footnotes":""},"class_list":["post-7627","page","type-page","status-publish","has-post-thumbnail","hentry"],"acf":[],"yoast_head":"<!-- This site is optimized with the Yoast SEO plugin v26.0 - https:\/\/yoast.com\/wordpress\/plugins\/seo\/ -->\n<title>Teilnahmebedingungen-Facebook<\/title>\n<meta name=\"description\" content=\"Teilnahmebedingungen f\u00fcr das Facebook Adventskalender-Gewinnspiel. T\u00e4glich tolle Preise gewinnen.\" \/>\n<meta name=\"robots\" content=\"index, follow, max-snippet:-1, max-image-preview:large, max-video-preview:-1\" \/>\n<link rel=\"canonical\" href=\"https:\/\/www.oddset.de\/blog\/teilnahmebedingungen-facebook-gewinnspiel\/\" \/>\n<meta property=\"og:locale\" content=\"de_DE\" \/>\n<meta property=\"og:type\" content=\"article\" \/>\n<meta property=\"og:title\" content=\"Teilnahmebedingungen-Facebook\" \/>\n<meta property=\"og:description\" content=\"Teilnahmebedingungen f\u00fcr das Facebook Adventskalender-Gewinnspiel. T\u00e4glich tolle Preise gewinnen.\" \/>\n<meta property=\"og:url\" content=\"https:\/\/www.oddset.de\/blog\/teilnahmebedingungen-facebook-gewinnspiel\/\" \/>\n<meta property=\"og:site_name\" content=\"ODDSET FANZONE\" \/>\n<meta property=\"article:publisher\" content=\"https:\/\/www.facebook.com\/ODDSETwetten\/\" \/>\n<meta property=\"article:modified_time\" content=\"2024-11-28T15:06:20+00:00\" \/>\n<meta property=\"og:image\" content=\"https:\/\/www.oddset.de\/blog\/wp-content\/uploads\/2020\/11\/adventskalender.jpg\" \/>\n\t<meta property=\"og:image:width\" content=\"1171\" \/>\n\t<meta property=\"og:image:height\" content=\"400\" \/>\n\t<meta property=\"og:image:type\" content=\"image\/jpeg\" \/>\n<meta name=\"twitter:card\" content=\"summary_large_image\" \/>\n<meta name=\"twitter:site\" content=\"@ODDSETsport\" \/>\n<meta name=\"twitter:label1\" content=\"Gesch\u00e4tzte Lesezeit\" \/>\n\t<meta name=\"twitter:data1\" content=\"7\u00a0Minuten\" \/>\n<!-- \/ Yoast SEO plugin. -->","yoast_head_json":{"title":"Teilnahmebedingungen-Facebook","description":"Teilnahmebedingungen f\u00fcr das Facebook Adventskalender-Gewinnspiel. T\u00e4glich tolle Preise gewinnen.","robots":{"index":"index","follow":"follow","max-snippet":"max-snippet:-1","max-image-preview":"max-image-preview:large","max-video-preview":"max-video-preview:-1"},"canonical":"https:\/\/www.oddset.de\/blog\/teilnahmebedingungen-facebook-gewinnspiel\/","og_locale":"de_DE","og_type":"article","og_title":"Teilnahmebedingungen-Facebook","og_description":"Teilnahmebedingungen f\u00fcr das Facebook Adventskalender-Gewinnspiel. T\u00e4glich tolle Preise gewinnen.","og_url":"https:\/\/www.oddset.de\/blog\/teilnahmebedingungen-facebook-gewinnspiel\/","og_site_name":"ODDSET FANZONE","article_publisher":"https:\/\/www.facebook.com\/ODDSETwetten\/","article_modified_time":"2024-11-28T15:06:20+00:00","og_image":[{"width":1171,"height":400,"url":"https:\/\/www.oddset.de\/blog\/wp-content\/uploads\/2020\/11\/adventskalender.jpg","type":"image\/jpeg"}],"twitter_card":"summary_large_image","twitter_site":"@ODDSETsport","twitter_misc":{"Gesch\u00e4tzte Lesezeit":"7\u00a0Minuten"},"schema":{"@context":"https:\/\/schema.org","@graph":[{"@type":"WebPage","@id":"https:\/\/www.oddset.de\/blog\/teilnahmebedingungen-facebook-gewinnspiel\/","url":"https:\/\/www.oddset.de\/blog\/teilnahmebedingungen-facebook-gewinnspiel\/","name":"Teilnahmebedingungen-Facebook","isPartOf":{"@id":"https:\/\/www.oddset.de\/blog\/#website"},"primaryImageOfPage":{"@id":"https:\/\/www.oddset.de\/blog\/teilnahmebedingungen-facebook-gewinnspiel\/#primaryimage"},"image":{"@id":"https:\/\/www.oddset.de\/blog\/teilnahmebedingungen-facebook-gewinnspiel\/#primaryimage"},"thumbnailUrl":"https:\/\/www.oddset.de\/blog\/wp-content\/uploads\/2020\/11\/adventskalender.jpg","datePublished":"2017-08-23T09:41:06+00:00","dateModified":"2024-11-28T15:06:20+00:00","description":"Teilnahmebedingungen f\u00fcr das Facebook Adventskalender-Gewinnspiel. T\u00e4glich tolle Preise gewinnen.","breadcrumb":{"@id":"https:\/\/www.oddset.de\/blog\/teilnahmebedingungen-facebook-gewinnspiel\/#breadcrumb"},"inLanguage":"de","potentialAction":[{"@type":"ReadAction","target":["https:\/\/www.oddset.de\/blog\/teilnahmebedingungen-facebook-gewinnspiel\/"]}]},{"@type":"ImageObject","inLanguage":"de","@id":"https:\/\/www.oddset.de\/blog\/teilnahmebedingungen-facebook-gewinnspiel\/#primaryimage","url":"https:\/\/www.oddset.de\/blog\/wp-content\/uploads\/2020\/11\/adventskalender.jpg","contentUrl":"https:\/\/www.oddset.de\/blog\/wp-content\/uploads\/2020\/11\/adventskalender.jpg","width":1171,"height":400},{"@type":"BreadcrumbList","@id":"https:\/\/www.oddset.de\/blog\/teilnahmebedingungen-facebook-gewinnspiel\/#breadcrumb","itemListElement":[{"@type":"ListItem","position":1,"name":"Startseite","item":"https:\/\/www.oddset.de\/blog\/"},{"@type":"ListItem","position":2,"name":"Teilnahmebedingungen Facebook Adventskalender-Gewinnspiel"}]},{"@type":"WebSite","@id":"https:\/\/www.oddset.de\/blog\/#website","url":"https:\/\/www.oddset.de\/blog\/","name":"ODDSET FANZONE","description":"Der Fu\u00dfball &amp; Sportwetten Blog","publisher":{"@id":"https:\/\/www.oddset.de\/blog\/#organization"},"potentialAction":[{"@type":"SearchAction","target":{"@type":"EntryPoint","urlTemplate":"https:\/\/www.oddset.de\/blog\/?s={search_term_string}"},"query-input":{"@type":"PropertyValueSpecification","valueRequired":true,"valueName":"search_term_string"}}],"inLanguage":"de"},{"@type":"Organization","@id":"https:\/\/www.oddset.de\/blog\/#organization","name":"ODDSET FANZONE","url":"https:\/\/www.oddset.de\/blog\/","logo":{"@type":"ImageObject","inLanguage":"de","@id":"https:\/\/www.oddset.de\/blog\/#\/schema\/logo\/image\/","url":"https:\/\/www.oddset.de\/blog\/wp-content\/uploads\/2020\/05\/tb_logo.png","contentUrl":"https:\/\/www.oddset.de\/blog\/wp-content\/uploads\/2020\/05\/tb_logo.png","width":1171,"height":400,"caption":"ODDSET FANZONE"},"image":{"@id":"https:\/\/www.oddset.de\/blog\/#\/schema\/logo\/image\/"},"sameAs":["https:\/\/www.facebook.com\/ODDSETwetten\/","https:\/\/x.com\/ODDSETsport","https:\/\/www.youtube.com\/channel\/UC_vWGAocu28RqdyhzCPf9ZQ"]}]}},"_links":{"self":[{"href":"https:\/\/www.oddset.de\/blog\/wp-json\/wp\/v2\/pages\/7627","targetHints":{"allow":["GET"]}}],"collection":[{"href":"https:\/\/www.oddset.de\/blog\/wp-json\/wp\/v2\/pages"}],"about":[{"href":"https:\/\/www.oddset.de\/blog\/wp-json\/wp\/v2\/types\/page"}],"author":[{"embeddable":true,"href":"https:\/\/www.oddset.de\/blog\/wp-json\/wp\/v2\/users\/3"}],"replies":[{"embeddable":true,"href":"https:\/\/www.oddset.de\/blog\/wp-json\/wp\/v2\/comments?post=7627"}],"version-history":[{"count":158,"href":"https:\/\/www.oddset.de\/blog\/wp-json\/wp\/v2\/pages\/7627\/revisions"}],"predecessor-version":[{"id":92999,"href":"https:\/\/www.oddset.de\/blog\/wp-json\/wp\/v2\/pages\/7627\/revisions\/92999"}],"wp:featuredmedia":[{"embeddable":true,"href":"https:\/\/www.oddset.de\/blog\/wp-json\/wp\/v2\/media\/39716"}],"wp:attachment":[{"href":"https:\/\/www.oddset.de\/blog\/wp-json\/wp\/v2\/media?parent=7627"}],"curies":[{"name":"wp","href":"https:\/\/api.w.org\/{rel}","templated":true}]}}