{"id":501,"date":"2016-08-31T14:19:02","date_gmt":"2016-08-31T12:19:02","guid":{"rendered":"https:\/\/fanzone.oddset.de\/?page_id=501"},"modified":"2022-07-06T11:03:11","modified_gmt":"2022-07-06T09:03:11","slug":"handball-wetten","status":"publish","type":"page","link":"https:\/\/www.oddset.de\/blog\/handball-wetten\/","title":{"rendered":"&#129342; Handball Wetten bei ODDSET"},"content":{"rendered":"\t\t<div data-elementor-type=\"wp-post\" data-elementor-id=\"501\" class=\"elementor elementor-501\">\n\t\t\t\t\t\t<section class=\"elementor-section elementor-top-section elementor-element elementor-element-hs6ru6q elementor-section-boxed elementor-section-height-default elementor-section-height-default\" data-id=\"hs6ru6q\" data-element_type=\"section\">\n\t\t\t\t\t\t<div class=\"elementor-container elementor-column-gap-default\">\n\t\t\t\t\t<div class=\"elementor-column elementor-col-33 elementor-top-column elementor-element elementor-element-1gnkvij\" data-id=\"1gnkvij\" data-element_type=\"column\">\n\t\t\t<div class=\"elementor-widget-wrap\">\n\t\t\t\t\t\t\t<\/div>\n\t\t<\/div>\n\t\t\t\t<div class=\"elementor-column elementor-col-33 elementor-top-column elementor-element elementor-element-f0f21ae\" data-id=\"f0f21ae\" data-element_type=\"column\">\n\t\t\t<div class=\"elementor-widget-wrap elementor-element-populated\">\n\t\t\t\t\t\t<div class=\"elementor-element elementor-element-748hmq0 elementor-widget elementor-widget-html\" data-id=\"748hmq0\" data-element_type=\"widget\" data-widget_type=\"html.default\">\n\t\t\t\t<div class=\"elementor-widget-container\">\n\t\t\t\t\t<div class='hidden'>no entries for sport = t-3271,t-3268,t-3331,t-3274,t-3275,t-3300,t-13907,t-3312,t-3313,t-3314,t-6130,t-3315,t-3316,t-10487,t-3284,t-3285,t-8967,t-8968,t-8969,t-8970<\/div>\t\t\t\t<\/div>\n\t\t\t\t<\/div>\n\t\t\t\t\t<\/div>\n\t\t<\/div>\n\t\t\t\t<div class=\"elementor-column elementor-col-33 elementor-top-column elementor-element elementor-element-b7e1f73\" data-id=\"b7e1f73\" data-element_type=\"column\">\n\t\t\t<div class=\"elementor-widget-wrap\">\n\t\t\t\t\t\t\t<\/div>\n\t\t<\/div>\n\t\t\t\t\t<\/div>\n\t\t<\/section>\n\t\t\t\t<section class=\"elementor-section elementor-top-section elementor-element elementor-element-ba87fe5 elementor-section-boxed elementor-section-height-default elementor-section-height-default\" data-id=\"ba87fe5\" data-element_type=\"section\">\n\t\t\t\t\t\t<div class=\"elementor-container elementor-column-gap-default\">\n\t\t\t\t\t<div class=\"elementor-column elementor-col-100 elementor-top-column elementor-element elementor-element-b87ba4e\" data-id=\"b87ba4e\" data-element_type=\"column\">\n\t\t\t<div class=\"elementor-widget-wrap elementor-element-populated\">\n\t\t\t\t\t\t\t<\/div>\n\t\t<\/div>\n\t\t\t\t\t<\/div>\n\t\t<\/section>\n\t\t\t\t<section class=\"elementor-section elementor-top-section elementor-element elementor-element-0744c4b elementor-section-boxed elementor-section-height-default elementor-section-height-default\" data-id=\"0744c4b\" data-element_type=\"section\">\n\t\t\t\t\t\t<div class=\"elementor-container elementor-column-gap-default\">\n\t\t\t\t\t<div class=\"elementor-column elementor-col-100 elementor-top-column elementor-element elementor-element-939fb77\" data-id=\"939fb77\" data-element_type=\"column\">\n\t\t\t<div class=\"elementor-widget-wrap elementor-element-populated\">\n\t\t\t\t\t\t<div class=\"elementor-element elementor-element-6d72088 elementor-widget elementor-widget-wp-widget-wp_widget_recent_post\" data-id=\"6d72088\" data-element_type=\"widget\" data-widget_type=\"wp-widget-wp_widget_recent_post.default\">\n\t\t\t\t<div class=\"elementor-widget-container\">\n\t\t\t\t\t\n        <div class=\"article\">\n            <div class=\"articleHeaderWrapper\">\n                <div class=\"articleCategory\">\n                    <div class=\"articleCategory--icon\"><i class=\"oddicon-handball\"><\/i><\/div><a href=\"https:\/\/www.oddset.de\/blog\/handball\/\">Handball<\/a><a href=\"https:\/\/www.oddset.de\/blog\/handball\/em\/\">EM<\/a><\/div>\n                    <div class=\"clear\"><\/div>\n                    <div class=\"articleInner\">\n                        <div class=\"articleTitle\"><h3><a href=\"https:\/\/www.oddset.de\/blog\/handball\/em\/handball-em-2026\/\">Handball-EM: Sind die D\u00e4nen zu stoppen?<\/a><\/h3><\/div>\n                        <div class=\"articleMeta\">\n                            <div class=\"articleImage\"><a href=\"https:\/\/www.oddset.de\/blog\/handball\/em\/handball-em-2026\/\"><img fetchpriority=\"high\" decoding=\"async\" width=\"1024\" height=\"640\" src=\"https:\/\/www.oddset.de\/blog\/wp-content\/uploads\/2022\/01\/handball-em-2026fz.jpg\" class=\"attachment-full size-full wp-post-image\" alt=\"Handball-EM: Gesucht wird der 17. Europameister.\" srcset=\"https:\/\/www.oddset.de\/blog\/wp-content\/uploads\/2022\/01\/handball-em-2026fz.jpg 1024w, https:\/\/www.oddset.de\/blog\/wp-content\/uploads\/2022\/01\/handball-em-2026fz-300x188.jpg 300w, https:\/\/www.oddset.de\/blog\/wp-content\/uploads\/2022\/01\/handball-em-2026fz-768x480.jpg 768w\" sizes=\"(max-width: 1024px) 100vw, 1024px\" \/><\/a><\/div>\n                            \n                        <\/div>\n                        <div class=\"articleTeaserText\"><span class=\"exerptDate\" itemprop=\"startDate\">14. Januar 2026<\/span><br\/><p>Zweieinhalb Wochen lang schauen die Handball-Fans nach Skandinavien: In D\u00e4nemark, Norwegen und Schweden findet die Europameisterschaft der M\u00e4nner statt. Die D\u00e4nen sind der Topfavorit auf Europas Handballkrone.<\/p>\n<\/div>\n                        <div class=\"articleReadmore\"><a href=\"https:\/\/www.oddset.de\/blog\/handball\/em\/handball-em-2026\/\" class=\"button\">lesen<\/a><\/div>\n                <\/div>\n            <\/div>\n        <\/div>\t\t\t\t<\/div>\n\t\t\t\t<\/div>\n\t\t\t\t\t<\/div>\n\t\t<\/div>\n\t\t\t\t\t<\/div>\n\t\t<\/section>\n\t\t\t\t<\/div>\n\t\t","protected":false},"excerpt":{"rendered":"","protected":false},"author":3,"featured_media":60176,"parent":0,"menu_order":0,"comment_status":"closed","ping_status":"closed","template":"","meta":{"_acf_changed":false,"footnotes":""},"class_list":["post-501","page","type-page","status-publish","has-post-thumbnail","hentry"],"acf":[],"yoast_head":"<!-- This site is optimized with the Yoast SEO plugin v26.0 - https:\/\/yoast.com\/wordpress\/plugins\/seo\/ -->\n<title>&#129342; Handball Wetten bei ODDSET - ODDSET FANZONE<\/title>\n<meta name=\"description\" content=\"Aktuelle ODDSET Handball Wetten, Quoten, Tabellen und Stats. HBL, 2. HBL, Supercup, DHB-Pokal, Champions League, European League ... Jetzt wetten &gt;&gt;\" \/>\n<meta name=\"robots\" content=\"index, follow, max-snippet:-1, max-image-preview:large, max-video-preview:-1\" \/>\n<link rel=\"canonical\" href=\"https:\/\/www.oddset.de\/blog\/handball-wetten\/\" \/>\n<meta property=\"og:locale\" content=\"de_DE\" \/>\n<meta property=\"og:type\" content=\"article\" \/>\n<meta property=\"og:title\" content=\"&#129342; Handball Wetten bei ODDSET - ODDSET FANZONE\" \/>\n<meta property=\"og:description\" content=\"Aktuelle ODDSET Handball Wetten, Quoten, Tabellen und Stats. HBL, 2. HBL, Supercup, DHB-Pokal, Champions League, European League ... Jetzt wetten &gt;&gt;\" \/>\n<meta property=\"og:url\" content=\"https:\/\/www.oddset.de\/blog\/handball-wetten\/\" \/>\n<meta property=\"og:site_name\" content=\"ODDSET FANZONE\" \/>\n<meta property=\"article:publisher\" content=\"https:\/\/www.facebook.com\/ODDSETwetten\/\" \/>\n<meta property=\"article:modified_time\" content=\"2022-07-06T09:03:11+00:00\" \/>\n<meta property=\"og:image\" content=\"https:\/\/www.oddset.de\/blog\/wp-content\/uploads\/2022\/07\/handball-titel.jpg\" \/>\n\t<meta property=\"og:image:width\" content=\"1171\" \/>\n\t<meta property=\"og:image:height\" content=\"400\" \/>\n\t<meta property=\"og:image:type\" content=\"image\/jpeg\" \/>\n<meta name=\"twitter:card\" content=\"summary_large_image\" \/>\n<meta name=\"twitter:site\" content=\"@ODDSETsport\" \/>\n<meta name=\"twitter:label1\" content=\"Gesch\u00e4tzte Lesezeit\" \/>\n\t<meta name=\"twitter:data1\" content=\"1\u00a0Minute\" \/>\n<!-- \/ Yoast SEO plugin. -->","yoast_head_json":{"title":"&#129342; Handball Wetten bei ODDSET - ODDSET FANZONE","description":"Aktuelle ODDSET Handball Wetten, Quoten, Tabellen und Stats. HBL, 2. HBL, Supercup, DHB-Pokal, Champions League, European League ... Jetzt wetten >>","robots":{"index":"index","follow":"follow","max-snippet":"max-snippet:-1","max-image-preview":"max-image-preview:large","max-video-preview":"max-video-preview:-1"},"canonical":"https:\/\/www.oddset.de\/blog\/handball-wetten\/","og_locale":"de_DE","og_type":"article","og_title":"&#129342; Handball Wetten bei ODDSET - ODDSET FANZONE","og_description":"Aktuelle ODDSET Handball Wetten, Quoten, Tabellen und Stats. HBL, 2. HBL, Supercup, DHB-Pokal, Champions League, European League ... Jetzt wetten >>","og_url":"https:\/\/www.oddset.de\/blog\/handball-wetten\/","og_site_name":"ODDSET FANZONE","article_publisher":"https:\/\/www.facebook.com\/ODDSETwetten\/","article_modified_time":"2022-07-06T09:03:11+00:00","og_image":[{"width":1171,"height":400,"url":"https:\/\/www.oddset.de\/blog\/wp-content\/uploads\/2022\/07\/handball-titel.jpg","type":"image\/jpeg"}],"twitter_card":"summary_large_image","twitter_site":"@ODDSETsport","twitter_misc":{"Gesch\u00e4tzte Lesezeit":"1\u00a0Minute"},"schema":{"@context":"https:\/\/schema.org","@graph":[{"@type":"WebPage","@id":"https:\/\/www.oddset.de\/blog\/handball-wetten\/","url":"https:\/\/www.oddset.de\/blog\/handball-wetten\/","name":"&#129342; Handball Wetten bei ODDSET - ODDSET FANZONE","isPartOf":{"@id":"https:\/\/www.oddset.de\/blog\/#website"},"primaryImageOfPage":{"@id":"https:\/\/www.oddset.de\/blog\/handball-wetten\/#primaryimage"},"image":{"@id":"https:\/\/www.oddset.de\/blog\/handball-wetten\/#primaryimage"},"thumbnailUrl":"https:\/\/www.oddset.de\/blog\/wp-content\/uploads\/2022\/07\/handball-titel.jpg","datePublished":"2016-08-31T12:19:02+00:00","dateModified":"2022-07-06T09:03:11+00:00","description":"Aktuelle ODDSET Handball Wetten, Quoten, Tabellen und Stats. HBL, 2. HBL, Supercup, DHB-Pokal, Champions League, European League ... Jetzt wetten >>","breadcrumb":{"@id":"https:\/\/www.oddset.de\/blog\/handball-wetten\/#breadcrumb"},"inLanguage":"de","potentialAction":[{"@type":"ReadAction","target":["https:\/\/www.oddset.de\/blog\/handball-wetten\/"]}]},{"@type":"ImageObject","inLanguage":"de","@id":"https:\/\/www.oddset.de\/blog\/handball-wetten\/#primaryimage","url":"https:\/\/www.oddset.de\/blog\/wp-content\/uploads\/2022\/07\/handball-titel.jpg","contentUrl":"https:\/\/www.oddset.de\/blog\/wp-content\/uploads\/2022\/07\/handball-titel.jpg","width":1171,"height":400,"caption":"Handball-WM-Wetten bei ODDSET mit Top Quoten."},{"@type":"BreadcrumbList","@id":"https:\/\/www.oddset.de\/blog\/handball-wetten\/#breadcrumb","itemListElement":[{"@type":"ListItem","position":1,"name":"Startseite","item":"https:\/\/www.oddset.de\/blog\/"},{"@type":"ListItem","position":2,"name":"&#129342; Handball Wetten bei ODDSET"}]},{"@type":"WebSite","@id":"https:\/\/www.oddset.de\/blog\/#website","url":"https:\/\/www.oddset.de\/blog\/","name":"ODDSET FANZONE","description":"Der Fu\u00dfball &amp; Sportwetten Blog","publisher":{"@id":"https:\/\/www.oddset.de\/blog\/#organization"},"potentialAction":[{"@type":"SearchAction","target":{"@type":"EntryPoint","urlTemplate":"https:\/\/www.oddset.de\/blog\/?s={search_term_string}"},"query-input":{"@type":"PropertyValueSpecification","valueRequired":true,"valueName":"search_term_string"}}],"inLanguage":"de"},{"@type":"Organization","@id":"https:\/\/www.oddset.de\/blog\/#organization","name":"ODDSET FANZONE","url":"https:\/\/www.oddset.de\/blog\/","logo":{"@type":"ImageObject","inLanguage":"de","@id":"https:\/\/www.oddset.de\/blog\/#\/schema\/logo\/image\/","url":"https:\/\/www.oddset.de\/blog\/wp-content\/uploads\/2020\/05\/tb_logo.png","contentUrl":"https:\/\/www.oddset.de\/blog\/wp-content\/uploads\/2020\/05\/tb_logo.png","width":1171,"height":400,"caption":"ODDSET FANZONE"},"image":{"@id":"https:\/\/www.oddset.de\/blog\/#\/schema\/logo\/image\/"},"sameAs":["https:\/\/www.facebook.com\/ODDSETwetten\/","https:\/\/x.com\/ODDSETsport","https:\/\/www.youtube.com\/channel\/UC_vWGAocu28RqdyhzCPf9ZQ"]}]}},"_links":{"self":[{"href":"https:\/\/www.oddset.de\/blog\/wp-json\/wp\/v2\/pages\/501","targetHints":{"allow":["GET"]}}],"collection":[{"href":"https:\/\/www.oddset.de\/blog\/wp-json\/wp\/v2\/pages"}],"about":[{"href":"https:\/\/www.oddset.de\/blog\/wp-json\/wp\/v2\/types\/page"}],"author":[{"embeddable":true,"href":"https:\/\/www.oddset.de\/blog\/wp-json\/wp\/v2\/users\/3"}],"replies":[{"embeddable":true,"href":"https:\/\/www.oddset.de\/blog\/wp-json\/wp\/v2\/comments?post=501"}],"version-history":[{"count":22,"href":"https:\/\/www.oddset.de\/blog\/wp-json\/wp\/v2\/pages\/501\/revisions"}],"predecessor-version":[{"id":40627,"href":"https:\/\/www.oddset.de\/blog\/wp-json\/wp\/v2\/pages\/501\/revisions\/40627"}],"wp:featuredmedia":[{"embeddable":true,"href":"https:\/\/www.oddset.de\/blog\/wp-json\/wp\/v2\/media\/60176"}],"wp:attachment":[{"href":"https:\/\/www.oddset.de\/blog\/wp-json\/wp\/v2\/media?parent=501"}],"curies":[{"name":"wp","href":"https:\/\/api.w.org\/{rel}","templated":true}]}}