{"id":493,"date":"2020-09-03T09:55:06","date_gmt":"2020-09-03T07:55:06","guid":{"rendered":"https:\/\/fanzone.oddset.de\/?page_id=493"},"modified":"2025-06-10T09:55:11","modified_gmt":"2025-06-10T07:55:11","slug":"nations-league-wetten-bei-oddset","status":"publish","type":"page","link":"https:\/\/www.oddset.de\/blog\/nations-league-wetten-bei-oddset\/","title":{"rendered":"Nations League Wetten bei ODDSET"},"content":{"rendered":"\t\t<div data-elementor-type=\"wp-page\" data-elementor-id=\"493\" class=\"elementor elementor-493\">\n\t\t\t\t\t\t<section class=\"elementor-section elementor-top-section elementor-element elementor-element-3c514fc3 elementor-section-boxed elementor-section-height-default elementor-section-height-default\" data-id=\"3c514fc3\" data-element_type=\"section\">\n\t\t\t\t\t\t<div class=\"elementor-container elementor-column-gap-default\">\n\t\t\t\t\t<div class=\"elementor-column elementor-col-33 elementor-top-column elementor-element elementor-element-3a132238\" data-id=\"3a132238\" data-element_type=\"column\">\n\t\t\t<div class=\"elementor-widget-wrap\">\n\t\t\t\t\t\t\t<\/div>\n\t\t<\/div>\n\t\t\t\t<div class=\"elementor-column elementor-col-33 elementor-top-column elementor-element elementor-element-76792ae2\" data-id=\"76792ae2\" data-element_type=\"column\">\n\t\t\t<div class=\"elementor-widget-wrap elementor-element-populated\">\n\t\t\t\t\t\t<div class=\"elementor-element elementor-element-35f51c09 elementor-widget elementor-widget-html\" data-id=\"35f51c09\" data-element_type=\"widget\" data-widget_type=\"html.default\">\n\t\t\t\t<div class=\"elementor-widget-container\">\n\t\t\t\t\t<div class='hidden'>no entries for sport = t-102857<\/div>\t\t\t\t<\/div>\n\t\t\t\t<\/div>\n\t\t\t\t\t<\/div>\n\t\t<\/div>\n\t\t\t\t<div class=\"elementor-column elementor-col-33 elementor-top-column elementor-element elementor-element-1777edda\" data-id=\"1777edda\" data-element_type=\"column\">\n\t\t\t<div class=\"elementor-widget-wrap\">\n\t\t\t\t\t\t\t<\/div>\n\t\t<\/div>\n\t\t\t\t\t<\/div>\n\t\t<\/section>\n\t\t\t\t<section class=\"elementor-section elementor-top-section elementor-element elementor-element-a8e0222 elementor-section-boxed elementor-section-height-default elementor-section-height-default\" data-id=\"a8e0222\" data-element_type=\"section\">\n\t\t\t\t\t\t<div class=\"elementor-container elementor-column-gap-default\">\n\t\t\t\t\t<div class=\"elementor-column elementor-col-100 elementor-top-column elementor-element elementor-element-442f9c8\" data-id=\"442f9c8\" data-element_type=\"column\">\n\t\t\t<div class=\"elementor-widget-wrap elementor-element-populated\">\n\t\t\t\t\t\t<div class=\"elementor-element elementor-element-f7706f5 elementor-widget elementor-widget-text-editor\" data-id=\"f7706f5\" data-element_type=\"widget\" data-widget_type=\"text-editor.default\">\n\t\t\t\t<div class=\"elementor-widget-container\">\n\t\t\t\t\t\t\t\t\t<h2>Aktuelles<\/h2><h3><span style=\"color: #000000;\">Finale<\/span><\/h3><p><strong>Portugal<\/strong> \u2013 Spanien 4:3 i.E. (2:2, 1:2)<\/p><h3><span style=\"color: #000000;\">Spiel um Platz 3<\/span><\/h3><p>Deutschland \u2013 <strong>Frankreich<\/strong> 0:2 (0:1)<\/p><h3>Halbfinale<\/h3><p><strong>Spanien<\/strong> \u2013 Frankreich 5:4 (2:0)<\/p><p>Ein phantastisches Spektakel lieferten die beiden Teams im zweiten Halbfinale in Stuttgart. Klingt beinahe wie ein Eishockeyergebnis, aber es war tats\u00e4chlich ein Fu\u00dfballspiel. Weil auch die Franzosen nach der zwischenzeitlichen 4:0-F\u00fchrung der Spanier ins Tor trafen, blieb die Partie bis in die letzte Minute der Nachspielzeit spannend. Toller Fu\u00dfball, mal abwarten, ob beide Teams am Sonntag noch eine Sch\u00fcppe drauflegen k\u00f6nnen.<\/p><p>Deutschland \u2013<strong> Portugal<\/strong> 1:2 (0:0)<\/p><p>In M\u00fcnchen hat es f\u00fcr die Portugiesen nach zuvor f\u00fcnf sieglosen Partien mal wieder geklappt mit einem Erfolg \u00fcber die DFB-Elf. Die 1:0-F\u00fchrung durch Florian Wirtz&#8216; Kopfball kurz nach Beginn der 2. Halbzeit drehten die Portugiesen mit einem Doppelschlag innerhalb von f\u00fcnf Minuten: Zuerst erzielte Conceicao den Ausgleich, anschlie\u00dfend schob Kapit\u00e4n Christiano Ronaldo pers\u00f6nlich die Kugel zum Finaleinzug \u00fcber die deutsche Torlinie. Verdienter Sieg f\u00fcr die G\u00e4ste aus S\u00fcdeuropa.<\/p><hr \/><p>Mit Deutschland, Spanien, Frankreich und Portugal haben sich die besten Teams aus<strong> Liga A<\/strong> der Nations League f\u00fcr das Final-Four-Turnier qualifiziert.<\/p><p>Die Finalrunde , die aus Halbfinals, einem Spiel um den dritten Platz und einem <strong><a href=\"https:\/\/sports.oddset.de\/de\/sports\/events\/uefa-nations-league-2024-25-turniersieger-2:6419475\" target=\"_blank\" rel=\"noopener\">Nations-League-Finale<\/a><\/strong> besteht, wird Anfang Juni in Stuttgart und M\u00fcnchen ausgetragen.<\/p><p>Vor der Finalrunde wurde im M\u00e4rz eine K.-o.-Runde gespielt: <strong>Viertelfinale<\/strong>. Es soll das Bindeglied zwischen dem Ende der Gruppenphase im November und der Endrunde im Juni sein. Die <strong>Nagelsmann-Elf<\/strong> setzte sich in Gruppe A3 gegen die Niederlande, Ungarn und Bosnien &amp; Herzegowina durch und traf im <strong>1\/4-Finale<\/strong> auf <strong>Italien<\/strong>.<\/p><p>Das Hinspiel hat sie am 20. M\u00e4rz in <strong>Mailand<\/strong> mit <strong>2:1<\/strong> gewonnen, zwei Kopfballtore von Tim Kleindienst und Leon Goretzka drehten den 0:1-R\u00fcckstand durch Sandro Tonali zu Gunsten der DFB-Elf.<\/p><p>Das <strong>R\u00fcckspiel<\/strong> am 23. M\u00e4rz in <strong>Dortmund<\/strong> war spektakul\u00e4r und nichts f\u00fcr schwache Nerven: Nach einer phantastischen ersten Halbzeit ging die DFB-Elf mit einer <strong>3:0-F\u00fchrung<\/strong> in die Kabine. Joshua Kimmich per Elfmeter, Jamal Musiala nach einer Ecke mit rechts und Tim Kleindienst per Kopf waren die Torsch\u00fctzen einer \u00fcberragend aufspielenden deutschen Mannschaft. Im zweiten Durchgang dann ein ganz anderes Gesicht der Italiener: Zuerst nutzt Moise Kean kurz nach dem Wiederanpfiff einen schlampig gespielten Querpass von Leroy Sane zum Anschlusstreffer, 20 Minuten sp\u00e4ter ist es wieder Kean, der beim Schussversuch von Jonathan Tah nicht entscheidend behindert wird \u2013 nur noch 2:3! Dann meldet sich in der Nachspielzeit der VAR: Maxi Mittelst\u00e4dt hatte bei einer Flanke die Hand im Spiel \u2013 Elfmeter! Den verwandelte Giacomo Raspadori eiskalt zum<strong> 3:3-Endstand<\/strong>. Dank des Hinspielsieges erreichte Deutschland das <strong>Halbfinale<\/strong> gegen Portugal.<\/p>\t\t\t\t\t\t\t\t<\/div>\n\t\t\t\t<\/div>\n\t\t\t\t\t<\/div>\n\t\t<\/div>\n\t\t\t\t\t<\/div>\n\t\t<\/section>\n\t\t\t\t<section class=\"elementor-section elementor-top-section elementor-element elementor-element-a067c8a elementor-section-boxed elementor-section-height-default elementor-section-height-default\" data-id=\"a067c8a\" data-element_type=\"section\">\n\t\t\t\t\t\t<div class=\"elementor-container elementor-column-gap-default\">\n\t\t\t\t\t<div class=\"elementor-column elementor-col-100 elementor-top-column elementor-element elementor-element-dc303b1\" data-id=\"dc303b1\" data-element_type=\"column\">\n\t\t\t<div class=\"elementor-widget-wrap elementor-element-populated\">\n\t\t\t\t\t\t<div class=\"elementor-element elementor-element-4c8f6c1 elementor-widget elementor-widget-text-editor\" data-id=\"4c8f6c1\" data-element_type=\"widget\" data-widget_type=\"text-editor.default\">\n\t\t\t\t<div class=\"elementor-widget-container\">\n\t\t\t\t\t\t\t\t\t<h2>Viertelfinale &amp; Final-Four-Turnier in Deutschland<\/h2>\t\t\t\t\t\t\t\t<\/div>\n\t\t\t\t<\/div>\n\t\t\t\t<div class=\"elementor-element elementor-element-3d11e7e elementor-widget elementor-widget-html\" data-id=\"3d11e7e\" data-element_type=\"widget\" data-widget_type=\"html.default\">\n\t\t\t\t<div class=\"elementor-widget-container\">\n\t\t\t\t\tThe table with ID 43 not exists.\t\t\t\t<\/div>\n\t\t\t\t<\/div>\n\t\t\t\t\t<\/div>\n\t\t<\/div>\n\t\t\t\t\t<\/div>\n\t\t<\/section>\n\t\t\t\t<section class=\"elementor-section elementor-top-section elementor-element elementor-element-9cd4b19 elementor-section-boxed elementor-section-height-default elementor-section-height-default\" data-id=\"9cd4b19\" data-element_type=\"section\">\n\t\t\t\t\t\t<div class=\"elementor-container elementor-column-gap-default\">\n\t\t\t\t\t<div class=\"elementor-column elementor-col-100 elementor-top-column elementor-element elementor-element-1d7afc2\" data-id=\"1d7afc2\" data-element_type=\"column\">\n\t\t\t<div class=\"elementor-widget-wrap elementor-element-populated\">\n\t\t\t\t\t\t<div class=\"elementor-element elementor-element-225680c elementor-widget elementor-widget-text-editor\" data-id=\"225680c\" data-element_type=\"widget\" data-widget_type=\"text-editor.default\">\n\t\t\t\t<div class=\"elementor-widget-container\">\n\t\t\t\t\t\t\t\t\t<h3>\u00a0<span style=\"color: #000000; font-family: 'Pathway Gothic One', Lato, sans-serif; font-size: 24px;\">Auf- bzw. Abstiegsplayoffs<\/span><\/h3><p><strong>Liga B \u2013 Liga A<\/strong><\/p><p><strong>T\u00fcrkei<\/strong> \u2013 Ungarn 3:1 | 3:0<\/p><p>Ukraine \u2013 <strong>Belgien<\/strong> 3:1 | 0:3<\/p><p>\u00d6sterreich \u2013 <strong>Serbien<\/strong> 1:1 | 0:1<\/p><p><strong>Griechenland<\/strong> \u2013 Schottland 0:1 | 3:0<\/p><p><strong>Liga C \u2013 Liga B<\/strong><br \/><strong>Kosovo<\/strong> \u2013 Island 2:1 | 3:1<br \/>Bulgarien \u2013<strong> Irland<\/strong> 1:2 | 1:2<br \/>Armenien \u2013 <strong>Georgien<\/strong> 0:3 | 1:6<br \/>Slowakei \u2013 <strong>Slowenien<\/strong> 0:0 | 0:1<\/p><h3><span style=\"color: #ff0000;\">(26.3. | 31.3. 2026)<\/span><\/h3><p><strong>Liga D \u2013 Liga C<\/strong><br \/>Gibraltar \u2013 Lettland<br \/>Malta \u2013 Luxemburg<\/p><p><strong>Deutschlands Termine der Nations League 2024\/25<\/strong><\/p><p>1. Spieltag: 5.-7. September, <br \/>u.a. Deutschland \u2013 Ungarn 5:0<br \/>2. Spieltag: 8.-10. September, <br \/>u.a. Niederlande \u2013 Deutschland 2:2<br \/>3. Spieltag: 10.-12. Oktober, <br \/>u.a. Bosnien-Herzegowina \u2013 Deutschland 1:2<br \/>4. Spieltag: 13.-15. Oktober, <br \/>u.a. Deutschland \u2013 Niederlande 1:0<br \/>5. Spieltag: 14.-16. November, <br \/>u.a. Deutschland \u2013 Bosnien-Herzegowina 7:0<br \/>6. Spieltag: 17.-19. November, <br \/>u.a. Ungarn \u2013 Deutschland 1:1<\/p><p><span style=\"color: #000000;\"><strong>Endrunde Liga A: 4.-8. Juni 2025<\/strong><\/span><\/p><p><strong>Liga A<\/strong><br \/>Gruppe A1: Kroatien, Portugal, Polen, Schottland<br \/>Gruppe A2: Italien, Belgien, Frankreich, Israel<br \/>Gruppe A3: Niederlande, Ungarn, Deutschland, Bosnien und Herzegowina<br \/>Gruppe A4: Spanien, D\u00e4nemark, Schweiz, Serbien<\/p><p><strong>Liga B<\/strong><br \/>Gruppe B1: Tschechien, Ukraine, Albanien, Georgien<br \/>Gruppe B2: England, Finnland, Republik Irland, Griechenland<br \/>Gruppe B3: \u00d6sterreich, Norwegen, Slowenien, Kasachstan<br \/>Gruppe B4: Wales, Island, Montenegro, T\u00fcrkei<\/p><p><strong>Liga C<\/strong><br \/>Gruppe C1: Schweden, Aserbaidschan, Slowakei, Estland<br \/>Gruppe C2: Rum\u00e4nien, Kosovo, Zypern, Litauen<br \/>Gruppe C3: Luxemburg, Bulgarien, Nordirland, Belarus<br \/>Gruppe C4: Armenien, F\u00e4r\u00f6er-Inseln, Nordmazedonien, Lettland<\/p><p><strong>Liga D<\/strong><br \/>Gruppe D1: Gibraltar, San Marino, Liechtenstein<br \/>Gruppe D2: Moldawien, Malta, Andorra<\/p>\t\t\t\t\t\t\t\t<\/div>\n\t\t\t\t<\/div>\n\t\t\t\t\t<\/div>\n\t\t<\/div>\n\t\t\t\t\t<\/div>\n\t\t<\/section>\n\t\t\t\t<section class=\"elementor-section elementor-top-section elementor-element elementor-element-b7c3b51 elementor-section-boxed elementor-section-height-default elementor-section-height-default\" data-id=\"b7c3b51\" data-element_type=\"section\">\n\t\t\t\t\t\t<div class=\"elementor-container elementor-column-gap-default\">\n\t\t\t\t\t<div class=\"elementor-column elementor-col-100 elementor-top-column elementor-element elementor-element-1833a5d\" data-id=\"1833a5d\" data-element_type=\"column\">\n\t\t\t<div class=\"elementor-widget-wrap elementor-element-populated\">\n\t\t\t\t\t\t\t<\/div>\n\t\t<\/div>\n\t\t\t\t\t<\/div>\n\t\t<\/section>\n\t\t\t\t<section class=\"elementor-section elementor-top-section elementor-element elementor-element-3032f5db elementor-section-boxed elementor-section-height-default elementor-section-height-default\" data-id=\"3032f5db\" data-element_type=\"section\">\n\t\t\t\t\t\t<div class=\"elementor-container elementor-column-gap-default\">\n\t\t\t\t\t<div class=\"elementor-column elementor-col-100 elementor-top-column elementor-element elementor-element-101b1d0b\" data-id=\"101b1d0b\" data-element_type=\"column\">\n\t\t\t<div class=\"elementor-widget-wrap elementor-element-populated\">\n\t\t\t\t\t\t<div class=\"elementor-element elementor-element-4f469eda elementor-widget elementor-widget-heading\" data-id=\"4f469eda\" data-element_type=\"widget\" data-widget_type=\"heading.default\">\n\t\t\t\t<div class=\"elementor-widget-container\">\n\t\t\t\t\t<h2 class=\"elementor-heading-title elementor-size-default\">Live-Tabellen Nations League 24\/25<\/h2>\t\t\t\t<\/div>\n\t\t\t\t<\/div>\n\t\t\t\t<div class=\"elementor-element elementor-element-3ce8abf0 elementor-widget elementor-widget-wp-widget-wp_widget_sportradar\" data-id=\"3ce8abf0\" data-element_type=\"widget\" data-widget_type=\"wp-widget-wp_widget_sportradar.default\">\n\t\t\t\t<div class=\"elementor-widget-container\">\n\t\t\t\t\t<div class=\"sportradarContent\"><div class=\"sr-widget\" data-sr-widget=\"season.liveTable\" data-sr-season-id=\"115715\"><\/div><\/div>\t\t\t\t<\/div>\n\t\t\t\t<\/div>\n\t\t\t\t\t<\/div>\n\t\t<\/div>\n\t\t\t\t\t<\/div>\n\t\t<\/section>\n\t\t\t\t<section class=\"elementor-section elementor-top-section elementor-element elementor-element-60e55a2 elementor-section-boxed elementor-section-height-default elementor-section-height-default\" data-id=\"60e55a2\" data-element_type=\"section\">\n\t\t\t\t\t\t<div class=\"elementor-container elementor-column-gap-default\">\n\t\t\t\t\t<div class=\"elementor-column elementor-col-100 elementor-top-column elementor-element elementor-element-f624a79\" data-id=\"f624a79\" data-element_type=\"column\">\n\t\t\t<div class=\"elementor-widget-wrap elementor-element-populated\">\n\t\t\t\t\t\t<div class=\"elementor-element elementor-element-8cd7f8c elementor-widget elementor-widget-wp-widget-wp_widget_lastest_post\" data-id=\"8cd7f8c\" data-element_type=\"widget\" data-widget_type=\"wp-widget-wp_widget_lastest_post.default\">\n\t\t\t\t<div class=\"elementor-widget-container\">\n\t\t\t\t\t\n        <div class=\"article\">\n            <div class=\"articleHeaderWrapper\">\n                <div class=\"articleCategory\">\n                    <div class=\"articleCategory--icon\"><i class=\"oddicon-soccer\"><\/i><\/div><a href=\"https:\/\/www.oddset.de\/blog\/fussball\/\">Fu\u00dfball<\/a><a href=\"https:\/\/www.oddset.de\/blog\/fussball\/nations-league\/\">Nations League<\/a><\/div>\n                    <div class=\"clear\"><\/div>\n                    <div class=\"articleInner\">\n                        <div class=\"articleTitle\"><h3><a href=\"https:\/\/www.oddset.de\/blog\/fussball\/nations-league\/deutschland-frankreich-gibts-zumindest-bronze\/\">Deutschland \u2013 Frankreich: Gibt\u2019s zumindest Bronze?<\/a><\/h3><\/div>\n                        <div class=\"articleMeta\">\n                            <div class=\"articleImage\"><a href=\"https:\/\/www.oddset.de\/blog\/fussball\/nations-league\/deutschland-frankreich-gibts-zumindest-bronze\/\"><img fetchpriority=\"high\" decoding=\"async\" width=\"1024\" height=\"640\" src=\"https:\/\/www.oddset.de\/blog\/wp-content\/uploads\/2022\/03\/powerplay46-2fz.jpg\" class=\"attachment-full size-full wp-post-image\" alt=\"Flick will Siegesserie gegen Israel verl\u00e4ngern\" srcset=\"https:\/\/www.oddset.de\/blog\/wp-content\/uploads\/2022\/03\/powerplay46-2fz.jpg 1024w, https:\/\/www.oddset.de\/blog\/wp-content\/uploads\/2022\/03\/powerplay46-2fz-300x188.jpg 300w, https:\/\/www.oddset.de\/blog\/wp-content\/uploads\/2022\/03\/powerplay46-2fz-768x480.jpg 768w\" sizes=\"(max-width: 1024px) 100vw, 1024px\" \/><\/a><\/div>\n                            \n                        <\/div>\n                        <div class=\"articleTeaserText hasQuoten\"><span class=\"exerptDate\">06. Juni 2025<\/span><br\/><p>Auch im vierten Anlauf wird es nichts mit dem Sieg in der Nations League. Immerhin besteht noch die Chance auf Rang drei. Dazu braucht es \u201enur\u201c einen Sieg gegen Frankreich.<\/p>\n<\/div>\n                        <div class=\"articleReadmore\"><a href=\"https:\/\/www.oddset.de\/blog\/fussball\/nations-league\/deutschland-frankreich-gibts-zumindest-bronze\/\" class=\"button\">lesen<\/a><\/div>\n                    <\/div>\n                  <\/div>\n              <\/div>\t\t\t\t<\/div>\n\t\t\t\t<\/div>\n\t\t\t\t\t<\/div>\n\t\t<\/div>\n\t\t\t\t\t<\/div>\n\t\t<\/section>\n\t\t\t\t<\/div>\n\t\t","protected":false},"excerpt":{"rendered":"<p>Aktuelles Finale Portugal \u2013 Spanien 4:3 i.E. (2:2, 1:2) Spiel um Platz 3 Deutschland \u2013 Frankreich 0:2 (0:1) Halbfinale Spanien \u2013 Frankreich 5:4 (2:0) Ein phantastisches Spektakel lieferten die beiden Teams im zweiten Halbfinale in Stuttgart. Klingt beinahe wie ein Eishockeyergebnis, aber es war tats\u00e4chlich ein Fu\u00dfballspiel. Weil auch die Franzosen nach der zwischenzeitlichen 4:0-F\u00fchrung [&hellip;]<\/p>\n","protected":false},"author":3,"featured_media":36742,"parent":0,"menu_order":0,"comment_status":"closed","ping_status":"closed","template":"","meta":{"_acf_changed":false,"footnotes":""},"class_list":["post-493","page","type-page","status-publish","has-post-thumbnail","hentry"],"acf":[],"yoast_head":"<!-- This site is optimized with the Yoast SEO plugin v26.0 - https:\/\/yoast.com\/wordpress\/plugins\/seo\/ -->\n<title>Nations League Wetten bei ODDSET - ODDSET FANZONE<\/title>\n<meta name=\"description\" content=\"Alle Nations League Wetten, die Spiele, Statistiken. Jetzt bei ODDSET auf die Spiele der Nations League tippen &gt;&gt;\" \/>\n<meta name=\"robots\" content=\"index, follow, max-snippet:-1, max-image-preview:large, max-video-preview:-1\" \/>\n<link rel=\"canonical\" href=\"https:\/\/www.oddset.de\/blog\/nations-league-wetten-bei-oddset\/\" \/>\n<meta property=\"og:locale\" content=\"de_DE\" \/>\n<meta property=\"og:type\" content=\"article\" \/>\n<meta property=\"og:title\" content=\"Nations League Wetten bei ODDSET - ODDSET FANZONE\" \/>\n<meta property=\"og:description\" content=\"Alle Nations League Wetten, die Spiele, Statistiken. Jetzt bei ODDSET auf die Spiele der Nations League tippen &gt;&gt;\" \/>\n<meta property=\"og:url\" content=\"https:\/\/www.oddset.de\/blog\/nations-league-wetten-bei-oddset\/\" \/>\n<meta property=\"og:site_name\" content=\"ODDSET FANZONE\" \/>\n<meta property=\"article:publisher\" content=\"https:\/\/www.facebook.com\/ODDSETwetten\/\" \/>\n<meta property=\"article:modified_time\" content=\"2025-06-10T07:55:11+00:00\" \/>\n<meta property=\"og:image\" content=\"https:\/\/www.oddset.de\/blog\/wp-content\/uploads\/2020\/09\/dfb-elf-nations-league.jpg\" \/>\n\t<meta property=\"og:image:width\" content=\"1171\" \/>\n\t<meta property=\"og:image:height\" content=\"400\" \/>\n\t<meta property=\"og:image:type\" content=\"image\/jpeg\" \/>\n<meta name=\"twitter:card\" content=\"summary_large_image\" \/>\n<meta name=\"twitter:site\" content=\"@ODDSETsport\" \/>\n<meta name=\"twitter:label1\" content=\"Gesch\u00e4tzte Lesezeit\" \/>\n\t<meta name=\"twitter:data1\" content=\"5\u00a0Minuten\" \/>\n<!-- \/ Yoast SEO plugin. -->","yoast_head_json":{"title":"Nations League Wetten bei ODDSET - ODDSET FANZONE","description":"Alle Nations League Wetten, die Spiele, Statistiken. Jetzt bei ODDSET auf die Spiele der Nations League tippen >>","robots":{"index":"index","follow":"follow","max-snippet":"max-snippet:-1","max-image-preview":"max-image-preview:large","max-video-preview":"max-video-preview:-1"},"canonical":"https:\/\/www.oddset.de\/blog\/nations-league-wetten-bei-oddset\/","og_locale":"de_DE","og_type":"article","og_title":"Nations League Wetten bei ODDSET - ODDSET FANZONE","og_description":"Alle Nations League Wetten, die Spiele, Statistiken. Jetzt bei ODDSET auf die Spiele der Nations League tippen >>","og_url":"https:\/\/www.oddset.de\/blog\/nations-league-wetten-bei-oddset\/","og_site_name":"ODDSET FANZONE","article_publisher":"https:\/\/www.facebook.com\/ODDSETwetten\/","article_modified_time":"2025-06-10T07:55:11+00:00","og_image":[{"width":1171,"height":400,"url":"https:\/\/www.oddset.de\/blog\/wp-content\/uploads\/2020\/09\/dfb-elf-nations-league.jpg","type":"image\/jpeg"}],"twitter_card":"summary_large_image","twitter_site":"@ODDSETsport","twitter_misc":{"Gesch\u00e4tzte Lesezeit":"5\u00a0Minuten"},"schema":{"@context":"https:\/\/schema.org","@graph":[{"@type":"WebPage","@id":"https:\/\/www.oddset.de\/blog\/nations-league-wetten-bei-oddset\/","url":"https:\/\/www.oddset.de\/blog\/nations-league-wetten-bei-oddset\/","name":"Nations League Wetten bei ODDSET - ODDSET FANZONE","isPartOf":{"@id":"https:\/\/www.oddset.de\/blog\/#website"},"primaryImageOfPage":{"@id":"https:\/\/www.oddset.de\/blog\/nations-league-wetten-bei-oddset\/#primaryimage"},"image":{"@id":"https:\/\/www.oddset.de\/blog\/nations-league-wetten-bei-oddset\/#primaryimage"},"thumbnailUrl":"https:\/\/www.oddset.de\/blog\/wp-content\/uploads\/2020\/09\/dfb-elf-nations-league.jpg","datePublished":"2020-09-03T07:55:06+00:00","dateModified":"2025-06-10T07:55:11+00:00","description":"Alle Nations League Wetten, die Spiele, Statistiken. Jetzt bei ODDSET auf die Spiele der Nations League tippen >>","breadcrumb":{"@id":"https:\/\/www.oddset.de\/blog\/nations-league-wetten-bei-oddset\/#breadcrumb"},"inLanguage":"de","potentialAction":[{"@type":"ReadAction","target":["https:\/\/www.oddset.de\/blog\/nations-league-wetten-bei-oddset\/"]}]},{"@type":"ImageObject","inLanguage":"de","@id":"https:\/\/www.oddset.de\/blog\/nations-league-wetten-bei-oddset\/#primaryimage","url":"https:\/\/www.oddset.de\/blog\/wp-content\/uploads\/2020\/09\/dfb-elf-nations-league.jpg","contentUrl":"https:\/\/www.oddset.de\/blog\/wp-content\/uploads\/2020\/09\/dfb-elf-nations-league.jpg","width":1171,"height":400,"caption":"Alle Wetten zur Fu\u00dfball WM 2022 in Katar. Jetzt bei ODDSET mit Top Quoten wetten."},{"@type":"BreadcrumbList","@id":"https:\/\/www.oddset.de\/blog\/nations-league-wetten-bei-oddset\/#breadcrumb","itemListElement":[{"@type":"ListItem","position":1,"name":"Startseite","item":"https:\/\/www.oddset.de\/blog\/"},{"@type":"ListItem","position":2,"name":"Nations League Wetten bei ODDSET"}]},{"@type":"WebSite","@id":"https:\/\/www.oddset.de\/blog\/#website","url":"https:\/\/www.oddset.de\/blog\/","name":"ODDSET FANZONE","description":"Der Fu\u00dfball &amp; Sportwetten Blog","publisher":{"@id":"https:\/\/www.oddset.de\/blog\/#organization"},"potentialAction":[{"@type":"SearchAction","target":{"@type":"EntryPoint","urlTemplate":"https:\/\/www.oddset.de\/blog\/?s={search_term_string}"},"query-input":{"@type":"PropertyValueSpecification","valueRequired":true,"valueName":"search_term_string"}}],"inLanguage":"de"},{"@type":"Organization","@id":"https:\/\/www.oddset.de\/blog\/#organization","name":"ODDSET FANZONE","url":"https:\/\/www.oddset.de\/blog\/","logo":{"@type":"ImageObject","inLanguage":"de","@id":"https:\/\/www.oddset.de\/blog\/#\/schema\/logo\/image\/","url":"https:\/\/www.oddset.de\/blog\/wp-content\/uploads\/2020\/05\/tb_logo.png","contentUrl":"https:\/\/www.oddset.de\/blog\/wp-content\/uploads\/2020\/05\/tb_logo.png","width":1171,"height":400,"caption":"ODDSET FANZONE"},"image":{"@id":"https:\/\/www.oddset.de\/blog\/#\/schema\/logo\/image\/"},"sameAs":["https:\/\/www.facebook.com\/ODDSETwetten\/","https:\/\/x.com\/ODDSETsport","https:\/\/www.youtube.com\/channel\/UC_vWGAocu28RqdyhzCPf9ZQ"]}]}},"_links":{"self":[{"href":"https:\/\/www.oddset.de\/blog\/wp-json\/wp\/v2\/pages\/493","targetHints":{"allow":["GET"]}}],"collection":[{"href":"https:\/\/www.oddset.de\/blog\/wp-json\/wp\/v2\/pages"}],"about":[{"href":"https:\/\/www.oddset.de\/blog\/wp-json\/wp\/v2\/types\/page"}],"author":[{"embeddable":true,"href":"https:\/\/www.oddset.de\/blog\/wp-json\/wp\/v2\/users\/3"}],"replies":[{"embeddable":true,"href":"https:\/\/www.oddset.de\/blog\/wp-json\/wp\/v2\/comments?post=493"}],"version-history":[{"count":141,"href":"https:\/\/www.oddset.de\/blog\/wp-json\/wp\/v2\/pages\/493\/revisions"}],"predecessor-version":[{"id":98620,"href":"https:\/\/www.oddset.de\/blog\/wp-json\/wp\/v2\/pages\/493\/revisions\/98620"}],"wp:featuredmedia":[{"embeddable":true,"href":"https:\/\/www.oddset.de\/blog\/wp-json\/wp\/v2\/media\/36742"}],"wp:attachment":[{"href":"https:\/\/www.oddset.de\/blog\/wp-json\/wp\/v2\/media?parent=493"}],"curies":[{"name":"wp","href":"https:\/\/api.w.org\/{rel}","templated":true}]}}