{"id":186,"date":"2016-08-10T08:50:48","date_gmt":"2016-08-10T06:50:48","guid":{"rendered":"http:\/\/fanzone.oddset.de\/?page_id=186"},"modified":"2019-12-30T10:29:35","modified_gmt":"2019-12-30T09:29:35","slug":"nutzungsbedingungen","status":"publish","type":"page","link":"https:\/\/www.oddset.de\/blog\/nutzungsbedingungen\/","title":{"rendered":"Nutzungsbedingungen"},"content":{"rendered":"\t\t<div data-elementor-type=\"wp-post\" data-elementor-id=\"186\" class=\"elementor elementor-186 elementor-bc-flex-widget\">\n\t\t\t\t\t\t<section class=\"elementor-section elementor-top-section elementor-element elementor-element-jgi0c2u elementor-section-boxed elementor-section-height-default elementor-section-height-default\" data-id=\"jgi0c2u\" data-element_type=\"section\">\n\t\t\t\t\t\t<div class=\"elementor-container elementor-column-gap-default\">\n\t\t\t\t\t<div class=\"elementor-column elementor-col-100 elementor-top-column elementor-element elementor-element-pnu62ed\" data-id=\"pnu62ed\" data-element_type=\"column\">\n\t\t\t<div class=\"elementor-widget-wrap elementor-element-populated\">\n\t\t\t\t\t\t<div class=\"elementor-element elementor-element-w57q2je elementor-widget elementor-widget-heading\" data-id=\"w57q2je\" data-element_type=\"widget\" data-widget_type=\"heading.default\">\n\t\t\t\t<div class=\"elementor-widget-container\">\n\t\t\t\t\t<h1 class=\"elementor-heading-title elementor-size-xl\">Nutzungsbedingungen<\/h1>\t\t\t\t<\/div>\n\t\t\t\t<\/div>\n\t\t\t\t\t<\/div>\n\t\t<\/div>\n\t\t\t\t\t<\/div>\n\t\t<\/section>\n\t\t\t\t<section class=\"elementor-section elementor-top-section elementor-element elementor-element-b2qp7si elementor-section-boxed elementor-section-height-default elementor-section-height-default\" data-id=\"b2qp7si\" data-element_type=\"section\">\n\t\t\t\t\t\t<div class=\"elementor-container elementor-column-gap-default\">\n\t\t\t\t\t<div class=\"elementor-column elementor-col-100 elementor-top-column elementor-element elementor-element-58m14lr\" data-id=\"58m14lr\" data-element_type=\"column\">\n\t\t\t<div class=\"elementor-widget-wrap elementor-element-populated\">\n\t\t\t\t\t\t<div class=\"elementor-element elementor-element-wuhb8qe elementor-widget elementor-widget-text-editor\" data-id=\"wuhb8qe\" data-element_type=\"widget\" data-widget_type=\"text-editor.default\">\n\t\t\t\t<div class=\"elementor-widget-container\">\n\t\t\t\t\t\t\t\t\t<p><strong>I. Allgemein<\/strong><\/p><ol><li>Diese Webseite ist ein Service der ODDSET Sportwetten GmbH (\u201eODDSET GmbH\u201c). Die Nutzung s\u00e4mtlicher Inhalte und Dienste der Webseite ist f\u00fcr Sie kostenlos.<\/li><li>Die ODDSET GmbH stellt s\u00e4mtliche Inhalte und Dienste der Webseite ausschlie\u00dflich zur privaten Nutzung zur Verf\u00fcgung. Eine Nutzung f\u00fcr gesch\u00e4ftliche bzw. kommerzielle Zwecke ist untersagt.<\/li><li>Texte, Bilder, Grafiken sowie die Gestaltung dieser Webseite unterliegen dem Urheberrecht. Sie d\u00fcrfen nur zum privaten und sonstigen eigenen Gebrauch im Rahmen des \u00a7 53 Urheberrechtsgesetz (UrhG) verwendet werden. Eine Vervielf\u00e4ltigung oder Verwendung dieser Seiten oder Teilen davon in anderen elektronischen oder gedruckten Publikationen und deren Ver\u00f6ffentlichung ist nur mit unserer Einwilligung gestattet. Weiterhin k\u00f6nnen Texte, Bilder, Grafiken und sonstige Dateien ganz oder teilweise dem Urheberrecht Dritter unterliegen. Soweit keine ausdr\u00fcckliche, schriftliche Einverst\u00e4ndniserkl\u00e4rung der ODDSET GmbH vorliegt, d\u00fcrfen die Inhalte und Dienste nur im Rahmen dieser Nutzungsbedingungen genutzt werden.<\/li><li>Namentlich gekennzeichnete Internetseiten geben die Auffassungen und Erkenntnisse der genannten Personen wieder.<\/li><li>Die Beziehungen zwischen Ihnen und der ODDSET GmbH unterliegen ausschlie\u00dflich dem Recht der Bundesrepublik Deutschland.<\/li><\/ol><p><strong>II. Information und Wettscheinvorbereitung<\/strong><\/p><ol><li>Die Inhalte und Dienste der Wettscheinvorbereitung dienen ausschlie\u00dflich Ihrer Information und der Vorbereitung von Wettscheinen.<\/li><li>Mit der Wettscheinvorbereitung kann kein Spielauftrag abgegeben werden und es kommt durch die Nutzung der Wettscheinvorbereitung auf dieser Webseite kein Spielvertrag zwischen Ihnen und der ODDSET GmbH zustande.<\/li><li>Ein wirksamer Spielauftrag liegt erst dann vor, wenn Sie Ihre jeweiligen Tipps erfolgreich vor Ort in einer Annahmestelle platziert haben. F\u00fcr die tats\u00e4chliche Spielteilnahme in den Annahmestellen gelten die jeweiligen aktuellen Teilnahmebedingungen, die Sie unter Teilnahmebedingungen f\u00fcr den station\u00e4ren Vertrieb auf dieser Webseite oder in Ihrer Annahmestelle finden.<\/li><li>Die auf dieser Webseite abgebildeten Quoten stellen immer nur die Quoten zu dem jeweiligen Zeitpunkt dar und k\u00f6nnen sich bis zur erfolgreichen Spielabgabe in der Annahmestelle \u00e4ndern.<\/li><li>\u00dcberpr\u00fcfen Sie daher stets die aktuellen Quoten und die Spielquittung unmittelbar in der Annahmestelle darauf, ob sich die Quoten seit der von ihnen durchgef\u00fchrten Wettscheinvorbereitung ge\u00e4ndert haben. Es besteht kein Anspruch darauf, einen Spielvertrag zu den in der Wettscheinvorbereitung dargestellten Quoten abzuschlie\u00dfen, wenn sich die Quoten in der Zwischenzeit ge\u00e4ndert haben.<\/li><li>F\u00fcr die Aktualit\u00e4t und die Richtigkeit der dargestellten Quoten, Ergebnisse und vorbereiteten Wettscheine \u00fcbernimmt die ODDSET GmbH keine Gew\u00e4hr. Jeder Wettschein, der mit Hilfe der Wettscheinvorbereitung auf der Webseite erstellt wurde, muss von Ihnen vor Abgabe in der Annahmestelle noch einmal auf Richtigkeit \u00fcberpr\u00fcft werden.<\/li><\/ol><p><strong>III. Inhalte Dritter<\/strong><\/p><p>Alle verwendeten Bilder wurden lizenziert durch imago (sofern nichts anderes angegeben).<\/p><p><strong>IV. Haftung<\/strong><\/p><ol><li>Alle auf dieser Webseite bereitgestellten Informationen haben wir nach bestem Wissen und Gewissen erarbeitet und gepr\u00fcft. Eine Gew\u00e4hr f\u00fcr die jederzeitige Aktualit\u00e4t, Richtigkeit, Vollst\u00e4ndigkeit und Verf\u00fcgbarkeit der bereit gestellten Informationen k\u00f6nnen wir allerdings nicht \u00fcbernehmen. Ein Vertragsverh\u00e4ltnis mit den Nutzern dieser Webseite kommt nicht zustande.<\/li><li>Die ODDSET GmbH haftet nicht f\u00fcr Sch\u00e4den, die durch die Nutzung dieser Webseite entstehen. F\u00fcr etwaige Sch\u00e4den, die beim Aufrufen oder Herunterladen von Daten durch Schadsoftware oder der Installation oder Nutzung von Software verursacht werden, wird nicht gehaftet.<\/li><\/ol><p><strong>V. Links<\/strong><\/p><p>Von unseren eigenen Inhalten sind Querverweise (\u201eLinks&#8220;) auf die Webseiten anderer Anbieter zu unterscheiden. Durch diese Links erm\u00f6glichen wir lediglich den Zugang zur Nutzung fremder Inhalte nach \u00a7 8 Telemediengesetz. Bei der erstmaligen Verkn\u00fcpfung mit diesen Internetangeboten haben wir diese fremden Inhalte daraufhin \u00fcberpr\u00fcft, ob durch sie eine m\u00f6gliche zivilrechtliche oder strafrechtliche Verantwortlichkeit ausgel\u00f6st wird. Wir k\u00f6nnen diese fremden Inhalte aber nicht st\u00e4ndig auf Ver\u00e4nderungen \u00fcberpr\u00fcfen und daher auch keine Verantwortung daf\u00fcr \u00fcbernehmen. F\u00fcr illegale, fehlerhafte oder unvollst\u00e4ndige Inhalte und insbesondere f\u00fcr Sch\u00e4den, die aus der Nutzung oder Nichtnutzung von Informationen Dritter entstehen, haftet allein der jeweilige Anbieter der Seite.<\/p>\t\t\t\t\t\t\t\t<\/div>\n\t\t\t\t<\/div>\n\t\t\t\t\t<\/div>\n\t\t<\/div>\n\t\t\t\t\t<\/div>\n\t\t<\/section>\n\t\t\t\t<\/div>\n\t\t","protected":false},"excerpt":{"rendered":"<p>Nutzungsbedingungen I. Allgemein Diese Webseite ist ein Service der ODDSET Sportwetten GmbH (\u201eODDSET GmbH\u201c). Die Nutzung s\u00e4mtlicher Inhalte und Dienste der Webseite ist f\u00fcr Sie kostenlos. Die ODDSET GmbH stellt s\u00e4mtliche Inhalte und Dienste der Webseite ausschlie\u00dflich zur privaten Nutzung zur Verf\u00fcgung. Eine Nutzung f\u00fcr gesch\u00e4ftliche bzw. kommerzielle Zwecke ist untersagt. Texte, Bilder, Grafiken sowie [&hellip;]<\/p>\n","protected":false},"author":3,"featured_media":0,"parent":0,"menu_order":0,"comment_status":"closed","ping_status":"closed","template":"","meta":{"_acf_changed":false,"footnotes":""},"class_list":["post-186","page","type-page","status-publish","hentry"],"acf":[],"yoast_head":"<!-- This site is optimized with the Yoast SEO plugin v26.0 - https:\/\/yoast.com\/wordpress\/plugins\/seo\/ -->\n<title>Nutzungsbedingungen - ODDSET FANZONE<\/title>\n<meta name=\"robots\" content=\"index, follow, max-snippet:-1, max-image-preview:large, max-video-preview:-1\" \/>\n<link rel=\"canonical\" href=\"https:\/\/www.oddset.de\/blog\/nutzungsbedingungen\/\" \/>\n<meta property=\"og:locale\" content=\"de_DE\" \/>\n<meta property=\"og:type\" content=\"article\" \/>\n<meta property=\"og:title\" content=\"Nutzungsbedingungen - ODDSET FANZONE\" \/>\n<meta property=\"og:description\" content=\"Nutzungsbedingungen I. Allgemein Diese Webseite ist ein Service der ODDSET Sportwetten GmbH (\u201eODDSET GmbH\u201c). Die Nutzung s\u00e4mtlicher Inhalte und Dienste der Webseite ist f\u00fcr Sie kostenlos. Die ODDSET GmbH stellt s\u00e4mtliche Inhalte und Dienste der Webseite ausschlie\u00dflich zur privaten Nutzung zur Verf\u00fcgung. Eine Nutzung f\u00fcr gesch\u00e4ftliche bzw. kommerzielle Zwecke ist untersagt. Texte, Bilder, Grafiken sowie [&hellip;]\" \/>\n<meta property=\"og:url\" content=\"https:\/\/www.oddset.de\/blog\/nutzungsbedingungen\/\" \/>\n<meta property=\"og:site_name\" content=\"ODDSET FANZONE\" \/>\n<meta property=\"article:publisher\" content=\"https:\/\/www.facebook.com\/ODDSETwetten\/\" \/>\n<meta property=\"article:modified_time\" content=\"2019-12-30T09:29:35+00:00\" \/>\n<meta property=\"og:image\" content=\"https:\/\/www.oddset.de\/blog\/wp-content\/uploads\/2016\/10\/die-welt-des-sports-bei-oddset-sportwetten.jpg\" \/>\n\t<meta property=\"og:image:width\" content=\"1120\" \/>\n\t<meta property=\"og:image:height\" content=\"886\" \/>\n\t<meta property=\"og:image:type\" content=\"image\/jpeg\" \/>\n<meta name=\"twitter:card\" content=\"summary_large_image\" \/>\n<meta name=\"twitter:site\" content=\"@ODDSETsport\" \/>\n<meta name=\"twitter:label1\" content=\"Gesch\u00e4tzte Lesezeit\" \/>\n\t<meta name=\"twitter:data1\" content=\"3\u00a0Minuten\" \/>\n<!-- \/ Yoast SEO plugin. -->","yoast_head_json":{"title":"Nutzungsbedingungen - ODDSET FANZONE","robots":{"index":"index","follow":"follow","max-snippet":"max-snippet:-1","max-image-preview":"max-image-preview:large","max-video-preview":"max-video-preview:-1"},"canonical":"https:\/\/www.oddset.de\/blog\/nutzungsbedingungen\/","og_locale":"de_DE","og_type":"article","og_title":"Nutzungsbedingungen - ODDSET FANZONE","og_description":"Nutzungsbedingungen I. Allgemein Diese Webseite ist ein Service der ODDSET Sportwetten GmbH (\u201eODDSET GmbH\u201c). Die Nutzung s\u00e4mtlicher Inhalte und Dienste der Webseite ist f\u00fcr Sie kostenlos. Die ODDSET GmbH stellt s\u00e4mtliche Inhalte und Dienste der Webseite ausschlie\u00dflich zur privaten Nutzung zur Verf\u00fcgung. Eine Nutzung f\u00fcr gesch\u00e4ftliche bzw. kommerzielle Zwecke ist untersagt. Texte, Bilder, Grafiken sowie [&hellip;]","og_url":"https:\/\/www.oddset.de\/blog\/nutzungsbedingungen\/","og_site_name":"ODDSET FANZONE","article_publisher":"https:\/\/www.facebook.com\/ODDSETwetten\/","article_modified_time":"2019-12-30T09:29:35+00:00","og_image":[{"width":1120,"height":886,"url":"https:\/\/www.oddset.de\/blog\/wp-content\/uploads\/2016\/10\/die-welt-des-sports-bei-oddset-sportwetten.jpg","type":"image\/jpeg"}],"twitter_card":"summary_large_image","twitter_site":"@ODDSETsport","twitter_misc":{"Gesch\u00e4tzte Lesezeit":"3\u00a0Minuten"},"schema":{"@context":"https:\/\/schema.org","@graph":[{"@type":"WebPage","@id":"https:\/\/www.oddset.de\/blog\/nutzungsbedingungen\/","url":"https:\/\/www.oddset.de\/blog\/nutzungsbedingungen\/","name":"Nutzungsbedingungen - ODDSET FANZONE","isPartOf":{"@id":"https:\/\/www.oddset.de\/blog\/#website"},"datePublished":"2016-08-10T06:50:48+00:00","dateModified":"2019-12-30T09:29:35+00:00","breadcrumb":{"@id":"https:\/\/www.oddset.de\/blog\/nutzungsbedingungen\/#breadcrumb"},"inLanguage":"de","potentialAction":[{"@type":"ReadAction","target":["https:\/\/www.oddset.de\/blog\/nutzungsbedingungen\/"]}]},{"@type":"BreadcrumbList","@id":"https:\/\/www.oddset.de\/blog\/nutzungsbedingungen\/#breadcrumb","itemListElement":[{"@type":"ListItem","position":1,"name":"Startseite","item":"https:\/\/www.oddset.de\/blog\/"},{"@type":"ListItem","position":2,"name":"Nutzungsbedingungen"}]},{"@type":"WebSite","@id":"https:\/\/www.oddset.de\/blog\/#website","url":"https:\/\/www.oddset.de\/blog\/","name":"ODDSET FANZONE","description":"Der Fu\u00dfball &amp; Sportwetten Blog","publisher":{"@id":"https:\/\/www.oddset.de\/blog\/#organization"},"potentialAction":[{"@type":"SearchAction","target":{"@type":"EntryPoint","urlTemplate":"https:\/\/www.oddset.de\/blog\/?s={search_term_string}"},"query-input":{"@type":"PropertyValueSpecification","valueRequired":true,"valueName":"search_term_string"}}],"inLanguage":"de"},{"@type":"Organization","@id":"https:\/\/www.oddset.de\/blog\/#organization","name":"ODDSET FANZONE","url":"https:\/\/www.oddset.de\/blog\/","logo":{"@type":"ImageObject","inLanguage":"de","@id":"https:\/\/www.oddset.de\/blog\/#\/schema\/logo\/image\/","url":"https:\/\/www.oddset.de\/blog\/wp-content\/uploads\/2020\/05\/tb_logo.png","contentUrl":"https:\/\/www.oddset.de\/blog\/wp-content\/uploads\/2020\/05\/tb_logo.png","width":1171,"height":400,"caption":"ODDSET FANZONE"},"image":{"@id":"https:\/\/www.oddset.de\/blog\/#\/schema\/logo\/image\/"},"sameAs":["https:\/\/www.facebook.com\/ODDSETwetten\/","https:\/\/x.com\/ODDSETsport","https:\/\/www.youtube.com\/channel\/UC_vWGAocu28RqdyhzCPf9ZQ"]}]}},"_links":{"self":[{"href":"https:\/\/www.oddset.de\/blog\/wp-json\/wp\/v2\/pages\/186","targetHints":{"allow":["GET"]}}],"collection":[{"href":"https:\/\/www.oddset.de\/blog\/wp-json\/wp\/v2\/pages"}],"about":[{"href":"https:\/\/www.oddset.de\/blog\/wp-json\/wp\/v2\/types\/page"}],"author":[{"embeddable":true,"href":"https:\/\/www.oddset.de\/blog\/wp-json\/wp\/v2\/users\/3"}],"replies":[{"embeddable":true,"href":"https:\/\/www.oddset.de\/blog\/wp-json\/wp\/v2\/comments?post=186"}],"version-history":[{"count":16,"href":"https:\/\/www.oddset.de\/blog\/wp-json\/wp\/v2\/pages\/186\/revisions"}],"predecessor-version":[{"id":30452,"href":"https:\/\/www.oddset.de\/blog\/wp-json\/wp\/v2\/pages\/186\/revisions\/30452"}],"wp:attachment":[{"href":"https:\/\/www.oddset.de\/blog\/wp-json\/wp\/v2\/media?parent=186"}],"curies":[{"name":"wp","href":"https:\/\/api.w.org\/{rel}","templated":true}]}}