{"id":110,"date":"2016-08-05T11:05:41","date_gmt":"2016-08-05T09:05:41","guid":{"rendered":"http:\/\/oddset.local:7285\/?page_id=110"},"modified":"2025-04-21T14:43:44","modified_gmt":"2025-04-21T12:43:44","slug":"impressum","status":"publish","type":"page","link":"https:\/\/www.oddset.de\/blog\/impressum\/","title":{"rendered":"Impressum"},"content":{"rendered":"\t\t<div data-elementor-type=\"wp-post\" data-elementor-id=\"110\" class=\"elementor elementor-110\">\n\t\t\t\t\t\t<section class=\"elementor-section elementor-top-section elementor-element elementor-element-kf5p7xg elementor-section-boxed elementor-section-height-default elementor-section-height-default\" data-id=\"kf5p7xg\" data-element_type=\"section\">\n\t\t\t\t\t\t<div class=\"elementor-container elementor-column-gap-default\">\n\t\t\t\t\t<div class=\"elementor-column elementor-col-100 elementor-top-column elementor-element elementor-element-bqatoau\" data-id=\"bqatoau\" data-element_type=\"column\">\n\t\t\t<div class=\"elementor-widget-wrap elementor-element-populated\">\n\t\t\t\t\t\t<div class=\"elementor-element elementor-element-cuxnk79 elementor-widget elementor-widget-heading\" data-id=\"cuxnk79\" data-element_type=\"widget\" data-widget_type=\"heading.default\">\n\t\t\t\t<div class=\"elementor-widget-container\">\n\t\t\t\t\t<h1 class=\"elementor-heading-title elementor-size-xxl\">Impressum<\/h1>\t\t\t\t<\/div>\n\t\t\t\t<\/div>\n\t\t\t\t\t<\/div>\n\t\t<\/div>\n\t\t\t\t\t<\/div>\n\t\t<\/section>\n\t\t\t\t<section class=\"elementor-section elementor-top-section elementor-element elementor-element-who5vnp elementor-section-boxed elementor-section-height-default elementor-section-height-default\" data-id=\"who5vnp\" data-element_type=\"section\">\n\t\t\t\t\t\t<div class=\"elementor-container elementor-column-gap-default\">\n\t\t\t\t\t<div class=\"elementor-column elementor-col-100 elementor-top-column elementor-element elementor-element-lhy7ex8\" data-id=\"lhy7ex8\" data-element_type=\"column\">\n\t\t\t<div class=\"elementor-widget-wrap elementor-element-populated\">\n\t\t\t\t\t\t<div class=\"elementor-element elementor-element-anyydv7 elementor-widget elementor-widget-text-editor\" data-id=\"anyydv7\" data-element_type=\"widget\" data-widget_type=\"text-editor.default\">\n\t\t\t\t<div class=\"elementor-widget-container\">\n\t\t\t\t\t\t\t\t\t<p>ODDSET Sportwetten GmbH<\/p><p>Konrad-Zuse-Platz 12<\/p><p>81829 M\u00fcnchen<\/p><p>Vertretungsberechtigte Gesch\u00e4ftsf\u00fchrer: Dr. Michael Hettich und Christof Sch\u00f6pfel<\/p><p>Vorsitzende des Aufsichtsrates: Dr. Carolin Kerschbaumer<\/p><p>Amtsgericht M\u00fcnchen, HRB 196232<\/p><p>USt-ID Nr. DE285741131<\/p><p><strong>Kontakt:<\/strong><\/p><p>Den Kundenservice der ODDSET Sportwetten GmbH erreichen Sie <a href=\"https:\/\/www.oddset.de\/de\/mobileportal\/contact?source=email\">hier<\/a>.<\/p><p>Kontaktstellen f\u00fcr Beh\u00f6rden sowie\u00a0 f\u00fcr Gesch\u00e4ftspartner der ODDSET GmbH:<\/p><p>Telefon: +49 89 4546200 111<\/p><p>E-Mail: info(at)oddset.de<\/p><p><strong>Verantwortlicher f\u00fcr die Inhalte dieser Webseite:<\/strong><\/p><p>Christof Sch\u00f6pfel<\/p><p>ODDSET Sportwetten GmbH<\/p><p>Konrad-Zuse-Platz 12<\/p><p>81829 M\u00fcnchen<\/p><p><strong>Erlaubnis- und Aufsichtsbeh\u00f6rde:<\/strong><\/p><p>Gemeinsame Gl\u00fccksspielbeh\u00f6rde der L\u00e4nder (GGL)<br \/>Anstalt des \u00f6ffentlichen Rechts<br \/>Hansering 15<br \/>06108 Halle (Saale)<\/p><p>Der ODDSET Sportwetten GmbH wurde mit Bescheid vom 15.12.2022 vom Regierungspr\u00e4sidium Darmstadt eine Erlaubnis zur Veranstaltung von Sportwetten im Internet sowie im station\u00e4ren Vertrieb erteilt.<\/p>\t\t\t\t\t\t\t\t<\/div>\n\t\t\t\t<\/div>\n\t\t\t\t\t<\/div>\n\t\t<\/div>\n\t\t\t\t\t<\/div>\n\t\t<\/section>\n\t\t\t\t<section class=\"elementor-section elementor-top-section elementor-element elementor-element-595b81b elementor-section-boxed elementor-section-height-default elementor-section-height-default\" data-id=\"595b81b\" data-element_type=\"section\">\n\t\t\t\t\t\t<div class=\"elementor-container elementor-column-gap-default\">\n\t\t\t\t\t<div class=\"elementor-column elementor-col-100 elementor-top-column elementor-element elementor-element-c1c1b98\" data-id=\"c1c1b98\" data-element_type=\"column\">\n\t\t\t<div class=\"elementor-widget-wrap elementor-element-populated\">\n\t\t\t\t\t\t<div class=\"elementor-element elementor-element-b6de0b1 elementor-widget elementor-widget-text-editor\" data-id=\"b6de0b1\" data-element_type=\"widget\" data-widget_type=\"text-editor.default\">\n\t\t\t\t<div class=\"elementor-widget-container\">\n\t\t\t\t\t\t\t\t\t<h2>Partner<\/h2><p><strong>Technische Konzeption, Softwareentwicklung und Betrieb des Blogs:<\/strong> <a href=\"http:\/\/www.mobivention.com\" target=\"_blank\" rel=\"noopener\">mobivention GmbH<\/a><\/p><p><strong>Bildagentur:<\/strong> <a href=\"https:\/\/www.imago-images.de\/\" target=\"_blank\" rel=\"noopener\">IMAGO<\/a><\/p>\t\t\t\t\t\t\t\t<\/div>\n\t\t\t\t<\/div>\n\t\t\t\t\t<\/div>\n\t\t<\/div>\n\t\t\t\t\t<\/div>\n\t\t<\/section>\n\t\t\t\t<\/div>\n\t\t","protected":false},"excerpt":{"rendered":"<p>Impressum ODDSET Sportwetten GmbH Konrad-Zuse-Platz 12 81829 M\u00fcnchen Vertretungsberechtigte Gesch\u00e4ftsf\u00fchrer: Dr. Michael Hettich und Christof Sch\u00f6pfel Vorsitzende des Aufsichtsrates: Dr. Carolin Kerschbaumer Amtsgericht M\u00fcnchen, HRB 196232 USt-ID Nr. DE285741131 Kontakt: Den Kundenservice der ODDSET Sportwetten GmbH erreichen Sie hier. Kontaktstellen f\u00fcr Beh\u00f6rden sowie\u00a0 f\u00fcr Gesch\u00e4ftspartner der ODDSET GmbH: Telefon: +49 89 4546200 111 E-Mail: info(at)oddset.de [&hellip;]<\/p>\n","protected":false},"author":59,"featured_media":0,"parent":0,"menu_order":0,"comment_status":"closed","ping_status":"closed","template":"","meta":{"_acf_changed":false,"footnotes":""},"class_list":["post-110","page","type-page","status-publish","hentry"],"acf":[],"yoast_head":"<!-- This site is optimized with the Yoast SEO plugin v26.0 - https:\/\/yoast.com\/wordpress\/plugins\/seo\/ -->\n<title>Impressum - ODDSET FANZONE<\/title>\n<meta name=\"robots\" content=\"noindex, nofollow\" \/>\n<meta property=\"og:locale\" content=\"de_DE\" \/>\n<meta property=\"og:type\" content=\"article\" \/>\n<meta property=\"og:title\" content=\"Impressum - ODDSET FANZONE\" \/>\n<meta property=\"og:description\" content=\"Impressum ODDSET Sportwetten GmbH Konrad-Zuse-Platz 12 81829 M\u00fcnchen Vertretungsberechtigte Gesch\u00e4ftsf\u00fchrer: Dr. Michael Hettich und Christof Sch\u00f6pfel Vorsitzende des Aufsichtsrates: Dr. Carolin Kerschbaumer Amtsgericht M\u00fcnchen, HRB 196232 USt-ID Nr. DE285741131 Kontakt: Den Kundenservice der ODDSET Sportwetten GmbH erreichen Sie hier. Kontaktstellen f\u00fcr Beh\u00f6rden sowie\u00a0 f\u00fcr Gesch\u00e4ftspartner der ODDSET GmbH: Telefon: +49 89 4546200 111 E-Mail: info(at)oddset.de [&hellip;]\" \/>\n<meta property=\"og:url\" content=\"https:\/\/www.oddset.de\/blog\/impressum\/\" \/>\n<meta property=\"og:site_name\" content=\"ODDSET FANZONE\" \/>\n<meta property=\"article:publisher\" content=\"https:\/\/www.facebook.com\/ODDSETwetten\/\" \/>\n<meta property=\"article:modified_time\" content=\"2025-04-21T12:43:44+00:00\" \/>\n<meta property=\"og:image\" content=\"https:\/\/www.oddset.de\/blog\/wp-content\/uploads\/2016\/10\/die-welt-des-sports-bei-oddset-sportwetten.jpg\" \/>\n\t<meta property=\"og:image:width\" content=\"1120\" \/>\n\t<meta property=\"og:image:height\" content=\"886\" \/>\n\t<meta property=\"og:image:type\" content=\"image\/jpeg\" \/>\n<meta name=\"twitter:card\" content=\"summary_large_image\" \/>\n<meta name=\"twitter:site\" content=\"@ODDSETsport\" \/>\n<meta name=\"twitter:label1\" content=\"Gesch\u00e4tzte Lesezeit\" \/>\n\t<meta name=\"twitter:data1\" content=\"1\u00a0Minute\" \/>\n<!-- \/ Yoast SEO plugin. -->","yoast_head_json":{"title":"Impressum - ODDSET FANZONE","robots":{"index":"noindex","follow":"nofollow"},"og_locale":"de_DE","og_type":"article","og_title":"Impressum - ODDSET FANZONE","og_description":"Impressum ODDSET Sportwetten GmbH Konrad-Zuse-Platz 12 81829 M\u00fcnchen Vertretungsberechtigte Gesch\u00e4ftsf\u00fchrer: Dr. Michael Hettich und Christof Sch\u00f6pfel Vorsitzende des Aufsichtsrates: Dr. Carolin Kerschbaumer Amtsgericht M\u00fcnchen, HRB 196232 USt-ID Nr. DE285741131 Kontakt: Den Kundenservice der ODDSET Sportwetten GmbH erreichen Sie hier. Kontaktstellen f\u00fcr Beh\u00f6rden sowie\u00a0 f\u00fcr Gesch\u00e4ftspartner der ODDSET GmbH: Telefon: +49 89 4546200 111 E-Mail: info(at)oddset.de [&hellip;]","og_url":"https:\/\/www.oddset.de\/blog\/impressum\/","og_site_name":"ODDSET FANZONE","article_publisher":"https:\/\/www.facebook.com\/ODDSETwetten\/","article_modified_time":"2025-04-21T12:43:44+00:00","og_image":[{"width":1120,"height":886,"url":"https:\/\/www.oddset.de\/blog\/wp-content\/uploads\/2016\/10\/die-welt-des-sports-bei-oddset-sportwetten.jpg","type":"image\/jpeg"}],"twitter_card":"summary_large_image","twitter_site":"@ODDSETsport","twitter_misc":{"Gesch\u00e4tzte Lesezeit":"1\u00a0Minute"},"schema":{"@context":"https:\/\/schema.org","@graph":[{"@type":"WebPage","@id":"https:\/\/www.oddset.de\/blog\/impressum\/","url":"https:\/\/www.oddset.de\/blog\/impressum\/","name":"Impressum - ODDSET FANZONE","isPartOf":{"@id":"https:\/\/www.oddset.de\/blog\/#website"},"datePublished":"2016-08-05T09:05:41+00:00","dateModified":"2025-04-21T12:43:44+00:00","breadcrumb":{"@id":"https:\/\/www.oddset.de\/blog\/impressum\/#breadcrumb"},"inLanguage":"de","potentialAction":[{"@type":"ReadAction","target":["https:\/\/www.oddset.de\/blog\/impressum\/"]}]},{"@type":"BreadcrumbList","@id":"https:\/\/www.oddset.de\/blog\/impressum\/#breadcrumb","itemListElement":[{"@type":"ListItem","position":1,"name":"Startseite","item":"https:\/\/www.oddset.de\/blog\/"},{"@type":"ListItem","position":2,"name":"Impressum"}]},{"@type":"WebSite","@id":"https:\/\/www.oddset.de\/blog\/#website","url":"https:\/\/www.oddset.de\/blog\/","name":"ODDSET FANZONE","description":"Der Fu\u00dfball &amp; Sportwetten Blog","publisher":{"@id":"https:\/\/www.oddset.de\/blog\/#organization"},"potentialAction":[{"@type":"SearchAction","target":{"@type":"EntryPoint","urlTemplate":"https:\/\/www.oddset.de\/blog\/?s={search_term_string}"},"query-input":{"@type":"PropertyValueSpecification","valueRequired":true,"valueName":"search_term_string"}}],"inLanguage":"de"},{"@type":"Organization","@id":"https:\/\/www.oddset.de\/blog\/#organization","name":"ODDSET FANZONE","url":"https:\/\/www.oddset.de\/blog\/","logo":{"@type":"ImageObject","inLanguage":"de","@id":"https:\/\/www.oddset.de\/blog\/#\/schema\/logo\/image\/","url":"https:\/\/www.oddset.de\/blog\/wp-content\/uploads\/2020\/05\/tb_logo.png","contentUrl":"https:\/\/www.oddset.de\/blog\/wp-content\/uploads\/2020\/05\/tb_logo.png","width":1171,"height":400,"caption":"ODDSET FANZONE"},"image":{"@id":"https:\/\/www.oddset.de\/blog\/#\/schema\/logo\/image\/"},"sameAs":["https:\/\/www.facebook.com\/ODDSETwetten\/","https:\/\/x.com\/ODDSETsport","https:\/\/www.youtube.com\/channel\/UC_vWGAocu28RqdyhzCPf9ZQ"]}]}},"_links":{"self":[{"href":"https:\/\/www.oddset.de\/blog\/wp-json\/wp\/v2\/pages\/110","targetHints":{"allow":["GET"]}}],"collection":[{"href":"https:\/\/www.oddset.de\/blog\/wp-json\/wp\/v2\/pages"}],"about":[{"href":"https:\/\/www.oddset.de\/blog\/wp-json\/wp\/v2\/types\/page"}],"author":[{"embeddable":true,"href":"https:\/\/www.oddset.de\/blog\/wp-json\/wp\/v2\/users\/59"}],"replies":[{"embeddable":true,"href":"https:\/\/www.oddset.de\/blog\/wp-json\/wp\/v2\/comments?post=110"}],"version-history":[{"count":70,"href":"https:\/\/www.oddset.de\/blog\/wp-json\/wp\/v2\/pages\/110\/revisions"}],"predecessor-version":[{"id":97156,"href":"https:\/\/www.oddset.de\/blog\/wp-json\/wp\/v2\/pages\/110\/revisions\/97156"}],"wp:attachment":[{"href":"https:\/\/www.oddset.de\/blog\/wp-json\/wp\/v2\/media?parent=110"}],"curies":[{"name":"wp","href":"https:\/\/api.w.org\/{rel}","templated":true}]}}