{"id":100600,"date":"2025-08-26T15:13:15","date_gmt":"2025-08-26T13:13:15","guid":{"rendered":"https:\/\/fanzone.oddset.de\/?page_id=100600"},"modified":"2025-09-29T16:04:48","modified_gmt":"2025-09-29T14:04:48","slug":"basketball-em-2025-spielplan-ergebnisse","status":"publish","type":"page","link":"https:\/\/www.oddset.de\/blog\/basketball-em-2025-spielplan-ergebnisse\/","title":{"rendered":"Basketball-EM 2025: Spielplan, Ergebnisse"},"content":{"rendered":"\t\t<div data-elementor-type=\"wp-page\" data-elementor-id=\"100600\" class=\"elementor elementor-100600\">\n\t\t\t\t\t\t<section class=\"elementor-section elementor-top-section elementor-element elementor-element-f6684b0 elementor-section-boxed elementor-section-height-default elementor-section-height-default\" data-id=\"f6684b0\" data-element_type=\"section\">\n\t\t\t\t\t\t<div class=\"elementor-container elementor-column-gap-default\">\n\t\t\t\t\t<div class=\"elementor-column elementor-col-33 elementor-top-column elementor-element elementor-element-14e05bb\" data-id=\"14e05bb\" data-element_type=\"column\">\n\t\t\t<div class=\"elementor-widget-wrap\">\n\t\t\t\t\t\t\t<\/div>\n\t\t<\/div>\n\t\t\t\t<div class=\"elementor-column elementor-col-33 elementor-top-column elementor-element elementor-element-a0cf5ac\" data-id=\"a0cf5ac\" data-element_type=\"column\">\n\t\t\t<div class=\"elementor-widget-wrap elementor-element-populated\">\n\t\t\t\t\t\t<div class=\"elementor-element elementor-element-6c0b3f3 elementor-widget elementor-widget-html\" data-id=\"6c0b3f3\" data-element_type=\"widget\" data-widget_type=\"html.default\">\n\t\t\t\t<div class=\"elementor-widget-container\">\n\t\t\t\t\t<div class='hidden'>no entries for sport = t-51331<\/div>\t\t\t\t<\/div>\n\t\t\t\t<\/div>\n\t\t\t\t\t<\/div>\n\t\t<\/div>\n\t\t\t\t<div class=\"elementor-column elementor-col-33 elementor-top-column elementor-element elementor-element-70b277a\" data-id=\"70b277a\" data-element_type=\"column\">\n\t\t\t<div class=\"elementor-widget-wrap\">\n\t\t\t\t\t\t\t<\/div>\n\t\t<\/div>\n\t\t\t\t\t<\/div>\n\t\t<\/section>\n\t\t\t\t<section class=\"elementor-section elementor-top-section elementor-element elementor-element-e4cf2cf elementor-section-boxed elementor-section-height-default elementor-section-height-default\" data-id=\"e4cf2cf\" data-element_type=\"section\">\n\t\t\t\t\t\t<div class=\"elementor-container elementor-column-gap-default\">\n\t\t\t\t\t<div class=\"elementor-column elementor-col-100 elementor-top-column elementor-element elementor-element-d161815\" data-id=\"d161815\" data-element_type=\"column\">\n\t\t\t<div class=\"elementor-widget-wrap elementor-element-populated\">\n\t\t\t\t\t\t<div class=\"elementor-element elementor-element-752fa05 elementor-widget elementor-widget-text-editor\" data-id=\"752fa05\" data-element_type=\"widget\" data-widget_type=\"text-editor.default\">\n\t\t\t\t<div class=\"elementor-widget-container\">\n\t\t\t\t\t\t\t\t\t<p>Vom <strong>27. August.<\/strong> <strong>bis 14. September<\/strong> findet in den vier L\u00e4ndern Zypern, Finnland, Polen und Lettland die Basketball-EM, kurz <strong>EuroBasket 2025<\/strong>, statt. \ud83c\udfc0 Es treten 24 Nationalmannschaften an, die f\u00fcr die Gruppenphase in vier Gruppen zu je sechs Teams aufgeteilt sind. Jedes Team spielt einmal gegen jedes andere Team in seiner Gruppe, wobei die vier besten jeweils die K.-o.-Phase erreichen.<\/p><p>Vor zwei Jahren gewannen die deutschen Basketballer auf den Philippinen die Weltmeisterschaft. Angef\u00fchrt von den NBA-Stars Dennis Schr\u00f6der und Franz Wagner schlug die deutsche Auswahl Serbien im Finale mit 83:77. Zuvor im Halbfinale setzte sich Deutschland 113:111 gegen die USA durch! Wer diese beiden Topteams schl\u00e4gt, dem sollte auch zwei Jahre sp\u00e4ter der Titel bei der EuroBasket zuzutrauen sein. Hinter den an 1 gesetzten <a href=\"https:\/\/www.oddset.de\/de\/sports?options=17327476-1276506631--666168944\" target=\"_blank\" rel=\"noopener\"><strong>Serben<\/strong> \ud83c\uddf7\ud83c\uddf8<\/a> gelten die <a href=\"https:\/\/www.oddset.de\/de\/sports?options=17327476-1276506631--666168943\" target=\"_blank\" rel=\"noopener\"><strong>Deutschen<\/strong> \ud83c\udde9\ud83c\uddea<\/a> als Zweiter hei\u00dfer Anw\u00e4rter auf Europas Basketballkrone.<\/p><p>Zwar werden sie nicht mehr von Erfolgstrainer Gordon Herbert gecoacht, aber bislang macht Nachfolger Alex Mumbru einen sehr guten Job. Das zeigen die starken Ergebnisse der Vorbereitung, wo unter anderem Spanien, die T\u00fcrkei und Slowenien geschlagen wurden.<\/p><p><strong>Spanien<\/strong> \ud83c\uddea\ud83c\uddf8 ist \u00fcbrigens Titelverteidiger, <strong>2022<\/strong> schlug man <a href=\"https:\/\/www.oddset.de\/de\/sports?options=17327476-1276506631--666168942\" target=\"_blank\" rel=\"noopener\"><strong>Frankreich<\/strong> \ud83c\uddeb\ud83c\uddf7<\/a> im Finale mit 88:76. Zuvor gewannen die Spanier ihr Halbfinale gegen Deutschland mit 96:91.<\/p>\t\t\t\t\t\t\t\t<\/div>\n\t\t\t\t<\/div>\n\t\t\t\t\t<\/div>\n\t\t<\/div>\n\t\t\t\t\t<\/div>\n\t\t<\/section>\n\t\t\t\t<section class=\"elementor-section elementor-top-section elementor-element elementor-element-c9bf3ac elementor-section-boxed elementor-section-height-default elementor-section-height-default\" data-id=\"c9bf3ac\" data-element_type=\"section\">\n\t\t\t\t\t\t<div class=\"elementor-container elementor-column-gap-default\">\n\t\t\t\t\t<div class=\"elementor-column elementor-col-100 elementor-top-column elementor-element elementor-element-9bc3d7a\" data-id=\"9bc3d7a\" data-element_type=\"column\">\n\t\t\t<div class=\"elementor-widget-wrap elementor-element-populated\">\n\t\t\t\t\t\t<div class=\"elementor-element elementor-element-fc0d43f elementor-widget-divider--view-line elementor-widget elementor-widget-divider\" data-id=\"fc0d43f\" data-element_type=\"widget\" data-widget_type=\"divider.default\">\n\t\t\t\t<div class=\"elementor-widget-container\">\n\t\t\t\t\t\t\t<div class=\"elementor-divider\">\n\t\t\t<span class=\"elementor-divider-separator\">\n\t\t\t\t\t\t<\/span>\n\t\t<\/div>\n\t\t\t\t\t\t<\/div>\n\t\t\t\t<\/div>\n\t\t\t\t<div class=\"elementor-element elementor-element-add4855 elementor-position-left elementor-view-default elementor-mobile-position-top elementor-widget elementor-widget-icon-box\" data-id=\"add4855\" data-element_type=\"widget\" data-widget_type=\"icon-box.default\">\n\t\t\t\t<div class=\"elementor-widget-container\">\n\t\t\t\t\t\t\t<div class=\"elementor-icon-box-wrapper\">\n\n\t\t\t\t\t\t<div class=\"elementor-icon-box-icon\">\n\t\t\t\t<span  class=\"elementor-icon\">\n\t\t\t\t<i aria-hidden=\"true\" class=\"fas fa-tv\"><\/i>\t\t\t\t<\/span>\n\t\t\t<\/div>\n\t\t\t\n\t\t\t\t\t\t<div class=\"elementor-icon-box-content\">\n\n\t\t\t\t\t\t\t\t\t<h3 class=\"elementor-icon-box-title\">\n\t\t\t\t\t\t<span  >\n\t\t\t\t\t\t\tEuroBasket 2025 im TV oder Livestream\t\t\t\t\t\t<\/span>\n\t\t\t\t\t<\/h3>\n\t\t\t\t\n\t\t\t\t\t\t\t\t\t<p class=\"elementor-icon-box-description\">\n\t\t\t\t\t\tIm Free-TV \u00fcbertr\u00e4gt <b>RTL<\/b> alle Partien der deutschen Nationalmannschaft live und kostenlos.<br>\nAu\u00dferdem sind Livestreams der DBB-Spiele und weiterer ausgew\u00e4hlter Partien auf RTL+ (kostenpflichtig) zu sehen. Bei <b>MagentaSport <\/b>sind alle 76 Partien der EuroBasket 2025 live verf\u00fcgbar, f\u00fcr das Komplett-Paket ist ein Abo n\u00f6tig, f\u00fcr die Deutschland-Spiele (kostenlos) nicht.\n\t\t\t\t\t<\/p>\n\t\t\t\t\n\t\t\t<\/div>\n\t\t\t\n\t\t<\/div>\n\t\t\t\t\t\t<\/div>\n\t\t\t\t<\/div>\n\t\t\t\t<div class=\"elementor-element elementor-element-53145a2 elementor-widget-divider--view-line elementor-widget elementor-widget-divider\" data-id=\"53145a2\" data-element_type=\"widget\" data-widget_type=\"divider.default\">\n\t\t\t\t<div class=\"elementor-widget-container\">\n\t\t\t\t\t\t\t<div class=\"elementor-divider\">\n\t\t\t<span class=\"elementor-divider-separator\">\n\t\t\t\t\t\t<\/span>\n\t\t<\/div>\n\t\t\t\t\t\t<\/div>\n\t\t\t\t<\/div>\n\t\t\t\t<div class=\"elementor-element elementor-element-14f81db elementor-widget elementor-widget-text-editor\" data-id=\"14f81db\" data-element_type=\"widget\" data-widget_type=\"text-editor.default\">\n\t\t\t\t<div class=\"elementor-widget-container\">\n\t\t\t\t\t\t\t\t\t<p>Die DBB-Auswahl startet am 27. August, 15.30 Uhr mit dem ersten von f\u00fcnf Gruppenspielen gegen Montenegro ins Turnier. Es folgen die Partien gegen Schweden (29. August, 12.30 Uhr), Litauen (30. August, 12.30 Uhr), Gro\u00dfbritannien (1. September, 15.30 Uhr) und Gastgeber der Gruppe B, Finnland (3. September, 19.30 Uhr).<\/p><h3>Das deutsche EM-Aufgebot<\/h3><p>Isaac Bonga (Partizan Belgrad\/SRB)<br \/>Oscar Da Silva (FC Bayern M\u00fcnchen)<br \/>Tristan Da Silva (Orlando Magic\/USA)<br \/>Justus Hollatz (FC Bayern M\u00fcnchen)<br \/>Leon Kratzer (FC Bayern M\u00fcnchen)<br \/>Maodo Lo (Zalgiris Kaunas\/LTU)<br \/>Andreas Obst (FC Bayern M\u00fcnchen)<br \/>Dennis Schr\u00f6der (Sacramento Kings\/USA)<br \/>Daniel Theis (zuletzt AS Monaco\/FRA)<br \/>Johannes Thiemann (Gunma Crane Thunders\/JPN)<br \/>Johannes Voigtmann (FC Bayern M\u00fcnchen)<br \/>Franz Wagner (Orlando Magic\/USA)<\/p><hr \/><p><strong>Gr. A:<\/strong> T\u00fcrkei, Serbien, Lettland, Portugal, Estland, Tschechien<\/p><p><strong>Gr. B:<\/strong> Deutschland, Litauen, Finnland, Schweden, Montenegro, Gro\u00dfbritannien<\/p><p><strong>Gr. C:<\/strong> Griechenland, Italien, Bosnien-Herzegowina, Georgien, Spanien, Zypern<\/p><p><strong>Gr. D:<\/strong> Frankreich, Polen, Slowenien, Israel, Belgien, Island<\/p>\t\t\t\t\t\t\t\t<\/div>\n\t\t\t\t<\/div>\n\t\t\t\t<div class=\"elementor-element elementor-element-73e7415 elementor-widget elementor-widget-heading\" data-id=\"73e7415\" data-element_type=\"widget\" data-widget_type=\"heading.default\">\n\t\t\t\t<div class=\"elementor-widget-container\">\n\t\t\t\t\t<h2 class=\"elementor-heading-title elementor-size-default\">Spielplan Gruppenphase<\/h2>\t\t\t\t<\/div>\n\t\t\t\t<\/div>\n\t\t\t\t<section class=\"elementor-section elementor-inner-section elementor-element elementor-element-06b78a6 elementor-section-boxed elementor-section-height-default elementor-section-height-default\" data-id=\"06b78a6\" data-element_type=\"section\">\n\t\t\t\t\t\t<div class=\"elementor-container elementor-column-gap-default\">\n\t\t\t\t\t<div class=\"elementor-column elementor-col-50 elementor-inner-column elementor-element elementor-element-20ca83b\" data-id=\"20ca83b\" data-element_type=\"column\">\n\t\t\t<div class=\"elementor-widget-wrap elementor-element-populated\">\n\t\t\t\t\t\t<div class=\"elementor-element elementor-element-1028255 elementor-widget elementor-widget-text-editor\" data-id=\"1028255\" data-element_type=\"widget\" data-widget_type=\"text-editor.default\">\n\t\t\t\t<div class=\"elementor-widget-container\">\n\t\t\t\t\t\t\t\t\t<p><em><strong>MI 27.8.<\/strong><\/em><br \/>Gro\u00dfbritannien \u2013 Litauen 70:94<br \/>Tschechien \u2013 Portugal 50:62<br \/>Montenegro \u2013 <strong>Deutschland <\/strong>76:106<br \/>Lettland \u2013 T\u00fcrkei 73:93<br \/>Schweden \u2013 Finnland 90:93<br \/>Serbien \u2013 Estland 98:64<\/p><p><em><strong>DO 28.8.<\/strong><\/em><br \/>Georgien \u2013 Spanien 83:69<br \/>Israel \u2013 Island 83:71<br \/>Belgien \u2013 Frankreich 64:92<br \/>Bosnien-Herz. \u2013 Zypern 91:64<br \/>Griechenland \u2013 Italien 75:66<br \/>Slowenien \u2013 Polen 95:105<\/p><p><em><strong>FR 29.8.<\/strong><\/em><br \/><strong>Deutschland<\/strong> \u2013 Schweden 105:83<br \/>T\u00fcrkei \u2013 Tschechien 92:78<br \/>Litauen \u2013 Montenegro 94:67<br \/>Estland \u2013 Lettland 70:72<br \/>Finnland \u2013 Gro\u00dfbritannien 109:79<br \/>Portugal \u2013 Serbien 69:80<\/p><p><em><strong>SA 30.8.<\/strong><\/em><br \/>Litauen \u2013 <strong>Deutschland <\/strong>88:107<br \/>Tschechien \u2013 Estland 75:89<br \/>Island \u2013 Belgien 64:71<br \/>Italien \u2013 Georgien 78:62<br \/>Gro\u00dfbritannien \u2013 Schweden\u00a0<br \/>Frankreich \u2013 Slowenien 103:95<br \/>Lettland \u2013 Serbien 80:84<br \/>Zypern \u2013 Griechenland 69:96<br \/>Montenegro \u2013 Finnland 65:85<br \/>T\u00fcrkei \u2013 Portugal 95:54<br \/>Polen \u2013 Israel 66:64<br \/>Spanien \u2013 Bosnien-Herz. 88:67<\/p><p><em><strong>SO 31.8.<\/strong><\/em><br \/>Georgien \u2013 Griechenland 53:94<br \/>Slowenien \u2013 Belgien 86:69<br \/>Israel \u2013 Frankreich 82:69<\/p>\t\t\t\t\t\t\t\t<\/div>\n\t\t\t\t<\/div>\n\t\t\t\t\t<\/div>\n\t\t<\/div>\n\t\t\t\t<div class=\"elementor-column elementor-col-50 elementor-inner-column elementor-element elementor-element-a3e02a9\" data-id=\"a3e02a9\" data-element_type=\"column\">\n\t\t\t<div class=\"elementor-widget-wrap elementor-element-populated\">\n\t\t\t\t\t\t<div class=\"elementor-element elementor-element-60640ae elementor-widget elementor-widget-text-editor\" data-id=\"60640ae\" data-element_type=\"widget\" data-widget_type=\"text-editor.default\">\n\t\t\t\t<div class=\"elementor-widget-container\">\n\t\t\t\t\t\t\t\t\t<p><em><strong>SO 31.8.<\/strong><\/em><br \/>Spanien \u2013 Zypern 91:47<br \/>Bosnien-Herz. \u2013 Italien 79:96<br \/>Polen \u2013 Island 84:75<\/p><p><em><strong>MO 1.9.<\/strong><\/em><br \/>Schweden \u2013 Montenegro 81:87<br \/>Estland \u2013 T\u00fcrkei 64:84<br \/><strong>Deutschland<\/strong> \u2013 Gro\u00dfbritannien 120:57<br \/>Portugal \u2013 Lettland 62:78<br \/>Finnland \u2013 Litauen 78:81<br \/>Serbien \u2013 Tschechien 82:60<\/p><p><em><strong>DI 2.9.<\/strong><\/em><br \/>Belgien \u2013 Israel 89:92<br \/>Griechenland \u2013 Bosnien-Herz. 77:80<br \/>Island \u2013 Slowenien 79:87<br \/>Zypern \u2013 Georgien 61:93<br \/>Frankreich \u2013 Polen 83:76<br \/>Italien \u2013 Spanien 67:63<\/p><p><em><strong>MI 3.9.<\/strong><\/em><br \/>Montenegro \u2013 Gro\u00dfbritannien 83:89<br \/>Estland \u2013 Portugal 65:68<br \/>Litauen \u2013 Schweden 74:71<br \/>Tschechien \u2013 Lettland 75:109<br \/>Finnland \u2013 <strong>Deutschland <\/strong>61:91<br \/>T\u00fcrkei \u2013 Serbien 95:90<\/p><p><em><strong>DO 4.9.<\/strong><\/em><br \/>Frankreich \u2013 Island 114:74<br \/>Bosnien-Herz. \u2013 Georgien 84:76<br \/>Israel \u2013 Slowenien 96:106<br \/>Italien \u2013 Zypern 89:54<br \/>Polen \u2013 Belgien 69:70<br \/>Spanien \u2013 Griechenland 86:90<\/p>\t\t\t\t\t\t\t\t<\/div>\n\t\t\t\t<\/div>\n\t\t\t\t\t<\/div>\n\t\t<\/div>\n\t\t\t\t\t<\/div>\n\t\t<\/section>\n\t\t\t\t\t<\/div>\n\t\t<\/div>\n\t\t\t\t\t<\/div>\n\t\t<\/section>\n\t\t\t\t<section class=\"elementor-section elementor-top-section elementor-element elementor-element-28c6863 elementor-section-boxed elementor-section-height-default elementor-section-height-default\" data-id=\"28c6863\" data-element_type=\"section\">\n\t\t\t\t\t\t<div class=\"elementor-container elementor-column-gap-default\">\n\t\t\t\t\t<div class=\"elementor-column elementor-col-100 elementor-top-column elementor-element elementor-element-45d465d\" data-id=\"45d465d\" data-element_type=\"column\">\n\t\t\t<div class=\"elementor-widget-wrap elementor-element-populated\">\n\t\t\t\t\t\t<div class=\"elementor-element elementor-element-f589bb5 elementor-widget elementor-widget-text-editor\" data-id=\"f589bb5\" data-element_type=\"widget\" data-widget_type=\"text-editor.default\">\n\t\t\t\t<div class=\"elementor-widget-container\">\n\t\t\t\t\t\t\t\t\t<h3>Achtelfinale<\/h3><p>(alle Spiele in Riga, Lettland)<\/p><p><em><strong>SA 6.9.<\/strong><\/em><br \/>T\u00fcrkei \u2013 Schweden 85:79<br \/><span style=\"color: #000000;\"><strong>Deutschland<\/strong> \u2013 Portu<\/span>gal 85:58<br \/>Litauen \u2013 Lettland 88:79<br \/>Serbien \u2013 Finnland 86:92<\/p><p><em><strong>SO 7.9.<\/strong><\/em><br \/>Polen \u2013 Bosnien-Herzegowina 80:72<br \/>Frankreich \u2013 Georgien 70:80<br \/>Italien \u2013 Slowenien 77:84<br \/>Griechenland \u2013 Israel 84:79<\/p><h3>Viertelfinale<\/h3><p><em><strong>DI 9.9.<\/strong><\/em><br \/>T\u00fcrkei \u2013 Polen 91:77<br \/>Litauen \u2013 Griechenland 76:87<\/p><p><em><strong>MI 10.9.<\/strong><\/em><br \/>Finnland \u2013 Georgien 93:79<br \/><strong>Deutschland<\/strong> \u2013 Slowenien 99:91<\/p><h3>Halbfinale<\/h3><p><em><strong>FR 12.9.<\/strong><\/em><br \/><strong>Deutschland<\/strong> \u2013 Finnland 98:86<br \/>Griechenland \u2013 T\u00fcrkei 68:94<\/p><h3>Finals<\/h3><p><em><strong>SO 14.9.<br \/><\/strong><\/em>Platz 3: Griechenland \u2013 Finnland 92:89<\/p><p><span style=\"text-decoration: underline;\">Endspiel:<\/span> T\u00fcrkei \ud83c\uddf9\ud83c\uddf7 <strong>\u2013<\/strong> \ud83c\udde9\ud83c\uddea <strong>Deutschland<\/strong> 83:88 (46:40)<\/p><p>Deutschlands Basketballer\u00a0feiern nach dem <strong>WM-Titel 2023<\/strong> erneut den Gewinn eines gro\u00dfen Turniers \ud83e\udd73<\/p>\t\t\t\t\t\t\t\t<\/div>\n\t\t\t\t<\/div>\n\t\t\t\t\t<\/div>\n\t\t<\/div>\n\t\t\t\t\t<\/div>\n\t\t<\/section>\n\t\t\t\t<\/div>\n\t\t","protected":false},"excerpt":{"rendered":"<p>Vom 27. August. bis 14. September findet in den vier L\u00e4ndern Zypern, Finnland, Polen und Lettland die Basketball-EM, kurz EuroBasket 2025, statt. \ud83c\udfc0 Es treten 24 Nationalmannschaften an, die f\u00fcr die Gruppenphase in vier Gruppen zu je sechs Teams aufgeteilt sind. Jedes Team spielt einmal gegen jedes andere Team in seiner Gruppe, wobei die vier [&hellip;]<\/p>\n","protected":false},"author":21,"featured_media":100601,"parent":0,"menu_order":0,"comment_status":"closed","ping_status":"closed","template":"","meta":{"_acf_changed":false,"footnotes":""},"class_list":["post-100600","page","type-page","status-publish","has-post-thumbnail","hentry"],"acf":[],"yoast_head":"<!-- This site is optimized with the Yoast SEO plugin v26.0 - https:\/\/yoast.com\/wordpress\/plugins\/seo\/ -->\n<title>Basketball-EM 2025: Spielplan, Ergebnisse - ODDSET FANZONE<\/title>\n<meta name=\"description\" content=\"Alles zur Basketball-EM EuroBasket 2025: Spielplan \u2705 Wetten mit top Quoten \u2705 Tipps \u2705 Ergebnisse \u2705 Jetzt bei ODDSET online wetten &gt;\" \/>\n<meta name=\"robots\" content=\"index, follow, max-snippet:-1, max-image-preview:large, max-video-preview:-1\" \/>\n<link rel=\"canonical\" href=\"https:\/\/www.oddset.de\/blog\/basketball-em-2025-spielplan-ergebnisse\/\" \/>\n<meta property=\"og:locale\" content=\"de_DE\" \/>\n<meta property=\"og:type\" content=\"article\" \/>\n<meta property=\"og:title\" content=\"Basketball-EM 2025: Spielplan, Ergebnisse - ODDSET FANZONE\" \/>\n<meta property=\"og:description\" content=\"Alles zur Basketball-EM EuroBasket 2025: Spielplan \u2705 Wetten mit top Quoten \u2705 Tipps \u2705 Ergebnisse \u2705 Jetzt bei ODDSET online wetten &gt;\" \/>\n<meta property=\"og:url\" content=\"https:\/\/www.oddset.de\/blog\/basketball-em-2025-spielplan-ergebnisse\/\" \/>\n<meta property=\"og:site_name\" content=\"ODDSET FANZONE\" \/>\n<meta property=\"article:publisher\" content=\"https:\/\/www.facebook.com\/ODDSETwetten\/\" \/>\n<meta property=\"article:modified_time\" content=\"2025-09-29T14:04:48+00:00\" \/>\n<meta property=\"og:image\" content=\"https:\/\/www.oddset.de\/blog\/wp-content\/uploads\/2025\/08\/basketball-em.jpg\" \/>\n\t<meta property=\"og:image:width\" content=\"1170\" \/>\n\t<meta property=\"og:image:height\" content=\"400\" \/>\n\t<meta property=\"og:image:type\" content=\"image\/jpeg\" \/>\n<meta name=\"twitter:card\" content=\"summary_large_image\" \/>\n<meta name=\"twitter:site\" content=\"@ODDSETsport\" \/>\n<meta name=\"twitter:label1\" content=\"Gesch\u00e4tzte Lesezeit\" \/>\n\t<meta name=\"twitter:data1\" content=\"5\u00a0Minuten\" \/>\n<!-- \/ Yoast SEO plugin. -->","yoast_head_json":{"title":"Basketball-EM 2025: Spielplan, Ergebnisse - ODDSET FANZONE","description":"Alles zur Basketball-EM EuroBasket 2025: Spielplan \u2705 Wetten mit top Quoten \u2705 Tipps \u2705 Ergebnisse \u2705 Jetzt bei ODDSET online wetten >","robots":{"index":"index","follow":"follow","max-snippet":"max-snippet:-1","max-image-preview":"max-image-preview:large","max-video-preview":"max-video-preview:-1"},"canonical":"https:\/\/www.oddset.de\/blog\/basketball-em-2025-spielplan-ergebnisse\/","og_locale":"de_DE","og_type":"article","og_title":"Basketball-EM 2025: Spielplan, Ergebnisse - ODDSET FANZONE","og_description":"Alles zur Basketball-EM EuroBasket 2025: Spielplan \u2705 Wetten mit top Quoten \u2705 Tipps \u2705 Ergebnisse \u2705 Jetzt bei ODDSET online wetten >","og_url":"https:\/\/www.oddset.de\/blog\/basketball-em-2025-spielplan-ergebnisse\/","og_site_name":"ODDSET FANZONE","article_publisher":"https:\/\/www.facebook.com\/ODDSETwetten\/","article_modified_time":"2025-09-29T14:04:48+00:00","og_image":[{"width":1170,"height":400,"url":"https:\/\/www.oddset.de\/blog\/wp-content\/uploads\/2025\/08\/basketball-em.jpg","type":"image\/jpeg"}],"twitter_card":"summary_large_image","twitter_site":"@ODDSETsport","twitter_misc":{"Gesch\u00e4tzte Lesezeit":"5\u00a0Minuten"},"schema":{"@context":"https:\/\/schema.org","@graph":[{"@type":"WebPage","@id":"https:\/\/www.oddset.de\/blog\/basketball-em-2025-spielplan-ergebnisse\/","url":"https:\/\/www.oddset.de\/blog\/basketball-em-2025-spielplan-ergebnisse\/","name":"Basketball-EM 2025: Spielplan, Ergebnisse - ODDSET FANZONE","isPartOf":{"@id":"https:\/\/www.oddset.de\/blog\/#website"},"primaryImageOfPage":{"@id":"https:\/\/www.oddset.de\/blog\/basketball-em-2025-spielplan-ergebnisse\/#primaryimage"},"image":{"@id":"https:\/\/www.oddset.de\/blog\/basketball-em-2025-spielplan-ergebnisse\/#primaryimage"},"thumbnailUrl":"https:\/\/www.oddset.de\/blog\/wp-content\/uploads\/2025\/08\/basketball-em.jpg","datePublished":"2025-08-26T13:13:15+00:00","dateModified":"2025-09-29T14:04:48+00:00","description":"Alles zur Basketball-EM EuroBasket 2025: Spielplan \u2705 Wetten mit top Quoten \u2705 Tipps \u2705 Ergebnisse \u2705 Jetzt bei ODDSET online wetten >","breadcrumb":{"@id":"https:\/\/www.oddset.de\/blog\/basketball-em-2025-spielplan-ergebnisse\/#breadcrumb"},"inLanguage":"de","potentialAction":[{"@type":"ReadAction","target":["https:\/\/www.oddset.de\/blog\/basketball-em-2025-spielplan-ergebnisse\/"]}]},{"@type":"ImageObject","inLanguage":"de","@id":"https:\/\/www.oddset.de\/blog\/basketball-em-2025-spielplan-ergebnisse\/#primaryimage","url":"https:\/\/www.oddset.de\/blog\/wp-content\/uploads\/2025\/08\/basketball-em.jpg","contentUrl":"https:\/\/www.oddset.de\/blog\/wp-content\/uploads\/2025\/08\/basketball-em.jpg","width":1170,"height":400},{"@type":"BreadcrumbList","@id":"https:\/\/www.oddset.de\/blog\/basketball-em-2025-spielplan-ergebnisse\/#breadcrumb","itemListElement":[{"@type":"ListItem","position":1,"name":"Startseite","item":"https:\/\/www.oddset.de\/blog\/"},{"@type":"ListItem","position":2,"name":"Basketball-EM 2025: Spielplan, Ergebnisse"}]},{"@type":"WebSite","@id":"https:\/\/www.oddset.de\/blog\/#website","url":"https:\/\/www.oddset.de\/blog\/","name":"ODDSET FANZONE","description":"Der Fu\u00dfball &amp; Sportwetten Blog","publisher":{"@id":"https:\/\/www.oddset.de\/blog\/#organization"},"potentialAction":[{"@type":"SearchAction","target":{"@type":"EntryPoint","urlTemplate":"https:\/\/www.oddset.de\/blog\/?s={search_term_string}"},"query-input":{"@type":"PropertyValueSpecification","valueRequired":true,"valueName":"search_term_string"}}],"inLanguage":"de"},{"@type":"Organization","@id":"https:\/\/www.oddset.de\/blog\/#organization","name":"ODDSET FANZONE","url":"https:\/\/www.oddset.de\/blog\/","logo":{"@type":"ImageObject","inLanguage":"de","@id":"https:\/\/www.oddset.de\/blog\/#\/schema\/logo\/image\/","url":"https:\/\/www.oddset.de\/blog\/wp-content\/uploads\/2020\/05\/tb_logo.png","contentUrl":"https:\/\/www.oddset.de\/blog\/wp-content\/uploads\/2020\/05\/tb_logo.png","width":1171,"height":400,"caption":"ODDSET FANZONE"},"image":{"@id":"https:\/\/www.oddset.de\/blog\/#\/schema\/logo\/image\/"},"sameAs":["https:\/\/www.facebook.com\/ODDSETwetten\/","https:\/\/x.com\/ODDSETsport","https:\/\/www.youtube.com\/channel\/UC_vWGAocu28RqdyhzCPf9ZQ"]}]}},"_links":{"self":[{"href":"https:\/\/www.oddset.de\/blog\/wp-json\/wp\/v2\/pages\/100600","targetHints":{"allow":["GET"]}}],"collection":[{"href":"https:\/\/www.oddset.de\/blog\/wp-json\/wp\/v2\/pages"}],"about":[{"href":"https:\/\/www.oddset.de\/blog\/wp-json\/wp\/v2\/types\/page"}],"author":[{"embeddable":true,"href":"https:\/\/www.oddset.de\/blog\/wp-json\/wp\/v2\/users\/21"}],"replies":[{"embeddable":true,"href":"https:\/\/www.oddset.de\/blog\/wp-json\/wp\/v2\/comments?post=100600"}],"version-history":[{"count":67,"href":"https:\/\/www.oddset.de\/blog\/wp-json\/wp\/v2\/pages\/100600\/revisions"}],"predecessor-version":[{"id":101589,"href":"https:\/\/www.oddset.de\/blog\/wp-json\/wp\/v2\/pages\/100600\/revisions\/101589"}],"wp:featuredmedia":[{"embeddable":true,"href":"https:\/\/www.oddset.de\/blog\/wp-json\/wp\/v2\/media\/100601"}],"wp:attachment":[{"href":"https:\/\/www.oddset.de\/blog\/wp-json\/wp\/v2\/media?parent=100600"}],"curies":[{"name":"wp","href":"https:\/\/api.w.org\/{rel}","templated":true}]}}